{"id":471,"date":"2024-02-12T10:16:33","date_gmt":"2024-02-12T10:16:33","guid":{"rendered":"http:\/\/relox.de\/?page_id=167"},"modified":"2024-04-11T08:35:45","modified_gmt":"2024-04-11T08:35:45","slug":"trockneroptimierung","status":"publish","type":"page","link":"https:\/\/relox.de\/en\/trockneroptimierung\/","title":{"rendered":"Dryer optimization"},"content":{"rendered":"<div data-elementor-type=\"wp-page\" data-elementor-id=\"471\" class=\"elementor elementor-471\" data-elementor-post-type=\"page\">\n\t\t\t\t<div class=\"elementor-element elementor-element-65d0497d e-flex e-con-boxed e-con e-parent\" data-id=\"65d0497d\" data-element_type=\"container\">\n\t\t\t\t\t<div class=\"e-con-inner\">\n\t\t\t\t<div class=\"elementor-element elementor-element-74a7ff98 elementor-hidden-tablet elementor-hidden-mobile elementor-widget elementor-widget-heading\" data-id=\"74a7ff98\" data-element_type=\"widget\" data-widget_type=\"heading.default\">\n\t\t\t\t<div class=\"elementor-widget-container\">\n\t\t\t\t\t<h2 class=\"elementor-heading-title elementor-size-default\">TROCKNEROPTIMIERUNG<\/h2>\t\t\t\t<\/div>\n\t\t\t\t<\/div>\n\t\t\t\t<div class=\"elementor-element elementor-element-5b04930 elementor-hidden-desktop elementor-hidden-laptop elementor-widget elementor-widget-heading\" data-id=\"5b04930\" data-element_type=\"widget\" data-widget_type=\"heading.default\">\n\t\t\t\t<div class=\"elementor-widget-container\">\n\t\t\t\t\t<h2 class=\"elementor-heading-title elementor-size-default\">TROCKNER-OPTIMIERUNG<\/h2>\t\t\t\t<\/div>\n\t\t\t\t<\/div>\n\t\t\t\t<div class=\"elementor-element elementor-element-186eaa4b elementor-widget-divider--view-line elementor-widget elementor-widget-divider\" data-id=\"186eaa4b\" data-element_type=\"widget\" data-widget_type=\"divider.default\">\n\t\t\t\t<div class=\"elementor-widget-container\">\n\t\t\t\t\t\t\t<div class=\"elementor-divider\">\n\t\t\t<span class=\"elementor-divider-separator\">\n\t\t\t\t\t\t<\/span>\n\t\t<\/div>\n\t\t\t\t\t\t<\/div>\n\t\t\t\t<\/div>\n\t\t<div class=\"elementor-element elementor-element-5bdbb1aa e-flex e-con-boxed e-con e-child\" data-id=\"5bdbb1aa\" data-element_type=\"container\">\n\t\t\t\t\t<div class=\"e-con-inner\">\n\t\t<div class=\"elementor-element elementor-element-2122542b e-con-full e-flex e-con e-child\" data-id=\"2122542b\" data-element_type=\"container\">\n\t\t\t\t<div class=\"elementor-element elementor-element-9ecebfd elementor-widget elementor-widget-image\" data-id=\"9ecebfd\" data-element_type=\"widget\" data-widget_type=\"image.default\">\n\t\t\t\t<div class=\"elementor-widget-container\">\n\t\t\t\t\t\t\t\t\t\t\t\t\t\t\t<img fetchpriority=\"high\" decoding=\"async\" width=\"683\" height=\"1024\" src=\"https:\/\/relox.de\/wp-content\/uploads\/2024\/03\/WAL-^1-683x1024.jpg\" class=\"attachment-large size-large wp-image-2495\" alt=\"\" srcset=\"https:\/\/relox.de\/wp-content\/uploads\/2024\/03\/WAL-^1-683x1024.jpg 683w, https:\/\/relox.de\/wp-content\/uploads\/2024\/03\/WAL-^1-200x300.jpg 200w, https:\/\/relox.de\/wp-content\/uploads\/2024\/03\/WAL-^1-768x1152.jpg 768w, https:\/\/relox.de\/wp-content\/uploads\/2024\/03\/WAL-^1-1024x1536.jpg 1024w, https:\/\/relox.de\/wp-content\/uploads\/2024\/03\/WAL-^1-1365x2048.jpg 1365w, https:\/\/relox.de\/wp-content\/uploads\/2024\/03\/WAL-^1-8x12.jpg 8w, https:\/\/relox.de\/wp-content\/uploads\/2024\/03\/WAL-^1-scaled.jpg 1706w\" sizes=\"(max-width: 683px) 100vw, 683px\" \/>\t\t\t\t\t\t\t\t\t\t\t\t\t\t\t<\/div>\n\t\t\t\t<\/div>\n\t\t\t\t<div class=\"elementor-element elementor-element-f39ab83 elementor-widget elementor-widget-text-editor\" data-id=\"f39ab83\" data-element_type=\"widget\" data-widget_type=\"text-editor.default\">\n\t\t\t\t<div class=\"elementor-widget-container\">\n\t\t\t\t\t\t\t\t\t<p style=\"text-align: left;\">Air heater for printing machine<\/p>\t\t\t\t\t\t\t\t<\/div>\n\t\t\t\t<\/div>\n\t\t\t\t<\/div>\n\t\t<div class=\"elementor-element elementor-element-1f5de0 e-flex e-con-boxed e-con e-child\" data-id=\"1f5de0\" data-element_type=\"container\">\n\t\t\t\t\t<div class=\"e-con-inner\">\n\t\t\t\t<div class=\"elementor-element elementor-element-57bdb62a elementor-widget elementor-widget-text-editor\" data-id=\"57bdb62a\" data-element_type=\"widget\" data-widget_type=\"text-editor.default\">\n\t\t\t\t<div class=\"elementor-widget-container\">\n\t\t\t\t\t\t\t\t\t<div class=\"elementor-element elementor-element-f4e4de5 elementor-widget elementor-widget-text-editor\" data-id=\"f4e4de5\" data-element_type=\"widget\" data-widget_type=\"text-editor.default\"><div class=\"elementor-widget-container\"><p>Your benefit from our technology can be realised by using the free solvent heat to heat the dryer.<\/p><p>Ideally in direct correlation: Whenever production takes place, solvent-containing exhaust air is produced and at the same time heating is required at the dryer.<\/p><p>Amortisation of the RTO system including heat recovery is possible within 5 years.<\/p><p>If such a system already exists, the additional dryer optimisation is amortised within 6 months.<\/p><\/div><\/div>\t\t\t\t\t\t\t\t<\/div>\n\t\t\t\t<\/div>\n\t\t\t\t\t<\/div>\n\t\t\t\t<\/div>\n\t\t\t\t\t<\/div>\n\t\t\t\t<\/div>\n\t\t\t\t<div class=\"elementor-element elementor-element-cd0e1eb elementor-widget-divider--view-line elementor-widget elementor-widget-divider\" data-id=\"cd0e1eb\" data-element_type=\"widget\" data-widget_type=\"divider.default\">\n\t\t\t\t<div class=\"elementor-widget-container\">\n\t\t\t\t\t\t\t<div class=\"elementor-divider\">\n\t\t\t<span class=\"elementor-divider-separator\">\n\t\t\t\t\t\t<\/span>\n\t\t<\/div>\n\t\t\t\t\t\t<\/div>\n\t\t\t\t<\/div>\n\t\t\t\t\t<\/div>\n\t\t\t\t<\/div>\n\t\t\t\t<\/div>","protected":false},"excerpt":{"rendered":"<p>TROCKNEROPTIMIERUNG TROCKNER-OPTIMIERUNG Lufterhitzer f\u00fcr Druckmaschine Ihr Gewinn durch unsere Technik kann durch die Nutzung der kostenlosen L\u00f6semittelw\u00e4rme zur Trocknerheizung realisiert werden. Idealerweise in direkter Korrelation: Immer wenn produziert wird, f\u00e4llt l\u00f6semittelhaltige Abluft an und gleichzeitig ein Heizbedarf am Trockner. Eine Amortisation der RTO-Anlage einschlie\u00dflich W\u00e4rmer\u00fcckgewinnung ist innerhalb von 5 Jahren m\u00f6glich. Existiert eine solche Anlage [&hellip;]<\/p>\n","protected":false},"author":1,"featured_media":0,"parent":0,"menu_order":0,"comment_status":"closed","ping_status":"closed","template":"","meta":{"_monsterinsights_skip_tracking":false,"_monsterinsights_sitenote_active":false,"_monsterinsights_sitenote_note":"","_monsterinsights_sitenote_category":0,"footnotes":""},"yoast_head":"<!-- This site is optimized with the Yoast SEO plugin v24.5 - https:\/\/yoast.com\/wordpress\/plugins\/seo\/ -->\n<title>Trockneroptimierung - RELOX GRUPPE<\/title>\n<meta name=\"robots\" content=\"index, follow, max-snippet:-1, max-image-preview:large, max-video-preview:-1\" \/>\n<link rel=\"canonical\" href=\"https:\/\/relox.de\/en\/trockneroptimierung\/\" \/>\n<meta property=\"og:locale\" content=\"en_GB\" \/>\n<meta property=\"og:type\" content=\"article\" \/>\n<meta property=\"og:title\" content=\"Trockneroptimierung - RELOX GRUPPE\" \/>\n<meta property=\"og:description\" content=\"TROCKNEROPTIMIERUNG TROCKNER-OPTIMIERUNG Lufterhitzer f\u00fcr Druckmaschine Ihr Gewinn durch unsere Technik kann durch die Nutzung der kostenlosen L\u00f6semittelw\u00e4rme zur Trocknerheizung realisiert werden. Idealerweise in direkter Korrelation: Immer wenn produziert wird, f\u00e4llt l\u00f6semittelhaltige Abluft an und gleichzeitig ein Heizbedarf am Trockner. Eine Amortisation der RTO-Anlage einschlie\u00dflich W\u00e4rmer\u00fcckgewinnung ist innerhalb von 5 Jahren m\u00f6glich. Existiert eine solche Anlage [&hellip;]\" \/>\n<meta property=\"og:url\" content=\"https:\/\/relox.de\/en\/trockneroptimierung\/\" \/>\n<meta property=\"og:site_name\" content=\"RELOX GRUPPE\" \/>\n<meta property=\"article:modified_time\" content=\"2024-04-11T08:35:45+00:00\" \/>\n<meta property=\"og:image\" content=\"https:\/\/relox.de\/wp-content\/uploads\/2024\/03\/WAL-1-683x1024.jpg\" \/>\n<meta name=\"twitter:card\" content=\"summary_large_image\" \/>\n<meta name=\"twitter:label1\" content=\"Estimated reading time\" \/>\n\t<meta name=\"twitter:data1\" content=\"1 minute\" \/>\n<script type=\"application\/ld+json\" class=\"yoast-schema-graph\">{\"@context\":\"https:\/\/schema.org\",\"@graph\":[{\"@type\":\"WebPage\",\"@id\":\"https:\/\/relox.de\/trockneroptimierung\/\",\"url\":\"https:\/\/relox.de\/trockneroptimierung\/\",\"name\":\"Trockneroptimierung - RELOX GRUPPE\",\"isPartOf\":{\"@id\":\"https:\/\/relox.de\/de\/#website\"},\"primaryImageOfPage\":{\"@id\":\"https:\/\/relox.de\/trockneroptimierung\/#primaryimage\"},\"image\":{\"@id\":\"https:\/\/relox.de\/trockneroptimierung\/#primaryimage\"},\"thumbnailUrl\":\"https:\/\/relox.de\/wp-content\/uploads\/2024\/03\/WAL-^1-683x1024.jpg\",\"datePublished\":\"2024-02-12T10:16:33+00:00\",\"dateModified\":\"2024-04-11T08:35:45+00:00\",\"breadcrumb\":{\"@id\":\"https:\/\/relox.de\/trockneroptimierung\/#breadcrumb\"},\"inLanguage\":\"en-GB\",\"potentialAction\":[{\"@type\":\"ReadAction\",\"target\":[\"https:\/\/relox.de\/trockneroptimierung\/\"]}]},{\"@type\":\"ImageObject\",\"inLanguage\":\"en-GB\",\"@id\":\"https:\/\/relox.de\/trockneroptimierung\/#primaryimage\",\"url\":\"https:\/\/relox.de\/wp-content\/uploads\/2024\/03\/WAL-^1-683x1024.jpg\",\"contentUrl\":\"https:\/\/relox.de\/wp-content\/uploads\/2024\/03\/WAL-^1-683x1024.jpg\"},{\"@type\":\"BreadcrumbList\",\"@id\":\"https:\/\/relox.de\/trockneroptimierung\/#breadcrumb\",\"itemListElement\":[{\"@type\":\"ListItem\",\"position\":1,\"name\":\"Startseite\",\"item\":\"https:\/\/relox.de\/\"},{\"@type\":\"ListItem\",\"position\":2,\"name\":\"Trockneroptimierung\"}]},{\"@type\":\"WebSite\",\"@id\":\"https:\/\/relox.de\/de\/#website\",\"url\":\"https:\/\/relox.de\/de\/\",\"name\":\"RELOX GRUPPE\",\"description\":\"Ihr Gewinn durch unsere Technik\",\"publisher\":{\"@id\":\"https:\/\/relox.de\/de\/#organization\"},\"potentialAction\":[{\"@type\":\"SearchAction\",\"target\":{\"@type\":\"EntryPoint\",\"urlTemplate\":\"https:\/\/relox.de\/de\/?s={search_term_string}\"},\"query-input\":{\"@type\":\"PropertyValueSpecification\",\"valueRequired\":true,\"valueName\":\"search_term_string\"}}],\"inLanguage\":\"en-GB\"},{\"@type\":\"Organization\",\"@id\":\"https:\/\/relox.de\/de\/#organization\",\"name\":\"RELOX AG\",\"url\":\"https:\/\/relox.de\/de\/\",\"logo\":{\"@type\":\"ImageObject\",\"inLanguage\":\"en-GB\",\"@id\":\"https:\/\/relox.de\/de\/#\/schema\/logo\/image\/\",\"url\":\"http:\/\/relox.de\/wp-content\/uploads\/2024\/02\/cropped-relox-logogo.png\",\"contentUrl\":\"http:\/\/relox.de\/wp-content\/uploads\/2024\/02\/cropped-relox-logogo.png\",\"width\":512,\"height\":512,\"caption\":\"RELOX AG\"},\"image\":{\"@id\":\"https:\/\/relox.de\/de\/#\/schema\/logo\/image\/\"}}]}<\/script>\n<!-- \/ Yoast SEO plugin. -->","yoast_head_json":{"title":"Trockneroptimierung - RELOX GRUPPE","robots":{"index":"index","follow":"follow","max-snippet":"max-snippet:-1","max-image-preview":"max-image-preview:large","max-video-preview":"max-video-preview:-1"},"canonical":"https:\/\/relox.de\/en\/trockneroptimierung\/","og_locale":"en_GB","og_type":"article","og_title":"Trockneroptimierung - RELOX GRUPPE","og_description":"TROCKNEROPTIMIERUNG TROCKNER-OPTIMIERUNG Lufterhitzer f\u00fcr Druckmaschine Ihr Gewinn durch unsere Technik kann durch die Nutzung der kostenlosen L\u00f6semittelw\u00e4rme zur Trocknerheizung realisiert werden. Idealerweise in direkter Korrelation: Immer wenn produziert wird, f\u00e4llt l\u00f6semittelhaltige Abluft an und gleichzeitig ein Heizbedarf am Trockner. Eine Amortisation der RTO-Anlage einschlie\u00dflich W\u00e4rmer\u00fcckgewinnung ist innerhalb von 5 Jahren m\u00f6glich. Existiert eine solche Anlage [&hellip;]","og_url":"https:\/\/relox.de\/en\/trockneroptimierung\/","og_site_name":"RELOX GRUPPE","article_modified_time":"2024-04-11T08:35:45+00:00","og_image":[{"url":"https:\/\/relox.de\/wp-content\/uploads\/2024\/03\/WAL-^1-683x1024.jpg","type":"","width":"","height":""}],"twitter_card":"summary_large_image","twitter_misc":{"Estimated reading time":"1 minute"},"schema":{"@context":"https:\/\/schema.org","@graph":[{"@type":"WebPage","@id":"https:\/\/relox.de\/trockneroptimierung\/","url":"https:\/\/relox.de\/trockneroptimierung\/","name":"Trockneroptimierung - RELOX GRUPPE","isPartOf":{"@id":"https:\/\/relox.de\/de\/#website"},"primaryImageOfPage":{"@id":"https:\/\/relox.de\/trockneroptimierung\/#primaryimage"},"image":{"@id":"https:\/\/relox.de\/trockneroptimierung\/#primaryimage"},"thumbnailUrl":"https:\/\/relox.de\/wp-content\/uploads\/2024\/03\/WAL-^1-683x1024.jpg","datePublished":"2024-02-12T10:16:33+00:00","dateModified":"2024-04-11T08:35:45+00:00","breadcrumb":{"@id":"https:\/\/relox.de\/trockneroptimierung\/#breadcrumb"},"inLanguage":"en-GB","potentialAction":[{"@type":"ReadAction","target":["https:\/\/relox.de\/trockneroptimierung\/"]}]},{"@type":"ImageObject","inLanguage":"en-GB","@id":"https:\/\/relox.de\/trockneroptimierung\/#primaryimage","url":"https:\/\/relox.de\/wp-content\/uploads\/2024\/03\/WAL-^1-683x1024.jpg","contentUrl":"https:\/\/relox.de\/wp-content\/uploads\/2024\/03\/WAL-^1-683x1024.jpg"},{"@type":"BreadcrumbList","@id":"https:\/\/relox.de\/trockneroptimierung\/#breadcrumb","itemListElement":[{"@type":"ListItem","position":1,"name":"Startseite","item":"https:\/\/relox.de\/"},{"@type":"ListItem","position":2,"name":"Trockneroptimierung"}]},{"@type":"WebSite","@id":"https:\/\/relox.de\/de\/#website","url":"https:\/\/relox.de\/de\/","name":"RELOX GRUPPE","description":"Ihr Gewinn durch unsere Technik","publisher":{"@id":"https:\/\/relox.de\/de\/#organization"},"potentialAction":[{"@type":"SearchAction","target":{"@type":"EntryPoint","urlTemplate":"https:\/\/relox.de\/de\/?s={search_term_string}"},"query-input":{"@type":"PropertyValueSpecification","valueRequired":true,"valueName":"search_term_string"}}],"inLanguage":"en-GB"},{"@type":"Organization","@id":"https:\/\/relox.de\/de\/#organization","name":"RELOX AG","url":"https:\/\/relox.de\/de\/","logo":{"@type":"ImageObject","inLanguage":"en-GB","@id":"https:\/\/relox.de\/de\/#\/schema\/logo\/image\/","url":"http:\/\/relox.de\/wp-content\/uploads\/2024\/02\/cropped-relox-logogo.png","contentUrl":"http:\/\/relox.de\/wp-content\/uploads\/2024\/02\/cropped-relox-logogo.png","width":512,"height":512,"caption":"RELOX AG"},"image":{"@id":"https:\/\/relox.de\/de\/#\/schema\/logo\/image\/"}}]}},"_links":{"self":[{"href":"https:\/\/relox.de\/en\/wp-json\/wp\/v2\/pages\/471"}],"collection":[{"href":"https:\/\/relox.de\/en\/wp-json\/wp\/v2\/pages"}],"about":[{"href":"https:\/\/relox.de\/en\/wp-json\/wp\/v2\/types\/page"}],"author":[{"embeddable":true,"href":"https:\/\/relox.de\/en\/wp-json\/wp\/v2\/users\/1"}],"replies":[{"embeddable":true,"href":"https:\/\/relox.de\/en\/wp-json\/wp\/v2\/comments?post=471"}],"version-history":[{"count":25,"href":"https:\/\/relox.de\/en\/wp-json\/wp\/v2\/pages\/471\/revisions"}],"predecessor-version":[{"id":2843,"href":"https:\/\/relox.de\/en\/wp-json\/wp\/v2\/pages\/471\/revisions\/2843"}],"wp:attachment":[{"href":"https:\/\/relox.de\/en\/wp-json\/wp\/v2\/media?parent=471"}],"curies":[{"name":"wp","href":"https:\/\/api.w.org\/{rel}","templated":true}]}}