{"id":469,"date":"2024-02-12T10:16:04","date_gmt":"2024-02-12T10:16:04","guid":{"rendered":"http:\/\/relox.de\/?page_id=163"},"modified":"2024-04-11T08:31:28","modified_gmt":"2024-04-11T08:31:28","slug":"abluftreinigung","status":"publish","type":"page","link":"https:\/\/relox.de\/en\/abluftreinigung\/","title":{"rendered":"Air pollution control"},"content":{"rendered":"<div data-elementor-type=\"wp-page\" data-elementor-id=\"469\" class=\"elementor elementor-469\" data-elementor-post-type=\"page\">\n\t\t\t\t<div class=\"elementor-element elementor-element-203445ed e-flex e-con-boxed e-con e-parent\" data-id=\"203445ed\" data-element_type=\"container\">\n\t\t\t\t\t<div class=\"e-con-inner\">\n\t\t\t\t<div class=\"elementor-element elementor-element-29062566 elementor-widget elementor-widget-heading\" data-id=\"29062566\" data-element_type=\"widget\" data-widget_type=\"heading.default\">\n\t\t\t\t<div class=\"elementor-widget-container\">\n\t\t\t\t\t<h2 class=\"elementor-heading-title elementor-size-default\">AIR POLLUTION CONTROL<\/h2>\t\t\t\t<\/div>\n\t\t\t\t<\/div>\n\t\t\t\t<div class=\"elementor-element elementor-element-1b70cf4e elementor-widget-divider--view-line elementor-widget elementor-widget-divider\" data-id=\"1b70cf4e\" data-element_type=\"widget\" data-widget_type=\"divider.default\">\n\t\t\t\t<div class=\"elementor-widget-container\">\n\t\t\t\t\t\t\t<div class=\"elementor-divider\">\n\t\t\t<span class=\"elementor-divider-separator\">\n\t\t\t\t\t\t<\/span>\n\t\t<\/div>\n\t\t\t\t\t\t<\/div>\n\t\t\t\t<\/div>\n\t\t<div class=\"elementor-element elementor-element-538d0fc3 e-flex e-con-boxed e-con e-child\" data-id=\"538d0fc3\" data-element_type=\"container\">\n\t\t\t\t\t<div class=\"e-con-inner\">\n\t\t\t\t<div class=\"elementor-element elementor-element-5b6e880 elementor-widget elementor-widget-spacer\" data-id=\"5b6e880\" data-element_type=\"widget\" data-widget_type=\"spacer.default\">\n\t\t\t\t<div class=\"elementor-widget-container\">\n\t\t\t\t\t\t\t<div class=\"elementor-spacer\">\n\t\t\t<div class=\"elementor-spacer-inner\"><\/div>\n\t\t<\/div>\n\t\t\t\t\t\t<\/div>\n\t\t\t\t<\/div>\n\t\t\t\t<div class=\"elementor-element elementor-element-a0ac9a9 elementor-widget elementor-widget-global elementor-global-2793 elementor-widget-text-editor\" data-id=\"a0ac9a9\" data-element_type=\"widget\" data-widget_type=\"text-editor.default\">\n\t\t\t\t<div class=\"elementor-widget-container\">\n\t\t\t\t\t\t\t\t\t<p style=\"text-align: left;\">Our Project BRAMA<\/p>\t\t\t\t\t\t\t\t<\/div>\n\t\t\t\t<\/div>\n\t\t\t\t<div class=\"elementor-element elementor-element-91417fc elementor-widget elementor-widget-text-editor\" data-id=\"91417fc\" data-element_type=\"widget\" data-widget_type=\"text-editor.default\">\n\t\t\t\t<div class=\"elementor-widget-container\">\n\t\t\t\t\t\t\t\t\t<p>Effective measures to protect the environment are a top priority in modern industrial plants and production facilities. The purification of polluted exhaust air produced during processes is of great ecological importance.<\/p><p>RELOX TECHNIK has set itself the task of industrial exhaust air purification and develops, plans and builds exhaust air purification systems with state-of-the-art oxidation technology. Companies, particularly in the packaging, printing, painting and chemical industries, rely on the expertise and performance of the RELOX team, which has developed into an outstanding problem solver and process expert thanks to its in-depth physical and chemical knowledge and comprehensive expertise in mechanical and plant engineering.<\/p><p>Ecology and economy must not be at odds with each other. With this in mind, RELOX designs exhaust air purification systems that use less temperature and therefore less energy than conventional systems. The newly developed catalytic oxidation system, whose emissions are well below the legal limits, sets new standards. Our success lies in these results.<\/p><p>Today, RELOX is the market leader in the field of thermal and catalytic exhaust gas purification with regenerative and recuperative preheating, the manufacture of RTO systems and, thanks to its high quality standards, is in demand as a partner to industry beyond its borders.<\/p>\t\t\t\t\t\t\t\t<\/div>\n\t\t\t\t<\/div>\n\t\t\t\t\t<\/div>\n\t\t\t\t<\/div>\n\t\t\t\t<div class=\"elementor-element elementor-element-8b7477e elementor-widget-divider--view-line elementor-widget elementor-widget-divider\" data-id=\"8b7477e\" data-element_type=\"widget\" data-widget_type=\"divider.default\">\n\t\t\t\t<div class=\"elementor-widget-container\">\n\t\t\t\t\t\t\t<div class=\"elementor-divider\">\n\t\t\t<span class=\"elementor-divider-separator\">\n\t\t\t\t\t\t<\/span>\n\t\t<\/div>\n\t\t\t\t\t\t<\/div>\n\t\t\t\t<\/div>\n\t\t\t\t\t<\/div>\n\t\t\t\t<\/div>\n\t\t\t\t<\/div>","protected":false},"excerpt":{"rendered":"<p>ABLUFTREINIGUNG Unser Projekt BRAMA Wirkungsvolle Ma\u00dfnahmen zum Schutz der Umwelt haben in modernen Industrieanlagen und Produktionsst\u00e4tten h\u00f6chste Priorit\u00e4t. Von gro\u00dfer \u00f6kologischer Bedeutung ist die Reinigung der bei Prozessabl\u00e4ufen anfallenden schadstoffbelasteten Abluft. RELOX TECHNIK hat sich die industrielle Abluftreinigung zur Aufgabe gemacht und entwickelt, plant und baut Abluftreinigungsanlagen mit modernster Oxidationstechnik. Unternehmen, insbesondere aus der Verpackungs-, [&hellip;]<\/p>\n","protected":false},"author":1,"featured_media":0,"parent":0,"menu_order":0,"comment_status":"closed","ping_status":"closed","template":"","meta":{"_monsterinsights_skip_tracking":false,"_monsterinsights_sitenote_active":false,"_monsterinsights_sitenote_note":"","_monsterinsights_sitenote_category":0,"footnotes":""},"yoast_head":"<!-- This site is optimized with the Yoast SEO plugin v24.5 - https:\/\/yoast.com\/wordpress\/plugins\/seo\/ -->\n<title>Abluftreinigung - RELOX GRUPPE<\/title>\n<meta name=\"robots\" content=\"index, follow, max-snippet:-1, max-image-preview:large, max-video-preview:-1\" \/>\n<link rel=\"canonical\" href=\"https:\/\/relox.de\/en\/abluftreinigung\/\" \/>\n<meta property=\"og:locale\" content=\"en_GB\" \/>\n<meta property=\"og:type\" content=\"article\" \/>\n<meta property=\"og:title\" content=\"Abluftreinigung - RELOX GRUPPE\" \/>\n<meta property=\"og:description\" content=\"ABLUFTREINIGUNG Unser Projekt BRAMA Wirkungsvolle Ma\u00dfnahmen zum Schutz der Umwelt haben in modernen Industrieanlagen und Produktionsst\u00e4tten h\u00f6chste Priorit\u00e4t. Von gro\u00dfer \u00f6kologischer Bedeutung ist die Reinigung der bei Prozessabl\u00e4ufen anfallenden schadstoffbelasteten Abluft. RELOX TECHNIK hat sich die industrielle Abluftreinigung zur Aufgabe gemacht und entwickelt, plant und baut Abluftreinigungsanlagen mit modernster Oxidationstechnik. Unternehmen, insbesondere aus der Verpackungs-, [&hellip;]\" \/>\n<meta property=\"og:url\" content=\"https:\/\/relox.de\/en\/abluftreinigung\/\" \/>\n<meta property=\"og:site_name\" content=\"RELOX GRUPPE\" \/>\n<meta property=\"article:modified_time\" content=\"2024-04-11T08:31:28+00:00\" \/>\n<meta name=\"twitter:card\" content=\"summary_large_image\" \/>\n<meta name=\"twitter:label1\" content=\"Estimated reading time\" \/>\n\t<meta name=\"twitter:data1\" content=\"1 minute\" \/>\n<script type=\"application\/ld+json\" class=\"yoast-schema-graph\">{\"@context\":\"https:\/\/schema.org\",\"@graph\":[{\"@type\":\"WebPage\",\"@id\":\"https:\/\/relox.de\/abluftreinigung\/\",\"url\":\"https:\/\/relox.de\/abluftreinigung\/\",\"name\":\"Abluftreinigung - RELOX GRUPPE\",\"isPartOf\":{\"@id\":\"https:\/\/relox.de\/de\/#website\"},\"datePublished\":\"2024-02-12T10:16:04+00:00\",\"dateModified\":\"2024-04-11T08:31:28+00:00\",\"breadcrumb\":{\"@id\":\"https:\/\/relox.de\/abluftreinigung\/#breadcrumb\"},\"inLanguage\":\"en-GB\",\"potentialAction\":[{\"@type\":\"ReadAction\",\"target\":[\"https:\/\/relox.de\/abluftreinigung\/\"]}]},{\"@type\":\"BreadcrumbList\",\"@id\":\"https:\/\/relox.de\/abluftreinigung\/#breadcrumb\",\"itemListElement\":[{\"@type\":\"ListItem\",\"position\":1,\"name\":\"Startseite\",\"item\":\"https:\/\/relox.de\/\"},{\"@type\":\"ListItem\",\"position\":2,\"name\":\"Abluftreinigung\"}]},{\"@type\":\"WebSite\",\"@id\":\"https:\/\/relox.de\/de\/#website\",\"url\":\"https:\/\/relox.de\/de\/\",\"name\":\"RELOX GRUPPE\",\"description\":\"Ihr Gewinn durch unsere Technik\",\"publisher\":{\"@id\":\"https:\/\/relox.de\/de\/#organization\"},\"potentialAction\":[{\"@type\":\"SearchAction\",\"target\":{\"@type\":\"EntryPoint\",\"urlTemplate\":\"https:\/\/relox.de\/de\/?s={search_term_string}\"},\"query-input\":{\"@type\":\"PropertyValueSpecification\",\"valueRequired\":true,\"valueName\":\"search_term_string\"}}],\"inLanguage\":\"en-GB\"},{\"@type\":\"Organization\",\"@id\":\"https:\/\/relox.de\/de\/#organization\",\"name\":\"RELOX AG\",\"url\":\"https:\/\/relox.de\/de\/\",\"logo\":{\"@type\":\"ImageObject\",\"inLanguage\":\"en-GB\",\"@id\":\"https:\/\/relox.de\/de\/#\/schema\/logo\/image\/\",\"url\":\"http:\/\/relox.de\/wp-content\/uploads\/2024\/02\/cropped-relox-logogo.png\",\"contentUrl\":\"http:\/\/relox.de\/wp-content\/uploads\/2024\/02\/cropped-relox-logogo.png\",\"width\":512,\"height\":512,\"caption\":\"RELOX AG\"},\"image\":{\"@id\":\"https:\/\/relox.de\/de\/#\/schema\/logo\/image\/\"}}]}<\/script>\n<!-- \/ Yoast SEO plugin. -->","yoast_head_json":{"title":"Abluftreinigung - RELOX GRUPPE","robots":{"index":"index","follow":"follow","max-snippet":"max-snippet:-1","max-image-preview":"max-image-preview:large","max-video-preview":"max-video-preview:-1"},"canonical":"https:\/\/relox.de\/en\/abluftreinigung\/","og_locale":"en_GB","og_type":"article","og_title":"Abluftreinigung - RELOX GRUPPE","og_description":"ABLUFTREINIGUNG Unser Projekt BRAMA Wirkungsvolle Ma\u00dfnahmen zum Schutz der Umwelt haben in modernen Industrieanlagen und Produktionsst\u00e4tten h\u00f6chste Priorit\u00e4t. Von gro\u00dfer \u00f6kologischer Bedeutung ist die Reinigung der bei Prozessabl\u00e4ufen anfallenden schadstoffbelasteten Abluft. RELOX TECHNIK hat sich die industrielle Abluftreinigung zur Aufgabe gemacht und entwickelt, plant und baut Abluftreinigungsanlagen mit modernster Oxidationstechnik. Unternehmen, insbesondere aus der Verpackungs-, [&hellip;]","og_url":"https:\/\/relox.de\/en\/abluftreinigung\/","og_site_name":"RELOX GRUPPE","article_modified_time":"2024-04-11T08:31:28+00:00","twitter_card":"summary_large_image","twitter_misc":{"Estimated reading time":"1 minute"},"schema":{"@context":"https:\/\/schema.org","@graph":[{"@type":"WebPage","@id":"https:\/\/relox.de\/abluftreinigung\/","url":"https:\/\/relox.de\/abluftreinigung\/","name":"Abluftreinigung - RELOX GRUPPE","isPartOf":{"@id":"https:\/\/relox.de\/de\/#website"},"datePublished":"2024-02-12T10:16:04+00:00","dateModified":"2024-04-11T08:31:28+00:00","breadcrumb":{"@id":"https:\/\/relox.de\/abluftreinigung\/#breadcrumb"},"inLanguage":"en-GB","potentialAction":[{"@type":"ReadAction","target":["https:\/\/relox.de\/abluftreinigung\/"]}]},{"@type":"BreadcrumbList","@id":"https:\/\/relox.de\/abluftreinigung\/#breadcrumb","itemListElement":[{"@type":"ListItem","position":1,"name":"Startseite","item":"https:\/\/relox.de\/"},{"@type":"ListItem","position":2,"name":"Abluftreinigung"}]},{"@type":"WebSite","@id":"https:\/\/relox.de\/de\/#website","url":"https:\/\/relox.de\/de\/","name":"RELOX GRUPPE","description":"Ihr Gewinn durch unsere Technik","publisher":{"@id":"https:\/\/relox.de\/de\/#organization"},"potentialAction":[{"@type":"SearchAction","target":{"@type":"EntryPoint","urlTemplate":"https:\/\/relox.de\/de\/?s={search_term_string}"},"query-input":{"@type":"PropertyValueSpecification","valueRequired":true,"valueName":"search_term_string"}}],"inLanguage":"en-GB"},{"@type":"Organization","@id":"https:\/\/relox.de\/de\/#organization","name":"RELOX AG","url":"https:\/\/relox.de\/de\/","logo":{"@type":"ImageObject","inLanguage":"en-GB","@id":"https:\/\/relox.de\/de\/#\/schema\/logo\/image\/","url":"http:\/\/relox.de\/wp-content\/uploads\/2024\/02\/cropped-relox-logogo.png","contentUrl":"http:\/\/relox.de\/wp-content\/uploads\/2024\/02\/cropped-relox-logogo.png","width":512,"height":512,"caption":"RELOX AG"},"image":{"@id":"https:\/\/relox.de\/de\/#\/schema\/logo\/image\/"}}]}},"_links":{"self":[{"href":"https:\/\/relox.de\/en\/wp-json\/wp\/v2\/pages\/469"}],"collection":[{"href":"https:\/\/relox.de\/en\/wp-json\/wp\/v2\/pages"}],"about":[{"href":"https:\/\/relox.de\/en\/wp-json\/wp\/v2\/types\/page"}],"author":[{"embeddable":true,"href":"https:\/\/relox.de\/en\/wp-json\/wp\/v2\/users\/1"}],"replies":[{"embeddable":true,"href":"https:\/\/relox.de\/en\/wp-json\/wp\/v2\/comments?post=469"}],"version-history":[{"count":90,"href":"https:\/\/relox.de\/en\/wp-json\/wp\/v2\/pages\/469\/revisions"}],"predecessor-version":[{"id":2822,"href":"https:\/\/relox.de\/en\/wp-json\/wp\/v2\/pages\/469\/revisions\/2822"}],"wp:attachment":[{"href":"https:\/\/relox.de\/en\/wp-json\/wp\/v2\/media?parent=469"}],"curies":[{"name":"wp","href":"https:\/\/api.w.org\/{rel}","templated":true}]}}