{"id":2177,"date":"2024-02-27T08:29:50","date_gmt":"2024-02-27T08:29:50","guid":{"rendered":"https:\/\/relox.de\/?page_id=2177"},"modified":"2024-03-19T12:38:39","modified_gmt":"2024-03-19T12:38:39","slug":"zusammenarbeit","status":"publish","type":"page","link":"https:\/\/relox.de\/en\/zusammenarbeit\/","title":{"rendered":"Cooperation"},"content":{"rendered":"<div data-elementor-type=\"wp-page\" data-elementor-id=\"2177\" class=\"elementor elementor-2177\" data-elementor-post-type=\"page\">\n\t\t\t\t<div class=\"elementor-element elementor-element-29ac3efe e-flex e-con-boxed e-con e-parent\" data-id=\"29ac3efe\" data-element_type=\"container\">\n\t\t\t\t\t<div class=\"e-con-inner\">\n\t\t\t\t<div class=\"elementor-element elementor-element-79c0cc9d elementor-widget elementor-widget-heading\" data-id=\"79c0cc9d\" data-element_type=\"widget\" data-widget_type=\"heading.default\">\n\t\t\t\t<div class=\"elementor-widget-container\">\n\t\t\t\t\t<h2 class=\"elementor-heading-title elementor-size-default\">Cooperation<\/h2>\t\t\t\t<\/div>\n\t\t\t\t<\/div>\n\t\t\t\t<div class=\"elementor-element elementor-element-265d186c elementor-widget-divider--view-line elementor-widget elementor-widget-divider\" data-id=\"265d186c\" data-element_type=\"widget\" data-widget_type=\"divider.default\">\n\t\t\t\t<div class=\"elementor-widget-container\">\n\t\t\t\t\t\t\t<div class=\"elementor-divider\">\n\t\t\t<span class=\"elementor-divider-separator\">\n\t\t\t\t\t\t<\/span>\n\t\t<\/div>\n\t\t\t\t\t\t<\/div>\n\t\t\t\t<\/div>\n\t\t\t\t<div class=\"elementor-element elementor-element-23be3b7 elementor-widget elementor-widget-text-editor\" data-id=\"23be3b7\" data-element_type=\"widget\" data-widget_type=\"text-editor.default\">\n\t\t\t\t<div class=\"elementor-widget-container\">\n\t\t\t\t\t\t\t\t\t<div class=\"elementor-element elementor-element-f4e4de5 elementor-widget elementor-widget-text-editor\" data-id=\"f4e4de5\" data-element_type=\"widget\" data-widget_type=\"text-editor.default\"><div class=\"elementor-widget-container\"><p>Our co-operation is the key to successful projects. The Relox Group maintains close partnerships with a large number of manufacturers and representatives. These collaborations enable us to develop innovative solutions and provide high-quality products that meet our customers' requirements. Our commitment to effective collaboration enables us to develop customised solutions and successfully implement projects together with our partners.<\/p><\/div><\/div>\t\t\t\t\t\t\t\t<\/div>\n\t\t\t\t<\/div>\n\t\t<div class=\"elementor-element elementor-element-26d76dbd e-flex e-con-boxed e-con e-child\" data-id=\"26d76dbd\" data-element_type=\"container\">\n\t\t\t\t\t<div class=\"e-con-inner\">\n\t\t<div class=\"elementor-element elementor-element-62d7255b e-flex e-con-boxed e-con e-child\" data-id=\"62d7255b\" data-element_type=\"container\">\n\t\t\t\t\t<div class=\"e-con-inner\">\n\t\t\t\t<div class=\"elementor-element elementor-element-1f669035 elementor-widget elementor-widget-image\" data-id=\"1f669035\" data-element_type=\"widget\" data-widget_type=\"image.default\">\n\t\t\t\t<div class=\"elementor-widget-container\">\n\t\t\t\t\t\t\t\t\t\t\t\t\t\t\t<img decoding=\"async\" width=\"300\" height=\"90\" src=\"https:\/\/relox.de\/wp-content\/uploads\/2024\/02\/Cervitech-Logo-RB_inverted-300x90-1.png\" class=\"attachment-large size-large wp-image-2202\" alt=\"\" srcset=\"https:\/\/relox.de\/wp-content\/uploads\/2024\/02\/Cervitech-Logo-RB_inverted-300x90-1.png 300w, https:\/\/relox.de\/wp-content\/uploads\/2024\/02\/Cervitech-Logo-RB_inverted-300x90-1-18x5.png 18w\" sizes=\"(max-width: 300px) 100vw, 300px\" \/>\t\t\t\t\t\t\t\t\t\t\t\t\t\t\t<\/div>\n\t\t\t\t<\/div>\n\t\t\t\t\t<\/div>\n\t\t\t\t<\/div>\n\t\t<div class=\"elementor-element elementor-element-172d2f64 e-flex e-con-boxed e-con e-child\" data-id=\"172d2f64\" data-element_type=\"container\">\n\t\t\t\t\t<div class=\"e-con-inner\">\n\t\t\t\t<div class=\"elementor-element elementor-element-a723d99 elementor-widget elementor-widget-heading\" data-id=\"a723d99\" data-element_type=\"widget\" data-widget_type=\"heading.default\">\n\t\t\t\t<div class=\"elementor-widget-container\">\n\t\t\t\t\t<h2 class=\"elementor-heading-title elementor-size-default\">CERVITECH<\/h2>\t\t\t\t<\/div>\n\t\t\t\t<\/div>\n\t\t\t\t<div class=\"elementor-element elementor-element-545f109f elementor-widget elementor-widget-text-editor\" data-id=\"545f109f\" data-element_type=\"widget\" data-widget_type=\"text-editor.default\">\n\t\t\t\t<div class=\"elementor-widget-container\">\n\t\t\t\t\t\t\t\t\t<div class=\"elementor-element elementor-element-f4e4de5 elementor-widget elementor-widget-text-editor\" data-id=\"f4e4de5\" data-element_type=\"widget\" data-widget_type=\"text-editor.default\"><div class=\"elementor-widget-container\"><p>Cervitech offers professional technical management services. With over 20 years of international experience in technical projects, they stand for expertise, reliability and outstanding service. Our collaboration with Cervitech enables us to jointly develop customised solutions and offer our customers added value.<\/p><\/div><\/div>\t\t\t\t\t\t\t\t<\/div>\n\t\t\t\t<\/div>\n\t\t\t\t\t<\/div>\n\t\t\t\t<\/div>\n\t\t\t\t\t<\/div>\n\t\t\t\t<\/div>\n\t\t\t\t<div class=\"elementor-element elementor-element-fb5bc9a elementor-align-justify elementor-widget elementor-widget-button\" data-id=\"fb5bc9a\" data-element_type=\"widget\" data-widget_type=\"button.default\">\n\t\t\t\t<div class=\"elementor-widget-container\">\n\t\t\t\t\t\t\t\t\t<div class=\"elementor-button-wrapper\">\n\t\t\t\t\t<a class=\"elementor-button elementor-button-link elementor-size-md\" href=\"https:\/\/www.cervitech.nl\/\">\n\t\t\t\t\t\t<span class=\"elementor-button-content-wrapper\">\n\t\t\t\t\t\t\t\t\t<span class=\"elementor-button-text\">To Website<\/span>\n\t\t\t\t\t<\/span>\n\t\t\t\t\t<\/a>\n\t\t\t\t<\/div>\n\t\t\t\t\t\t\t\t<\/div>\n\t\t\t\t<\/div>\n\t\t\t\t<div class=\"elementor-element elementor-element-0565f5a elementor-widget-divider--view-line elementor-widget elementor-widget-divider\" data-id=\"0565f5a\" data-element_type=\"widget\" data-widget_type=\"divider.default\">\n\t\t\t\t<div class=\"elementor-widget-container\">\n\t\t\t\t\t\t\t<div class=\"elementor-divider\">\n\t\t\t<span class=\"elementor-divider-separator\">\n\t\t\t\t\t\t<\/span>\n\t\t<\/div>\n\t\t\t\t\t\t<\/div>\n\t\t\t\t<\/div>\n\t\t<div class=\"elementor-element elementor-element-4d3ee3f0 e-flex e-con-boxed e-con e-child\" data-id=\"4d3ee3f0\" data-element_type=\"container\">\n\t\t\t\t\t<div class=\"e-con-inner\">\n\t\t<div class=\"elementor-element elementor-element-36542428 e-flex e-con-boxed e-con e-child\" data-id=\"36542428\" data-element_type=\"container\">\n\t\t\t\t\t<div class=\"e-con-inner\">\n\t\t\t\t<div class=\"elementor-element elementor-element-b831b50 elementor-widget elementor-widget-heading\" data-id=\"b831b50\" data-element_type=\"widget\" data-widget_type=\"heading.default\">\n\t\t\t\t<div class=\"elementor-widget-container\">\n\t\t\t\t\t<h2 class=\"elementor-heading-title elementor-size-default\">ENVIROXI 2.0<\/h2>\t\t\t\t<\/div>\n\t\t\t\t<\/div>\n\t\t\t\t<div class=\"elementor-element elementor-element-f824214 elementor-widget elementor-widget-text-editor\" data-id=\"f824214\" data-element_type=\"widget\" data-widget_type=\"text-editor.default\">\n\t\t\t\t<div class=\"elementor-widget-container\">\n\t\t\t\t\t\t\t\t\t<div class=\"elementor-element elementor-element-f4e4de5 elementor-widget elementor-widget-text-editor\" data-id=\"f4e4de5\" data-element_type=\"widget\" data-widget_type=\"text-editor.default\"><div class=\"elementor-widget-container\"><p>Enviroxi 2.0 is the company within the Xifra family that focuses on the development and manufacture of systems for primary printing presses. Enviroxi 2.0 has been producing solvent recovery systems, cleaning systems, solvent logistics, ink logistics, gas and electricity saving systems for various printing press systems since 1992 and offers its customers solutions to improve productivity and reduce costs.<\/p><\/div><\/div>\t\t\t\t\t\t\t\t<\/div>\n\t\t\t\t<\/div>\n\t\t\t\t\t<\/div>\n\t\t\t\t<\/div>\n\t\t<div class=\"elementor-element elementor-element-3a137580 e-flex e-con-boxed e-con e-child\" data-id=\"3a137580\" data-element_type=\"container\">\n\t\t\t\t\t<div class=\"e-con-inner\">\n\t\t\t\t<div class=\"elementor-element elementor-element-55756d8d elementor-widget elementor-widget-image\" data-id=\"55756d8d\" data-element_type=\"widget\" data-widget_type=\"image.default\">\n\t\t\t\t<div class=\"elementor-widget-container\">\n\t\t\t\t\t\t\t\t\t\t\t\t\t\t\t<img fetchpriority=\"high\" decoding=\"async\" width=\"525\" height=\"189\" src=\"https:\/\/relox.de\/wp-content\/uploads\/2024\/02\/logo-1-1.png\" class=\"attachment-large size-large wp-image-2203\" alt=\"\" srcset=\"https:\/\/relox.de\/wp-content\/uploads\/2024\/02\/logo-1-1.png 525w, https:\/\/relox.de\/wp-content\/uploads\/2024\/02\/logo-1-1-300x108.png 300w, https:\/\/relox.de\/wp-content\/uploads\/2024\/02\/logo-1-1-18x6.png 18w\" sizes=\"(max-width: 525px) 100vw, 525px\" \/>\t\t\t\t\t\t\t\t\t\t\t\t\t\t\t<\/div>\n\t\t\t\t<\/div>\n\t\t\t\t\t<\/div>\n\t\t\t\t<\/div>\n\t\t\t\t\t<\/div>\n\t\t\t\t<\/div>\n\t\t\t\t<div class=\"elementor-element elementor-element-4668491 elementor-align-justify elementor-widget elementor-widget-button\" data-id=\"4668491\" data-element_type=\"widget\" data-widget_type=\"button.default\">\n\t\t\t\t<div class=\"elementor-widget-container\">\n\t\t\t\t\t\t\t\t\t<div class=\"elementor-button-wrapper\">\n\t\t\t\t\t<a class=\"elementor-button elementor-button-link elementor-size-md\" href=\"https:\/\/enviroxi.com\/\">\n\t\t\t\t\t\t<span class=\"elementor-button-content-wrapper\">\n\t\t\t\t\t\t\t\t\t<span class=\"elementor-button-text\">To Website<\/span>\n\t\t\t\t\t<\/span>\n\t\t\t\t\t<\/a>\n\t\t\t\t<\/div>\n\t\t\t\t\t\t\t\t<\/div>\n\t\t\t\t<\/div>\n\t\t\t\t<div class=\"elementor-element elementor-element-79d3d4f elementor-widget-divider--view-line elementor-widget elementor-widget-divider\" data-id=\"79d3d4f\" data-element_type=\"widget\" data-widget_type=\"divider.default\">\n\t\t\t\t<div class=\"elementor-widget-container\">\n\t\t\t\t\t\t\t<div class=\"elementor-divider\">\n\t\t\t<span class=\"elementor-divider-separator\">\n\t\t\t\t\t\t<\/span>\n\t\t<\/div>\n\t\t\t\t\t\t<\/div>\n\t\t\t\t<\/div>\n\t\t<div class=\"elementor-element elementor-element-ef04483 e-flex e-con-boxed e-con e-child\" data-id=\"ef04483\" data-element_type=\"container\">\n\t\t\t\t\t<div class=\"e-con-inner\">\n\t\t<div class=\"elementor-element elementor-element-24c2aa5 e-flex e-con-boxed e-con e-child\" data-id=\"24c2aa5\" data-element_type=\"container\">\n\t\t\t\t\t<div class=\"e-con-inner\">\n\t\t\t\t<div class=\"elementor-element elementor-element-11e1ffb elementor-widget elementor-widget-image\" data-id=\"11e1ffb\" data-element_type=\"widget\" data-widget_type=\"image.default\">\n\t\t\t\t<div class=\"elementor-widget-container\">\n\t\t\t\t\t\t\t\t\t\t\t\t\t\t\t<img decoding=\"async\" width=\"800\" height=\"428\" src=\"https:\/\/relox.de\/wp-content\/uploads\/2024\/03\/Logo-Emipak.png\" class=\"attachment-large size-large wp-image-2601\" alt=\"\" srcset=\"https:\/\/relox.de\/wp-content\/uploads\/2024\/03\/Logo-Emipak.png 948w, https:\/\/relox.de\/wp-content\/uploads\/2024\/03\/Logo-Emipak-300x160.png 300w, https:\/\/relox.de\/wp-content\/uploads\/2024\/03\/Logo-Emipak-768x411.png 768w, https:\/\/relox.de\/wp-content\/uploads\/2024\/03\/Logo-Emipak-18x10.png 18w\" sizes=\"(max-width: 800px) 100vw, 800px\" \/>\t\t\t\t\t\t\t\t\t\t\t\t\t\t\t<\/div>\n\t\t\t\t<\/div>\n\t\t\t\t\t<\/div>\n\t\t\t\t<\/div>\n\t\t<div class=\"elementor-element elementor-element-1b37085 e-flex e-con-boxed e-con e-child\" data-id=\"1b37085\" data-element_type=\"container\">\n\t\t\t\t\t<div class=\"e-con-inner\">\n\t\t\t\t<div class=\"elementor-element elementor-element-fa98cde elementor-widget elementor-widget-heading\" data-id=\"fa98cde\" data-element_type=\"widget\" data-widget_type=\"heading.default\">\n\t\t\t\t<div class=\"elementor-widget-container\">\n\t\t\t\t\t<h2 class=\"elementor-heading-title elementor-size-default\">EMIPAK<\/h2>\t\t\t\t<\/div>\n\t\t\t\t<\/div>\n\t\t\t\t<div class=\"elementor-element elementor-element-0ccf01d elementor-widget elementor-widget-text-editor\" data-id=\"0ccf01d\" data-element_type=\"widget\" data-widget_type=\"text-editor.default\">\n\t\t\t\t<div class=\"elementor-widget-container\">\n\t\t\t\t\t\t\t\t\t<div class=\"elementor-element elementor-element-f4e4de5 elementor-widget elementor-widget-text-editor\" data-id=\"f4e4de5\" data-element_type=\"widget\" data-widget_type=\"text-editor.default\"><div class=\"elementor-widget-container\"><p>Emipak is a family-owned company with a rich history and experience in the confectionery and printing industry. Since their foundation in 2001, they have built strong relationships with various industries and established themselves as a leading provider of packaging and printing solutions. With a dedicated team of qualified engineers, they offer first-class advice and support their customers in developing innovative solutions. We are delighted to be working with EMIPAK and to be part of their success.<\/p><\/div><\/div>\t\t\t\t\t\t\t\t<\/div>\n\t\t\t\t<\/div>\n\t\t\t\t\t<\/div>\n\t\t\t\t<\/div>\n\t\t\t\t\t<\/div>\n\t\t\t\t<\/div>\n\t\t\t\t<div class=\"elementor-element elementor-element-d1853d2 elementor-align-justify elementor-widget elementor-widget-button\" data-id=\"d1853d2\" data-element_type=\"widget\" data-widget_type=\"button.default\">\n\t\t\t\t<div class=\"elementor-widget-container\">\n\t\t\t\t\t\t\t\t\t<div class=\"elementor-button-wrapper\">\n\t\t\t\t\t<a class=\"elementor-button elementor-button-link elementor-size-md\" href=\"https:\/\/emipak.com.pl\/\">\n\t\t\t\t\t\t<span class=\"elementor-button-content-wrapper\">\n\t\t\t\t\t\t\t\t\t<span class=\"elementor-button-text\">To Website<\/span>\n\t\t\t\t\t<\/span>\n\t\t\t\t\t<\/a>\n\t\t\t\t<\/div>\n\t\t\t\t\t\t\t\t<\/div>\n\t\t\t\t<\/div>\n\t\t\t\t<div class=\"elementor-element elementor-element-34b143d elementor-widget-divider--view-line elementor-widget elementor-widget-divider\" data-id=\"34b143d\" data-element_type=\"widget\" data-widget_type=\"divider.default\">\n\t\t\t\t<div class=\"elementor-widget-container\">\n\t\t\t\t\t\t\t<div class=\"elementor-divider\">\n\t\t\t<span class=\"elementor-divider-separator\">\n\t\t\t\t\t\t<\/span>\n\t\t<\/div>\n\t\t\t\t\t\t<\/div>\n\t\t\t\t<\/div>\n\t\t\t\t\t<\/div>\n\t\t\t\t<\/div>\n\t\t\t\t<\/div>","protected":false},"excerpt":{"rendered":"<p>ZUSAMMENARBEIT Unsere Zusammenarbeit ist der Schl\u00fcssel zu erfolgreichen Projekten. Die Relox Gruppe pflegt enge Partnerschaften mit einer Vielzahl von Herstellern und Vertretern. Durch diese Kooperationen k\u00f6nnen wir innovative L\u00f6sungen entwickeln und hochwertige Produkte bereitstellen, die den Anforderungen unserer Kunden entsprechen. Unser Engagement f\u00fcr eine effektive Zusammenarbeit erm\u00f6glicht es uns, gemeinsam mit unseren Partnern ma\u00dfgeschneiderte L\u00f6sungen [&hellip;]<\/p>\n","protected":false},"author":1,"featured_media":0,"parent":0,"menu_order":0,"comment_status":"closed","ping_status":"closed","template":"","meta":{"_monsterinsights_skip_tracking":false,"_monsterinsights_sitenote_active":false,"_monsterinsights_sitenote_note":"","_monsterinsights_sitenote_category":0,"footnotes":""},"yoast_head":"<!-- This site is optimized with the Yoast SEO plugin v24.5 - https:\/\/yoast.com\/wordpress\/plugins\/seo\/ -->\n<title>Zusammenarbeit - RELOX GRUPPE<\/title>\n<meta name=\"robots\" content=\"index, follow, max-snippet:-1, max-image-preview:large, max-video-preview:-1\" \/>\n<link rel=\"canonical\" href=\"https:\/\/relox.de\/en\/zusammenarbeit\/\" \/>\n<meta property=\"og:locale\" content=\"en_GB\" \/>\n<meta property=\"og:type\" content=\"article\" \/>\n<meta property=\"og:title\" content=\"Zusammenarbeit - RELOX GRUPPE\" \/>\n<meta property=\"og:description\" content=\"ZUSAMMENARBEIT Unsere Zusammenarbeit ist der Schl\u00fcssel zu erfolgreichen Projekten. Die Relox Gruppe pflegt enge Partnerschaften mit einer Vielzahl von Herstellern und Vertretern. Durch diese Kooperationen k\u00f6nnen wir innovative L\u00f6sungen entwickeln und hochwertige Produkte bereitstellen, die den Anforderungen unserer Kunden entsprechen. Unser Engagement f\u00fcr eine effektive Zusammenarbeit erm\u00f6glicht es uns, gemeinsam mit unseren Partnern ma\u00dfgeschneiderte L\u00f6sungen [&hellip;]\" \/>\n<meta property=\"og:url\" content=\"https:\/\/relox.de\/en\/zusammenarbeit\/\" \/>\n<meta property=\"og:site_name\" content=\"RELOX GRUPPE\" \/>\n<meta property=\"article:modified_time\" content=\"2024-03-19T12:38:39+00:00\" \/>\n<meta property=\"og:image\" content=\"https:\/\/relox.de\/wp-content\/uploads\/2024\/02\/Cervitech-Logo-RB_inverted-300x90-1.png\" \/>\n<meta name=\"twitter:card\" content=\"summary_large_image\" \/>\n<meta name=\"twitter:label1\" content=\"Estimated reading time\" \/>\n\t<meta name=\"twitter:data1\" content=\"4 minutes\" \/>\n<script type=\"application\/ld+json\" class=\"yoast-schema-graph\">{\"@context\":\"https:\/\/schema.org\",\"@graph\":[{\"@type\":\"WebPage\",\"@id\":\"https:\/\/relox.de\/zusammenarbeit\/\",\"url\":\"https:\/\/relox.de\/zusammenarbeit\/\",\"name\":\"Zusammenarbeit - RELOX GRUPPE\",\"isPartOf\":{\"@id\":\"https:\/\/relox.de\/de\/#website\"},\"primaryImageOfPage\":{\"@id\":\"https:\/\/relox.de\/zusammenarbeit\/#primaryimage\"},\"image\":{\"@id\":\"https:\/\/relox.de\/zusammenarbeit\/#primaryimage\"},\"thumbnailUrl\":\"https:\/\/relox.de\/wp-content\/uploads\/2024\/02\/Cervitech-Logo-RB_inverted-300x90-1.png\",\"datePublished\":\"2024-02-27T08:29:50+00:00\",\"dateModified\":\"2024-03-19T12:38:39+00:00\",\"breadcrumb\":{\"@id\":\"https:\/\/relox.de\/zusammenarbeit\/#breadcrumb\"},\"inLanguage\":\"en-GB\",\"potentialAction\":[{\"@type\":\"ReadAction\",\"target\":[\"https:\/\/relox.de\/zusammenarbeit\/\"]}]},{\"@type\":\"ImageObject\",\"inLanguage\":\"en-GB\",\"@id\":\"https:\/\/relox.de\/zusammenarbeit\/#primaryimage\",\"url\":\"https:\/\/relox.de\/wp-content\/uploads\/2024\/02\/Cervitech-Logo-RB_inverted-300x90-1.png\",\"contentUrl\":\"https:\/\/relox.de\/wp-content\/uploads\/2024\/02\/Cervitech-Logo-RB_inverted-300x90-1.png\"},{\"@type\":\"BreadcrumbList\",\"@id\":\"https:\/\/relox.de\/zusammenarbeit\/#breadcrumb\",\"itemListElement\":[{\"@type\":\"ListItem\",\"position\":1,\"name\":\"Startseite\",\"item\":\"https:\/\/relox.de\/\"},{\"@type\":\"ListItem\",\"position\":2,\"name\":\"Zusammenarbeit\"}]},{\"@type\":\"WebSite\",\"@id\":\"https:\/\/relox.de\/de\/#website\",\"url\":\"https:\/\/relox.de\/de\/\",\"name\":\"RELOX GRUPPE\",\"description\":\"Ihr Gewinn durch unsere Technik\",\"publisher\":{\"@id\":\"https:\/\/relox.de\/de\/#organization\"},\"potentialAction\":[{\"@type\":\"SearchAction\",\"target\":{\"@type\":\"EntryPoint\",\"urlTemplate\":\"https:\/\/relox.de\/de\/?s={search_term_string}\"},\"query-input\":{\"@type\":\"PropertyValueSpecification\",\"valueRequired\":true,\"valueName\":\"search_term_string\"}}],\"inLanguage\":\"en-GB\"},{\"@type\":\"Organization\",\"@id\":\"https:\/\/relox.de\/de\/#organization\",\"name\":\"RELOX AG\",\"url\":\"https:\/\/relox.de\/de\/\",\"logo\":{\"@type\":\"ImageObject\",\"inLanguage\":\"en-GB\",\"@id\":\"https:\/\/relox.de\/de\/#\/schema\/logo\/image\/\",\"url\":\"http:\/\/relox.de\/wp-content\/uploads\/2024\/02\/cropped-relox-logogo.png\",\"contentUrl\":\"http:\/\/relox.de\/wp-content\/uploads\/2024\/02\/cropped-relox-logogo.png\",\"width\":512,\"height\":512,\"caption\":\"RELOX AG\"},\"image\":{\"@id\":\"https:\/\/relox.de\/de\/#\/schema\/logo\/image\/\"}}]}<\/script>\n<!-- \/ Yoast SEO plugin. -->","yoast_head_json":{"title":"Zusammenarbeit - RELOX GRUPPE","robots":{"index":"index","follow":"follow","max-snippet":"max-snippet:-1","max-image-preview":"max-image-preview:large","max-video-preview":"max-video-preview:-1"},"canonical":"https:\/\/relox.de\/en\/zusammenarbeit\/","og_locale":"en_GB","og_type":"article","og_title":"Zusammenarbeit - RELOX GRUPPE","og_description":"ZUSAMMENARBEIT Unsere Zusammenarbeit ist der Schl\u00fcssel zu erfolgreichen Projekten. Die Relox Gruppe pflegt enge Partnerschaften mit einer Vielzahl von Herstellern und Vertretern. Durch diese Kooperationen k\u00f6nnen wir innovative L\u00f6sungen entwickeln und hochwertige Produkte bereitstellen, die den Anforderungen unserer Kunden entsprechen. Unser Engagement f\u00fcr eine effektive Zusammenarbeit erm\u00f6glicht es uns, gemeinsam mit unseren Partnern ma\u00dfgeschneiderte L\u00f6sungen [&hellip;]","og_url":"https:\/\/relox.de\/en\/zusammenarbeit\/","og_site_name":"RELOX GRUPPE","article_modified_time":"2024-03-19T12:38:39+00:00","og_image":[{"url":"https:\/\/relox.de\/wp-content\/uploads\/2024\/02\/Cervitech-Logo-RB_inverted-300x90-1.png","type":"","width":"","height":""}],"twitter_card":"summary_large_image","twitter_misc":{"Estimated reading time":"4 minutes"},"schema":{"@context":"https:\/\/schema.org","@graph":[{"@type":"WebPage","@id":"https:\/\/relox.de\/zusammenarbeit\/","url":"https:\/\/relox.de\/zusammenarbeit\/","name":"Zusammenarbeit - RELOX GRUPPE","isPartOf":{"@id":"https:\/\/relox.de\/de\/#website"},"primaryImageOfPage":{"@id":"https:\/\/relox.de\/zusammenarbeit\/#primaryimage"},"image":{"@id":"https:\/\/relox.de\/zusammenarbeit\/#primaryimage"},"thumbnailUrl":"https:\/\/relox.de\/wp-content\/uploads\/2024\/02\/Cervitech-Logo-RB_inverted-300x90-1.png","datePublished":"2024-02-27T08:29:50+00:00","dateModified":"2024-03-19T12:38:39+00:00","breadcrumb":{"@id":"https:\/\/relox.de\/zusammenarbeit\/#breadcrumb"},"inLanguage":"en-GB","potentialAction":[{"@type":"ReadAction","target":["https:\/\/relox.de\/zusammenarbeit\/"]}]},{"@type":"ImageObject","inLanguage":"en-GB","@id":"https:\/\/relox.de\/zusammenarbeit\/#primaryimage","url":"https:\/\/relox.de\/wp-content\/uploads\/2024\/02\/Cervitech-Logo-RB_inverted-300x90-1.png","contentUrl":"https:\/\/relox.de\/wp-content\/uploads\/2024\/02\/Cervitech-Logo-RB_inverted-300x90-1.png"},{"@type":"BreadcrumbList","@id":"https:\/\/relox.de\/zusammenarbeit\/#breadcrumb","itemListElement":[{"@type":"ListItem","position":1,"name":"Startseite","item":"https:\/\/relox.de\/"},{"@type":"ListItem","position":2,"name":"Zusammenarbeit"}]},{"@type":"WebSite","@id":"https:\/\/relox.de\/de\/#website","url":"https:\/\/relox.de\/de\/","name":"RELOX GRUPPE","description":"Ihr Gewinn durch unsere Technik","publisher":{"@id":"https:\/\/relox.de\/de\/#organization"},"potentialAction":[{"@type":"SearchAction","target":{"@type":"EntryPoint","urlTemplate":"https:\/\/relox.de\/de\/?s={search_term_string}"},"query-input":{"@type":"PropertyValueSpecification","valueRequired":true,"valueName":"search_term_string"}}],"inLanguage":"en-GB"},{"@type":"Organization","@id":"https:\/\/relox.de\/de\/#organization","name":"RELOX AG","url":"https:\/\/relox.de\/de\/","logo":{"@type":"ImageObject","inLanguage":"en-GB","@id":"https:\/\/relox.de\/de\/#\/schema\/logo\/image\/","url":"http:\/\/relox.de\/wp-content\/uploads\/2024\/02\/cropped-relox-logogo.png","contentUrl":"http:\/\/relox.de\/wp-content\/uploads\/2024\/02\/cropped-relox-logogo.png","width":512,"height":512,"caption":"RELOX AG"},"image":{"@id":"https:\/\/relox.de\/de\/#\/schema\/logo\/image\/"}}]}},"_links":{"self":[{"href":"https:\/\/relox.de\/en\/wp-json\/wp\/v2\/pages\/2177"}],"collection":[{"href":"https:\/\/relox.de\/en\/wp-json\/wp\/v2\/pages"}],"about":[{"href":"https:\/\/relox.de\/en\/wp-json\/wp\/v2\/types\/page"}],"author":[{"embeddable":true,"href":"https:\/\/relox.de\/en\/wp-json\/wp\/v2\/users\/1"}],"replies":[{"embeddable":true,"href":"https:\/\/relox.de\/en\/wp-json\/wp\/v2\/comments?post=2177"}],"version-history":[{"count":124,"href":"https:\/\/relox.de\/en\/wp-json\/wp\/v2\/pages\/2177\/revisions"}],"predecessor-version":[{"id":2645,"href":"https:\/\/relox.de\/en\/wp-json\/wp\/v2\/pages\/2177\/revisions\/2645"}],"wp:attachment":[{"href":"https:\/\/relox.de\/en\/wp-json\/wp\/v2\/media?parent=2177"}],"curies":[{"name":"wp","href":"https:\/\/api.w.org\/{rel}","templated":true}]}}