{"id":475,"date":"2024-02-12T10:17:32","date_gmt":"2024-02-12T10:17:32","guid":{"rendered":"http:\/\/relox.de\/?page_id=175"},"modified":"2024-02-20T13:14:10","modified_gmt":"2024-02-20T13:14:10","slug":"presseinfos","status":"publish","type":"page","link":"https:\/\/relox.de\/de\/presseinfos\/","title":{"rendered":"Presseinfos"},"content":{"rendered":"\t\t<div data-elementor-type=\"wp-page\" data-elementor-id=\"475\" class=\"elementor elementor-475\" data-elementor-post-type=\"page\">\n\t\t\t\t<div class=\"elementor-element elementor-element-106b4714 e-flex e-con-boxed e-con e-parent\" data-id=\"106b4714\" data-element_type=\"container\">\n\t\t\t\t\t<div class=\"e-con-inner\">\n\t\t<div class=\"elementor-element elementor-element-5ee548fa e-flex e-con-boxed e-con e-child\" data-id=\"5ee548fa\" data-element_type=\"container\">\n\t\t\t\t\t<div class=\"e-con-inner\">\n\t\t\t\t<div class=\"elementor-element elementor-element-282aca0c elementor-widget elementor-widget-heading\" data-id=\"282aca0c\" data-element_type=\"widget\" data-widget_type=\"heading.default\">\n\t\t\t\t<div class=\"elementor-widget-container\">\n\t\t\t\t\t<h2 class=\"elementor-heading-title elementor-size-default\">Presseinfos<\/h2>\t\t\t\t<\/div>\n\t\t\t\t<\/div>\n\t\t\t\t<div class=\"elementor-element elementor-element-a167cd9 elementor-widget-divider--view-line elementor-widget elementor-widget-divider\" data-id=\"a167cd9\" data-element_type=\"widget\" data-widget_type=\"divider.default\">\n\t\t\t\t<div class=\"elementor-widget-container\">\n\t\t\t\t\t\t\t<div class=\"elementor-divider\">\n\t\t\t<span class=\"elementor-divider-separator\">\n\t\t\t\t\t\t<\/span>\n\t\t<\/div>\n\t\t\t\t\t\t<\/div>\n\t\t\t\t<\/div>\n\t\t\t\t\t<\/div>\n\t\t\t\t<\/div>\n\t\t\t\t<div class=\"elementor-element elementor-element-3bec879 elementor-grid-1 elementor-posts--thumbnail-top elementor-grid-tablet-2 elementor-grid-mobile-1 elementor-widget elementor-widget-posts\" data-id=\"3bec879\" data-element_type=\"widget\" data-settings=\"{&quot;custom_columns&quot;:&quot;1&quot;,&quot;custom_columns_tablet&quot;:&quot;2&quot;,&quot;custom_columns_mobile&quot;:&quot;1&quot;,&quot;custom_row_gap&quot;:{&quot;unit&quot;:&quot;px&quot;,&quot;size&quot;:35,&quot;sizes&quot;:[]},&quot;custom_row_gap_laptop&quot;:{&quot;unit&quot;:&quot;px&quot;,&quot;size&quot;:&quot;&quot;,&quot;sizes&quot;:[]},&quot;custom_row_gap_tablet&quot;:{&quot;unit&quot;:&quot;px&quot;,&quot;size&quot;:&quot;&quot;,&quot;sizes&quot;:[]},&quot;custom_row_gap_mobile&quot;:{&quot;unit&quot;:&quot;px&quot;,&quot;size&quot;:&quot;&quot;,&quot;sizes&quot;:[]}}\" data-widget_type=\"posts.custom\">\n\t\t\t\t<div class=\"elementor-widget-container\">\n\t\t\t\t\t      <div class=\"ecs-posts elementor-posts-container elementor-posts   elementor-grid elementor-posts--skin-custom\" data-settings=\"{&quot;current_page&quot;:1,&quot;max_num_pages&quot;:&quot;5&quot;,&quot;load_method&quot;:&quot;&quot;,&quot;widget_id&quot;:&quot;3bec879&quot;,&quot;post_id&quot;:475,&quot;theme_id&quot;:475,&quot;change_url&quot;:false,&quot;reinit_js&quot;:false}\">\n      \t\t<article id=\"post-236\" class=\"elementor-post elementor-grid-item ecs-post-loop post-236 post type-post status-publish format-standard has-post-thumbnail hentry category-press-releases\">\n\t\t\t\t<div data-elementor-type=\"loop\" data-elementor-id=\"1959\" class=\"elementor elementor-1959 post-236 post type-post status-publish format-standard has-post-thumbnail hentry category-press-releases\" data-elementor-post-type=\"elementor_library\">\n\t\t\t<a class=\"elementor-element elementor-element-1b57cc3c e-flex e-con-boxed e-con e-parent\" data-id=\"1b57cc3c\" data-element_type=\"container\" data-settings=\"{&quot;background_background&quot;:&quot;classic&quot;}\" href=\"https:\/\/relox.de\/de\/regenus-rto-4-0\/\">\n\t\t\t\t\t<div class=\"e-con-inner\">\n\t\t<style>#post-236 .elementor-1959 .elementor-element.elementor-element-3508d596 > .elementor-widget-container{background-image: url(\"https:\/\/relox.de\/wp-content\/uploads\/2019\/03\/Rahning-Artikel-2019-02-20-1.png\");}<\/style>\t\t<div class=\"elementor-element elementor-element-3508d596 elementor-widget elementor-widget-spacer\" data-id=\"3508d596\" data-element_type=\"widget\" data-widget_type=\"spacer.default\">\n\t\t\t\t<div class=\"elementor-widget-container\">\n\t\t\t\t\t\t\t<div class=\"elementor-spacer\">\n\t\t\t<div class=\"elementor-spacer-inner\"><\/div>\n\t\t<\/div>\n\t\t\t\t\t\t<\/div>\n\t\t\t\t<\/div>\n\t\t\t\t<div class=\"elementor-element elementor-element-23c5d14f elementor-widget-divider--view-line elementor-widget elementor-widget-divider\" data-id=\"23c5d14f\" data-element_type=\"widget\" data-widget_type=\"divider.default\">\n\t\t\t\t<div class=\"elementor-widget-container\">\n\t\t\t\t\t\t\t<div class=\"elementor-divider\">\n\t\t\t<span class=\"elementor-divider-separator\">\n\t\t\t\t\t\t<\/span>\n\t\t<\/div>\n\t\t\t\t\t\t<\/div>\n\t\t\t\t<\/div>\n\t\t\t\t<div class=\"elementor-element elementor-element-131fdd43 elementor-widget elementor-widget-theme-post-title elementor-page-title elementor-widget-heading\" data-id=\"131fdd43\" data-element_type=\"widget\" data-widget_type=\"theme-post-title.default\">\n\t\t\t\t<div class=\"elementor-widget-container\">\n\t\t\t\t\t<h1 class=\"elementor-heading-title elementor-size-default\">REGENUS: RTO 4.0<\/h1>\t\t\t\t<\/div>\n\t\t\t\t<\/div>\n\t\t\t\t<div class=\"elementor-element elementor-element-dc02c3e elementor-widget elementor-widget-text-editor\" data-id=\"dc02c3e\" data-element_type=\"widget\" data-widget_type=\"text-editor.default\">\n\t\t\t\t<div class=\"elementor-widget-container\">\n\t\t\t\t\t\t\t\t\tM\u00e4rz 12, 2019\t\t\t\t\t\t\t\t<\/div>\n\t\t\t\t<\/div>\n\t\t\t\t\t<\/div>\n\t\t\t\t<\/a>\n\t\t\t\t<\/div>\n\t\t\t\t<\/article>\n\t\t\t\t<\/div>\n\t\t\t\t\t\t<\/div>\n\t\t\t\t<\/div>\n\t\t\t\t<div class=\"elementor-element elementor-element-28c85dc8 elementor-grid-1 elementor-posts--thumbnail-none elementor-grid-tablet-1 elementor-grid-mobile-1 elementor-widget elementor-widget-posts\" data-id=\"28c85dc8\" data-element_type=\"widget\" data-settings=\"{&quot;classic_columns&quot;:&quot;1&quot;,&quot;classic_row_gap&quot;:{&quot;unit&quot;:&quot;px&quot;,&quot;size&quot;:18,&quot;sizes&quot;:[]},&quot;classic_columns_tablet&quot;:&quot;1&quot;,&quot;classic_columns_mobile&quot;:&quot;1&quot;,&quot;classic_row_gap_laptop&quot;:{&quot;unit&quot;:&quot;px&quot;,&quot;size&quot;:&quot;&quot;,&quot;sizes&quot;:[]},&quot;classic_row_gap_tablet&quot;:{&quot;unit&quot;:&quot;px&quot;,&quot;size&quot;:&quot;&quot;,&quot;sizes&quot;:[]},&quot;classic_row_gap_mobile&quot;:{&quot;unit&quot;:&quot;px&quot;,&quot;size&quot;:&quot;&quot;,&quot;sizes&quot;:[]}}\" data-widget_type=\"posts.classic\">\n\t\t\t\t<div class=\"elementor-widget-container\">\n\t\t\t\t\t\t\t<div class=\"elementor-posts-container elementor-posts elementor-posts--skin-classic elementor-grid\">\n\t\t\t\t<article class=\"elementor-post elementor-grid-item post-9 post type-post status-publish format-standard has-post-thumbnail hentry category-press-releases\">\n\t\t\t\t<div class=\"elementor-post__text\">\n\t\t\t\t<h3 class=\"elementor-post__title\">\n\t\t\t<a href=\"https:\/\/relox.de\/de\/painting-industry\/\" >\n\t\t\t\tRNV (RTO) Anlagen f\u00fcr Lackierprozesse\t\t\t<\/a>\n\t\t<\/h3>\n\t\t\t\t<div class=\"elementor-post__meta-data\">\n\t\t\t\t\t<span class=\"elementor-post-date\">\n\t\t\tMai 8, 2016\t\t<\/span>\n\t\t\t\t<\/div>\n\t\t\t\t<\/div>\n\t\t\t\t<\/article>\n\t\t\t\t<article class=\"elementor-post elementor-grid-item post-35 post type-post status-publish format-standard has-post-thumbnail hentry category-press-releases\">\n\t\t\t\t<div class=\"elementor-post__text\">\n\t\t\t\t<h3 class=\"elementor-post__title\">\n\t\t\t<a href=\"https:\/\/relox.de\/de\/4-kammer-rto-anlagen\/\" >\n\t\t\t\t4 Kammer RTO-Anlagen\t\t\t<\/a>\n\t\t<\/h3>\n\t\t\t\t<div class=\"elementor-post__meta-data\">\n\t\t\t\t\t<span class=\"elementor-post-date\">\n\t\t\tAugust 5, 2015\t\t<\/span>\n\t\t\t\t<\/div>\n\t\t\t\t<\/div>\n\t\t\t\t<\/article>\n\t\t\t\t<article class=\"elementor-post elementor-grid-item post-25 post type-post status-publish format-standard has-post-thumbnail hentry category-press-releases\">\n\t\t\t\t<div class=\"elementor-post__text\">\n\t\t\t\t<h3 class=\"elementor-post__title\">\n\t\t\t<a href=\"https:\/\/relox.de\/de\/25-rto-anlagen\/\" >\n\t\t\t\t25 RTO-Anlagen\t\t\t<\/a>\n\t\t<\/h3>\n\t\t\t\t<div class=\"elementor-post__meta-data\">\n\t\t\t\t\t<span class=\"elementor-post-date\">\n\t\t\tM\u00e4rz 4, 2015\t\t<\/span>\n\t\t\t\t<\/div>\n\t\t\t\t<\/div>\n\t\t\t\t<\/article>\n\t\t\t\t<article class=\"elementor-post elementor-grid-item post-168 post type-post status-publish format-standard has-post-thumbnail hentry category-press-releases\">\n\t\t\t\t<div class=\"elementor-post__text\">\n\t\t\t\t<h3 class=\"elementor-post__title\">\n\t\t\t<a href=\"https:\/\/relox.de\/de\/paraformaldehyd\/\" >\n\t\t\t\tParaformaldehyd: Ein neues Abluftreinigungsverfahren\t\t\t<\/a>\n\t\t<\/h3>\n\t\t\t\t<div class=\"elementor-post__meta-data\">\n\t\t\t\t\t<span class=\"elementor-post-date\">\n\t\t\tOktober 29, 2014\t\t<\/span>\n\t\t\t\t<\/div>\n\t\t\t\t<\/div>\n\t\t\t\t<\/article>\n\t\t\t\t<article class=\"elementor-post elementor-grid-item post-37 post type-post status-publish format-standard has-post-thumbnail hentry category-press-releases\">\n\t\t\t\t<div class=\"elementor-post__text\">\n\t\t\t\t<h3 class=\"elementor-post__title\">\n\t\t\t<a href=\"https:\/\/relox.de\/de\/ineos-granuform-projekt\/\" >\n\t\t\t\tINEOS Granuform-Projekt\t\t\t<\/a>\n\t\t<\/h3>\n\t\t\t\t<div class=\"elementor-post__meta-data\">\n\t\t\t\t\t<span class=\"elementor-post-date\">\n\t\t\tJuli 2, 2014\t\t<\/span>\n\t\t\t\t<\/div>\n\t\t\t\t<\/div>\n\t\t\t\t<\/article>\n\t\t\t\t<article class=\"elementor-post elementor-grid-item post-170 post type-post status-publish format-standard has-post-thumbnail hentry category-press-releases\">\n\t\t\t\t<div class=\"elementor-post__text\">\n\t\t\t\t<h3 class=\"elementor-post__title\">\n\t\t\t<a href=\"https:\/\/relox.de\/de\/ineos-umweltfreundlich\/\" >\n\t\t\t\tINEOS &#8211; Umweltfreundlich und effizient\t\t\t<\/a>\n\t\t<\/h3>\n\t\t\t\t<div class=\"elementor-post__meta-data\">\n\t\t\t\t\t<span class=\"elementor-post-date\">\n\t\t\tJuni 20, 2014\t\t<\/span>\n\t\t\t\t<\/div>\n\t\t\t\t<\/div>\n\t\t\t\t<\/article>\n\t\t\t\t<article class=\"elementor-post elementor-grid-item post-39 post type-post status-publish format-standard has-post-thumbnail hentry category-press-releases\">\n\t\t\t\t<div class=\"elementor-post__text\">\n\t\t\t\t<h3 class=\"elementor-post__title\">\n\t\t\t<a href=\"https:\/\/relox.de\/de\/ineos-neue-abluftreinigung\/\" >\n\t\t\t\tINEOS &#8211; Neue Abluftreinigungsanlage in Betrieb genommen\t\t\t<\/a>\n\t\t<\/h3>\n\t\t\t\t<div class=\"elementor-post__meta-data\">\n\t\t\t\t\t<span class=\"elementor-post-date\">\n\t\t\tMai 17, 2014\t\t<\/span>\n\t\t\t\t<\/div>\n\t\t\t\t<\/div>\n\t\t\t\t<\/article>\n\t\t\t\t<article class=\"elementor-post elementor-grid-item post-15 post type-post status-publish format-standard has-post-thumbnail hentry category-press-releases\">\n\t\t\t\t<div class=\"elementor-post__text\">\n\t\t\t\t<h3 class=\"elementor-post__title\">\n\t\t\t<a href=\"https:\/\/relox.de\/de\/rto-anlagen\/\" >\n\t\t\t\tBio \u2013 Erdgas: RELOX Weltmarktf\u00fchrer bei RTO-Anlagen\t\t\t<\/a>\n\t\t<\/h3>\n\t\t\t\t<div class=\"elementor-post__meta-data\">\n\t\t\t\t\t<span class=\"elementor-post-date\">\n\t\t\tJanuar 4, 2013\t\t<\/span>\n\t\t\t\t<\/div>\n\t\t\t\t<\/div>\n\t\t\t\t<\/article>\n\t\t\t\t<article class=\"elementor-post elementor-grid-item post-18 post type-post status-publish format-standard has-post-thumbnail hentry category-press-releases\">\n\t\t\t\t<div class=\"elementor-post__text\">\n\t\t\t\t<h3 class=\"elementor-post__title\">\n\t\t\t<a href=\"https:\/\/relox.de\/de\/rto-technic-your-profit\/\" >\n\t\t\t\tRTO-Technik: Ihr Gewinn\t\t\t<\/a>\n\t\t<\/h3>\n\t\t\t\t<div class=\"elementor-post__meta-data\">\n\t\t\t\t\t<span class=\"elementor-post-date\">\n\t\t\tApril 19, 2012\t\t<\/span>\n\t\t\t\t<\/div>\n\t\t\t\t<\/div>\n\t\t\t\t<\/article>\n\t\t\t\t<article class=\"elementor-post elementor-grid-item post-209 post type-post status-publish format-standard hentry category-press-releases\">\n\t\t\t\t<div class=\"elementor-post__text\">\n\t\t\t\t<h3 class=\"elementor-post__title\">\n\t\t\t<a href=\"https:\/\/relox.de\/de\/amortisation-bei-abluftreinigung\/\" >\n\t\t\t\tAmortisation bei Abluftreinigung\t\t\t<\/a>\n\t\t<\/h3>\n\t\t\t\t<div class=\"elementor-post__meta-data\">\n\t\t\t\t\t<span class=\"elementor-post-date\">\n\t\t\tSeptember 23, 2009\t\t<\/span>\n\t\t\t\t<\/div>\n\t\t\t\t<\/div>\n\t\t\t\t<\/article>\n\t\t\t\t<article class=\"elementor-post elementor-grid-item post-206 post type-post status-publish format-standard has-post-thumbnail hentry category-press-releases\">\n\t\t\t\t<div class=\"elementor-post__text\">\n\t\t\t\t<h3 class=\"elementor-post__title\">\n\t\t\t<a href=\"https:\/\/relox.de\/de\/abluft-professionell-gereinigt\/\" >\n\t\t\t\tAbluft professionell gereinigt\t\t\t<\/a>\n\t\t<\/h3>\n\t\t\t\t<div class=\"elementor-post__meta-data\">\n\t\t\t\t\t<span class=\"elementor-post-date\">\n\t\t\tSeptember 14, 2009\t\t<\/span>\n\t\t\t\t<\/div>\n\t\t\t\t<\/div>\n\t\t\t\t<\/article>\n\t\t\t\t<article class=\"elementor-post elementor-grid-item post-202 post type-post status-publish format-standard hentry category-press-releases\">\n\t\t\t\t<div class=\"elementor-post__text\">\n\t\t\t\t<h3 class=\"elementor-post__title\">\n\t\t\t<a href=\"https:\/\/relox.de\/de\/relox-anlagen-im-aufwind\/\" >\n\t\t\t\tRELOX-Anlagen im Aufwind\t\t\t<\/a>\n\t\t<\/h3>\n\t\t\t\t<div class=\"elementor-post__meta-data\">\n\t\t\t\t\t<span class=\"elementor-post-date\">\n\t\t\tAugust 3, 2009\t\t<\/span>\n\t\t\t\t<\/div>\n\t\t\t\t<\/div>\n\t\t\t\t<\/article>\n\t\t\t\t<article class=\"elementor-post elementor-grid-item post-204 post type-post status-publish format-standard has-post-thumbnail hentry category-press-releases\">\n\t\t\t\t<div class=\"elementor-post__text\">\n\t\t\t\t<h3 class=\"elementor-post__title\">\n\t\t\t<a href=\"https:\/\/relox.de\/de\/u-boot-motor-fuers-buerogebaeude\/\" >\n\t\t\t\tU-Boot Motor f\u00fcrs B\u00fcrogeb\u00e4ude\t\t\t<\/a>\n\t\t<\/h3>\n\t\t\t\t<div class=\"elementor-post__meta-data\">\n\t\t\t\t\t<span class=\"elementor-post-date\">\n\t\t\tMai 30, 2009\t\t<\/span>\n\t\t\t\t<\/div>\n\t\t\t\t<\/div>\n\t\t\t\t<\/article>\n\t\t\t\t<article class=\"elementor-post elementor-grid-item post-208 post type-post status-publish format-standard has-post-thumbnail hentry category-press-releases\">\n\t\t\t\t<div class=\"elementor-post__text\">\n\t\t\t\t<h3 class=\"elementor-post__title\">\n\t\t\t<a href=\"https:\/\/relox.de\/de\/lufttechnische-sicherheit-fuer-druckmaschinen\/\" >\n\t\t\t\tLufttechnische Sicherheit f\u00fcr Druckmaschinen\t\t\t<\/a>\n\t\t<\/h3>\n\t\t\t\t<div class=\"elementor-post__meta-data\">\n\t\t\t\t\t<span class=\"elementor-post-date\">\n\t\t\tJanuar 22, 2009\t\t<\/span>\n\t\t\t\t<\/div>\n\t\t\t\t<\/div>\n\t\t\t\t<\/article>\n\t\t\t\t<article class=\"elementor-post elementor-grid-item post-201 post type-post status-publish format-standard hentry category-press-releases\">\n\t\t\t\t<div class=\"elementor-post__text\">\n\t\t\t\t<h3 class=\"elementor-post__title\">\n\t\t\t<a href=\"https:\/\/relox.de\/de\/relox-gruppe-neu-aufgestellt\/\" >\n\t\t\t\tRELOX-Gruppe neu aufgestellt\t\t\t<\/a>\n\t\t<\/h3>\n\t\t\t\t<div class=\"elementor-post__meta-data\">\n\t\t\t\t\t<span class=\"elementor-post-date\">\n\t\t\tJanuar 14, 2008\t\t<\/span>\n\t\t\t\t<\/div>\n\t\t\t\t<\/div>\n\t\t\t\t<\/article>\n\t\t\t\t<article class=\"elementor-post elementor-grid-item post-200 post type-post status-publish format-standard hentry category-press-releases\">\n\t\t\t\t<div class=\"elementor-post__text\">\n\t\t\t\t<h3 class=\"elementor-post__title\">\n\t\t\t<a href=\"https:\/\/relox.de\/de\/regenus-rnv-mit-12-000-nm-h-in-polen-erfolgreich-in-betrieb-genommen\/\" >\n\t\t\t\tREGENUS RNV mit 12.000 Nm\u00b3\/h in Polen erfolgreich in Betrieb genommen\t\t\t<\/a>\n\t\t<\/h3>\n\t\t\t\t<div class=\"elementor-post__meta-data\">\n\t\t\t\t\t<span class=\"elementor-post-date\">\n\t\t\tNovember 1, 2007\t\t<\/span>\n\t\t\t\t<\/div>\n\t\t\t\t<\/div>\n\t\t\t\t<\/article>\n\t\t\t\t<article class=\"elementor-post elementor-grid-item post-247 post type-post status-publish format-standard has-post-thumbnail hentry category-press-releases\">\n\t\t\t\t<div class=\"elementor-post__text\">\n\t\t\t\t<h3 class=\"elementor-post__title\">\n\t\t\t<a href=\"https:\/\/relox.de\/de\/kantos\/\" >\n\t\t\t\tKANTOS\t\t\t<\/a>\n\t\t<\/h3>\n\t\t\t\t<div class=\"elementor-post__meta-data\">\n\t\t\t\t\t<span class=\"elementor-post-date\">\n\t\t\tApril 18, 2006\t\t<\/span>\n\t\t\t\t<\/div>\n\t\t\t\t<\/div>\n\t\t\t\t<\/article>\n\t\t\t\t<article class=\"elementor-post elementor-grid-item post-197 post type-post status-publish format-standard hentry category-press-releases\">\n\t\t\t\t<div class=\"elementor-post__text\">\n\t\t\t\t<h3 class=\"elementor-post__title\">\n\t\t\t<a href=\"https:\/\/relox.de\/de\/regenus-erfolg-fuer-rotoline\/\" >\n\t\t\t\tREGENUS: Erfolg f\u00fcr ROTOLINE\t\t\t<\/a>\n\t\t<\/h3>\n\t\t\t\t<div class=\"elementor-post__meta-data\">\n\t\t\t\t\t<span class=\"elementor-post-date\">\n\t\t\tNovember 3, 2004\t\t<\/span>\n\t\t\t\t<\/div>\n\t\t\t\t<\/div>\n\t\t\t\t<\/article>\n\t\t\t\t<article class=\"elementor-post elementor-grid-item post-199 post type-post status-publish format-standard hentry category-press-releases\">\n\t\t\t\t<div class=\"elementor-post__text\">\n\t\t\t\t<h3 class=\"elementor-post__title\">\n\t\t\t<a href=\"https:\/\/relox.de\/de\/druckprozess-optimiert\/\" >\n\t\t\t\tDruckprozess optimiert\t\t\t<\/a>\n\t\t<\/h3>\n\t\t\t\t<div class=\"elementor-post__meta-data\">\n\t\t\t\t\t<span class=\"elementor-post-date\">\n\t\t\tAugust 31, 2004\t\t<\/span>\n\t\t\t\t<\/div>\n\t\t\t\t<\/div>\n\t\t\t\t<\/article>\n\t\t\t\t<article class=\"elementor-post elementor-grid-item post-198 post type-post status-publish format-standard hentry category-press-releases\">\n\t\t\t\t<div class=\"elementor-post__text\">\n\t\t\t\t<h3 class=\"elementor-post__title\">\n\t\t\t<a href=\"https:\/\/relox.de\/de\/abluftreinigung-fuer-silikontrennpapiere\/\" >\n\t\t\t\tAbluftreinigung f\u00fcr Silikontrennpapiere\t\t\t<\/a>\n\t\t<\/h3>\n\t\t\t\t<div class=\"elementor-post__meta-data\">\n\t\t\t\t\t<span class=\"elementor-post-date\">\n\t\t\tM\u00e4rz 4, 2004\t\t<\/span>\n\t\t\t\t<\/div>\n\t\t\t\t<\/div>\n\t\t\t\t<\/article>\n\t\t\t\t<\/div>\n\t\t\n\t\t\t\t<div class=\"e-load-more-anchor\" data-page=\"1\" data-max-page=\"2\" data-next-page=\"https:\/\/relox.de\/de\/wp-json\/wp\/v2\/pages\/475\/page\/2\/\"><\/div>\n\t\t\t\t<nav class=\"elementor-pagination\" aria-label=\"Pagination\">\n\t\t\t<span class=\"page-numbers prev\">&laquo; <\/span>\n<span aria-current=\"page\" class=\"page-numbers current\"><span class=\"elementor-screen-only\">Page<\/span>1<\/span>\n<a class=\"page-numbers\" href=\"https:\/\/relox.de\/de\/wp-json\/wp\/v2\/pages\/475\/page\/2\/\"><span class=\"elementor-screen-only\">Page<\/span>2<\/a>\n<a class=\"page-numbers next\" href=\"https:\/\/relox.de\/de\/wp-json\/wp\/v2\/pages\/475\/page\/2\/\">&raquo;<\/a>\t\t<\/nav>\n\t\t\t\t\t\t<\/div>\n\t\t\t\t<\/div>\n\t\t\t\t\t<\/div>\n\t\t\t\t<\/div>\n\t\t\t\t<\/div>\n\t\t","protected":false},"excerpt":{"rendered":"<p>Presseinfos<\/p>\n","protected":false},"author":1,"featured_media":0,"parent":0,"menu_order":0,"comment_status":"closed","ping_status":"closed","template":"","meta":{"_monsterinsights_skip_tracking":false,"_monsterinsights_sitenote_active":false,"_monsterinsights_sitenote_note":"","_monsterinsights_sitenote_category":0,"footnotes":""},"yoast_head":"<!-- This site is optimized with the Yoast SEO plugin v24.5 - https:\/\/yoast.com\/wordpress\/plugins\/seo\/ -->\n<title>Presseinfos - RELOX GRUPPE<\/title>\n<meta name=\"robots\" content=\"index, follow, max-snippet:-1, max-image-preview:large, max-video-preview:-1\" \/>\n<link rel=\"canonical\" href=\"https:\/\/relox.de\/de\/presseinfos\/\" \/>\n<meta property=\"og:locale\" content=\"de_DE\" \/>\n<meta property=\"og:type\" content=\"article\" \/>\n<meta property=\"og:title\" content=\"Presseinfos - RELOX GRUPPE\" \/>\n<meta property=\"og:description\" content=\"Presseinfos\" \/>\n<meta property=\"og:url\" content=\"https:\/\/relox.de\/de\/presseinfos\/\" \/>\n<meta property=\"og:site_name\" content=\"RELOX GRUPPE\" \/>\n<meta property=\"article:modified_time\" content=\"2024-02-20T13:14:10+00:00\" \/>\n<meta name=\"twitter:card\" content=\"summary_large_image\" \/>\n<meta name=\"twitter:label1\" content=\"Gesch\u00e4tzte Lesezeit\" \/>\n\t<meta name=\"twitter:data1\" content=\"4 Minuten\" \/>\n<script type=\"application\/ld+json\" class=\"yoast-schema-graph\">{\"@context\":\"https:\/\/schema.org\",\"@graph\":[{\"@type\":\"WebPage\",\"@id\":\"https:\/\/relox.de\/presseinfos\/\",\"url\":\"https:\/\/relox.de\/presseinfos\/\",\"name\":\"Presseinfos - RELOX GRUPPE\",\"isPartOf\":{\"@id\":\"https:\/\/relox.de\/de\/#website\"},\"datePublished\":\"2024-02-12T10:17:32+00:00\",\"dateModified\":\"2024-02-20T13:14:10+00:00\",\"breadcrumb\":{\"@id\":\"https:\/\/relox.de\/presseinfos\/#breadcrumb\"},\"inLanguage\":\"de-DE\",\"potentialAction\":[{\"@type\":\"ReadAction\",\"target\":[\"https:\/\/relox.de\/presseinfos\/\"]}]},{\"@type\":\"BreadcrumbList\",\"@id\":\"https:\/\/relox.de\/presseinfos\/#breadcrumb\",\"itemListElement\":[{\"@type\":\"ListItem\",\"position\":1,\"name\":\"Startseite\",\"item\":\"https:\/\/relox.de\/\"},{\"@type\":\"ListItem\",\"position\":2,\"name\":\"Presseinfos\"}]},{\"@type\":\"WebSite\",\"@id\":\"https:\/\/relox.de\/de\/#website\",\"url\":\"https:\/\/relox.de\/de\/\",\"name\":\"RELOX GRUPPE\",\"description\":\"Ihr Gewinn durch unsere Technik\",\"publisher\":{\"@id\":\"https:\/\/relox.de\/de\/#organization\"},\"potentialAction\":[{\"@type\":\"SearchAction\",\"target\":{\"@type\":\"EntryPoint\",\"urlTemplate\":\"https:\/\/relox.de\/de\/?s={search_term_string}\"},\"query-input\":{\"@type\":\"PropertyValueSpecification\",\"valueRequired\":true,\"valueName\":\"search_term_string\"}}],\"inLanguage\":\"de-DE\"},{\"@type\":\"Organization\",\"@id\":\"https:\/\/relox.de\/de\/#organization\",\"name\":\"RELOX AG\",\"url\":\"https:\/\/relox.de\/de\/\",\"logo\":{\"@type\":\"ImageObject\",\"inLanguage\":\"de-DE\",\"@id\":\"https:\/\/relox.de\/de\/#\/schema\/logo\/image\/\",\"url\":\"http:\/\/relox.de\/wp-content\/uploads\/2024\/02\/cropped-relox-logogo.png\",\"contentUrl\":\"http:\/\/relox.de\/wp-content\/uploads\/2024\/02\/cropped-relox-logogo.png\",\"width\":512,\"height\":512,\"caption\":\"RELOX AG\"},\"image\":{\"@id\":\"https:\/\/relox.de\/de\/#\/schema\/logo\/image\/\"}}]}<\/script>\n<!-- \/ Yoast SEO plugin. -->","yoast_head_json":{"title":"Presseinfos - RELOX GRUPPE","robots":{"index":"index","follow":"follow","max-snippet":"max-snippet:-1","max-image-preview":"max-image-preview:large","max-video-preview":"max-video-preview:-1"},"canonical":"https:\/\/relox.de\/de\/presseinfos\/","og_locale":"de_DE","og_type":"article","og_title":"Presseinfos - RELOX GRUPPE","og_description":"Presseinfos","og_url":"https:\/\/relox.de\/de\/presseinfos\/","og_site_name":"RELOX GRUPPE","article_modified_time":"2024-02-20T13:14:10+00:00","twitter_card":"summary_large_image","twitter_misc":{"Gesch\u00e4tzte Lesezeit":"4 Minuten"},"schema":{"@context":"https:\/\/schema.org","@graph":[{"@type":"WebPage","@id":"https:\/\/relox.de\/presseinfos\/","url":"https:\/\/relox.de\/presseinfos\/","name":"Presseinfos - RELOX GRUPPE","isPartOf":{"@id":"https:\/\/relox.de\/de\/#website"},"datePublished":"2024-02-12T10:17:32+00:00","dateModified":"2024-02-20T13:14:10+00:00","breadcrumb":{"@id":"https:\/\/relox.de\/presseinfos\/#breadcrumb"},"inLanguage":"de-DE","potentialAction":[{"@type":"ReadAction","target":["https:\/\/relox.de\/presseinfos\/"]}]},{"@type":"BreadcrumbList","@id":"https:\/\/relox.de\/presseinfos\/#breadcrumb","itemListElement":[{"@type":"ListItem","position":1,"name":"Startseite","item":"https:\/\/relox.de\/"},{"@type":"ListItem","position":2,"name":"Presseinfos"}]},{"@type":"WebSite","@id":"https:\/\/relox.de\/de\/#website","url":"https:\/\/relox.de\/de\/","name":"RELOX GRUPPE","description":"Ihr Gewinn durch unsere Technik","publisher":{"@id":"https:\/\/relox.de\/de\/#organization"},"potentialAction":[{"@type":"SearchAction","target":{"@type":"EntryPoint","urlTemplate":"https:\/\/relox.de\/de\/?s={search_term_string}"},"query-input":{"@type":"PropertyValueSpecification","valueRequired":true,"valueName":"search_term_string"}}],"inLanguage":"de-DE"},{"@type":"Organization","@id":"https:\/\/relox.de\/de\/#organization","name":"RELOX AG","url":"https:\/\/relox.de\/de\/","logo":{"@type":"ImageObject","inLanguage":"de-DE","@id":"https:\/\/relox.de\/de\/#\/schema\/logo\/image\/","url":"http:\/\/relox.de\/wp-content\/uploads\/2024\/02\/cropped-relox-logogo.png","contentUrl":"http:\/\/relox.de\/wp-content\/uploads\/2024\/02\/cropped-relox-logogo.png","width":512,"height":512,"caption":"RELOX AG"},"image":{"@id":"https:\/\/relox.de\/de\/#\/schema\/logo\/image\/"}}]}},"_links":{"self":[{"href":"https:\/\/relox.de\/de\/wp-json\/wp\/v2\/pages\/475"}],"collection":[{"href":"https:\/\/relox.de\/de\/wp-json\/wp\/v2\/pages"}],"about":[{"href":"https:\/\/relox.de\/de\/wp-json\/wp\/v2\/types\/page"}],"author":[{"embeddable":true,"href":"https:\/\/relox.de\/de\/wp-json\/wp\/v2\/users\/1"}],"replies":[{"embeddable":true,"href":"https:\/\/relox.de\/de\/wp-json\/wp\/v2\/comments?post=475"}],"version-history":[{"count":66,"href":"https:\/\/relox.de\/de\/wp-json\/wp\/v2\/pages\/475\/revisions"}],"predecessor-version":[{"id":1985,"href":"https:\/\/relox.de\/de\/wp-json\/wp\/v2\/pages\/475\/revisions\/1985"}],"wp:attachment":[{"href":"https:\/\/relox.de\/de\/wp-json\/wp\/v2\/media?parent=475"}],"curies":[{"name":"wp","href":"https:\/\/api.w.org\/{rel}","templated":true}]}}