{"id":466,"date":"2024-02-12T10:15:19","date_gmt":"2024-02-12T10:15:19","guid":{"rendered":"http:\/\/relox.de\/?page_id=157"},"modified":"2024-03-07T13:07:28","modified_gmt":"2024-03-07T13:07:28","slug":"kernkompetenz","status":"publish","type":"page","link":"https:\/\/relox.de\/de\/kernkompetenz\/","title":{"rendered":"Kernkompetenz"},"content":{"rendered":"\t\t<div data-elementor-type=\"wp-page\" data-elementor-id=\"466\" class=\"elementor elementor-466\" data-elementor-post-type=\"page\">\n\t\t\t\t<div class=\"elementor-element elementor-element-72938f2 e-flex e-con-boxed e-con e-parent\" data-id=\"72938f2\" data-element_type=\"container\">\n\t\t\t\t\t<div class=\"e-con-inner\">\n\t\t\t\t<div class=\"elementor-element elementor-element-2878d7d elementor-widget elementor-widget-heading\" data-id=\"2878d7d\" data-element_type=\"widget\" data-widget_type=\"heading.default\">\n\t\t\t\t<div class=\"elementor-widget-container\">\n\t\t\t\t\t<h2 class=\"elementor-heading-title elementor-size-default\">KERNKOMPETENZ<\/h2>\t\t\t\t<\/div>\n\t\t\t\t<\/div>\n\t\t\t\t<div class=\"elementor-element elementor-element-fd2aaa0 elementor-widget-divider--view-line elementor-widget elementor-widget-divider\" data-id=\"fd2aaa0\" data-element_type=\"widget\" data-widget_type=\"divider.default\">\n\t\t\t\t<div class=\"elementor-widget-container\">\n\t\t\t\t\t\t\t<div class=\"elementor-divider\">\n\t\t\t<span class=\"elementor-divider-separator\">\n\t\t\t\t\t\t<\/span>\n\t\t<\/div>\n\t\t\t\t\t\t<\/div>\n\t\t\t\t<\/div>\n\t\t<div class=\"elementor-element elementor-element-3bbd137 e-flex e-con-boxed e-con e-child\" data-id=\"3bbd137\" data-element_type=\"container\">\n\t\t\t\t\t<div class=\"e-con-inner\">\n\t\t<div class=\"elementor-element elementor-element-3375c98 e-con-full e-flex e-con e-child\" data-id=\"3375c98\" data-element_type=\"container\">\n\t\t\t\t<div class=\"elementor-element elementor-element-26f437f elementor-widget elementor-widget-image\" data-id=\"26f437f\" data-element_type=\"widget\" data-widget_type=\"image.default\">\n\t\t\t\t<div class=\"elementor-widget-container\">\n\t\t\t\t\t\t\t\t\t\t\t\t\t\t\t<img fetchpriority=\"high\" decoding=\"async\" width=\"800\" height=\"810\" src=\"https:\/\/relox.de\/wp-content\/uploads\/2024\/02\/RELOK-schema-1011x1024.png\" class=\"attachment-large size-large wp-image-2095\" alt=\"\" srcset=\"https:\/\/relox.de\/wp-content\/uploads\/2024\/02\/RELOK-schema-1011x1024.png 1011w, https:\/\/relox.de\/wp-content\/uploads\/2024\/02\/RELOK-schema-296x300.png 296w, https:\/\/relox.de\/wp-content\/uploads\/2024\/02\/RELOK-schema-768x778.png 768w, https:\/\/relox.de\/wp-content\/uploads\/2024\/02\/RELOK-schema-12x12.png 12w, https:\/\/relox.de\/wp-content\/uploads\/2024\/02\/RELOK-schema.png 1500w\" sizes=\"(max-width: 800px) 100vw, 800px\" \/>\t\t\t\t\t\t\t\t\t\t\t\t\t\t\t<\/div>\n\t\t\t\t<\/div>\n\t\t\t\t<\/div>\n\t\t<div class=\"elementor-element elementor-element-836b72f e-flex e-con-boxed e-con e-child\" data-id=\"836b72f\" data-element_type=\"container\">\n\t\t\t\t\t<div class=\"e-con-inner\">\n\t\t\t\t<div class=\"elementor-element elementor-element-f432ff5 elementor-widget elementor-widget-text-editor\" data-id=\"f432ff5\" data-element_type=\"widget\" data-widget_type=\"text-editor.default\">\n\t\t\t\t<div class=\"elementor-widget-container\">\n\t\t\t\t\t\t\t\t\t<div class=\"elementor-element elementor-element-f4e4de5 elementor-widget elementor-widget-text-editor\" data-id=\"f4e4de5\" data-element_type=\"widget\" data-widget_type=\"text-editor.default\"><div class=\"elementor-widget-container\"><p>Die Synergien z.B. in der Sicherheits- und Verfahrenstechnik kombiniert mit der langj\u00e4hrigen Erfahrung in der Druckindustrie heben die Integration unserer schl\u00fcsselfertigen Abluftreinigungsanlagen im Druckprozess auf eine h\u00f6here Stufe der Qualit\u00e4t.<\/p><p>Andereseits entwickelt sich aus der Praxis unseres weltweit t\u00e4tigen Kundendienstes in Kombination mit dem natur- und ingenieurswissenschaftlichen Spezialwissen unsere Kernkompetenzen zu Systeml\u00f6sungen:<\/p><p>Abluftreinigung, Heizung, W\u00e4rmer\u00fcckgewinnung und Zuluft einschlie\u00dflich ihrer Konditionierung.<\/p><\/div><\/div>\t\t\t\t\t\t\t\t<\/div>\n\t\t\t\t<\/div>\n\t\t\t\t\t<\/div>\n\t\t\t\t<\/div>\n\t\t\t\t\t<\/div>\n\t\t\t\t<\/div>\n\t\t\t\t<div class=\"elementor-element elementor-element-916dbb9 elementor-widget-divider--view-line elementor-widget elementor-widget-divider\" data-id=\"916dbb9\" data-element_type=\"widget\" data-widget_type=\"divider.default\">\n\t\t\t\t<div class=\"elementor-widget-container\">\n\t\t\t\t\t\t\t<div class=\"elementor-divider\">\n\t\t\t<span class=\"elementor-divider-separator\">\n\t\t\t\t\t\t<\/span>\n\t\t<\/div>\n\t\t\t\t\t\t<\/div>\n\t\t\t\t<\/div>\n\t\t\t\t\t<\/div>\n\t\t\t\t<\/div>\n\t\t\t\t<\/div>\n\t\t","protected":false},"excerpt":{"rendered":"<p>KERNKOMPETENZ Die Synergien z.B. in der Sicherheits- und Verfahrenstechnik kombiniert mit der langj\u00e4hrigen Erfahrung in der Druckindustrie heben die Integration unserer schl\u00fcsselfertigen Abluftreinigungsanlagen im Druckprozess auf eine h\u00f6here Stufe der Qualit\u00e4t. Andereseits entwickelt sich aus der Praxis unseres weltweit t\u00e4tigen Kundendienstes in Kombination mit dem natur- und ingenieurswissenschaftlichen Spezialwissen unsere Kernkompetenzen zu Systeml\u00f6sungen: Abluftreinigung, Heizung, [&hellip;]<\/p>\n","protected":false},"author":1,"featured_media":0,"parent":0,"menu_order":0,"comment_status":"closed","ping_status":"closed","template":"","meta":{"_monsterinsights_skip_tracking":false,"_monsterinsights_sitenote_active":false,"_monsterinsights_sitenote_note":"","_monsterinsights_sitenote_category":0,"footnotes":""},"yoast_head":"<!-- This site is optimized with the Yoast SEO plugin v24.5 - https:\/\/yoast.com\/wordpress\/plugins\/seo\/ -->\n<title>Kernkompetenz - RELOX GRUPPE<\/title>\n<meta name=\"robots\" content=\"index, follow, max-snippet:-1, max-image-preview:large, max-video-preview:-1\" \/>\n<link rel=\"canonical\" href=\"https:\/\/relox.de\/de\/kernkompetenz\/\" \/>\n<meta property=\"og:locale\" content=\"de_DE\" \/>\n<meta property=\"og:type\" content=\"article\" \/>\n<meta property=\"og:title\" content=\"Kernkompetenz - RELOX GRUPPE\" \/>\n<meta property=\"og:description\" content=\"KERNKOMPETENZ Die Synergien z.B. in der Sicherheits- und Verfahrenstechnik kombiniert mit der langj\u00e4hrigen Erfahrung in der Druckindustrie heben die Integration unserer schl\u00fcsselfertigen Abluftreinigungsanlagen im Druckprozess auf eine h\u00f6here Stufe der Qualit\u00e4t. Andereseits entwickelt sich aus der Praxis unseres weltweit t\u00e4tigen Kundendienstes in Kombination mit dem natur- und ingenieurswissenschaftlichen Spezialwissen unsere Kernkompetenzen zu Systeml\u00f6sungen: Abluftreinigung, Heizung, [&hellip;]\" \/>\n<meta property=\"og:url\" content=\"https:\/\/relox.de\/de\/kernkompetenz\/\" \/>\n<meta property=\"og:site_name\" content=\"RELOX GRUPPE\" \/>\n<meta property=\"article:modified_time\" content=\"2024-03-07T13:07:28+00:00\" \/>\n<meta property=\"og:image\" content=\"https:\/\/relox.de\/wp-content\/uploads\/2024\/02\/RELOK-schema-1011x1024.png\" \/>\n<meta name=\"twitter:card\" content=\"summary_large_image\" \/>\n<meta name=\"twitter:label1\" content=\"Gesch\u00e4tzte Lesezeit\" \/>\n\t<meta name=\"twitter:data1\" content=\"1 Minute\" \/>\n<script type=\"application\/ld+json\" class=\"yoast-schema-graph\">{\"@context\":\"https:\/\/schema.org\",\"@graph\":[{\"@type\":\"WebPage\",\"@id\":\"https:\/\/relox.de\/kernkompetenz\/\",\"url\":\"https:\/\/relox.de\/kernkompetenz\/\",\"name\":\"Kernkompetenz - RELOX GRUPPE\",\"isPartOf\":{\"@id\":\"https:\/\/relox.de\/de\/#website\"},\"primaryImageOfPage\":{\"@id\":\"https:\/\/relox.de\/kernkompetenz\/#primaryimage\"},\"image\":{\"@id\":\"https:\/\/relox.de\/kernkompetenz\/#primaryimage\"},\"thumbnailUrl\":\"https:\/\/relox.de\/wp-content\/uploads\/2024\/02\/RELOK-schema-1011x1024.png\",\"datePublished\":\"2024-02-12T10:15:19+00:00\",\"dateModified\":\"2024-03-07T13:07:28+00:00\",\"breadcrumb\":{\"@id\":\"https:\/\/relox.de\/kernkompetenz\/#breadcrumb\"},\"inLanguage\":\"de-DE\",\"potentialAction\":[{\"@type\":\"ReadAction\",\"target\":[\"https:\/\/relox.de\/kernkompetenz\/\"]}]},{\"@type\":\"ImageObject\",\"inLanguage\":\"de-DE\",\"@id\":\"https:\/\/relox.de\/kernkompetenz\/#primaryimage\",\"url\":\"https:\/\/relox.de\/wp-content\/uploads\/2024\/02\/RELOK-schema-1011x1024.png\",\"contentUrl\":\"https:\/\/relox.de\/wp-content\/uploads\/2024\/02\/RELOK-schema-1011x1024.png\"},{\"@type\":\"BreadcrumbList\",\"@id\":\"https:\/\/relox.de\/kernkompetenz\/#breadcrumb\",\"itemListElement\":[{\"@type\":\"ListItem\",\"position\":1,\"name\":\"Startseite\",\"item\":\"https:\/\/relox.de\/\"},{\"@type\":\"ListItem\",\"position\":2,\"name\":\"Kernkompetenz\"}]},{\"@type\":\"WebSite\",\"@id\":\"https:\/\/relox.de\/de\/#website\",\"url\":\"https:\/\/relox.de\/de\/\",\"name\":\"RELOX GRUPPE\",\"description\":\"Ihr Gewinn durch unsere Technik\",\"publisher\":{\"@id\":\"https:\/\/relox.de\/de\/#organization\"},\"potentialAction\":[{\"@type\":\"SearchAction\",\"target\":{\"@type\":\"EntryPoint\",\"urlTemplate\":\"https:\/\/relox.de\/de\/?s={search_term_string}\"},\"query-input\":{\"@type\":\"PropertyValueSpecification\",\"valueRequired\":true,\"valueName\":\"search_term_string\"}}],\"inLanguage\":\"de-DE\"},{\"@type\":\"Organization\",\"@id\":\"https:\/\/relox.de\/de\/#organization\",\"name\":\"RELOX AG\",\"url\":\"https:\/\/relox.de\/de\/\",\"logo\":{\"@type\":\"ImageObject\",\"inLanguage\":\"de-DE\",\"@id\":\"https:\/\/relox.de\/de\/#\/schema\/logo\/image\/\",\"url\":\"http:\/\/relox.de\/wp-content\/uploads\/2024\/02\/cropped-relox-logogo.png\",\"contentUrl\":\"http:\/\/relox.de\/wp-content\/uploads\/2024\/02\/cropped-relox-logogo.png\",\"width\":512,\"height\":512,\"caption\":\"RELOX AG\"},\"image\":{\"@id\":\"https:\/\/relox.de\/de\/#\/schema\/logo\/image\/\"}}]}<\/script>\n<!-- \/ Yoast SEO plugin. -->","yoast_head_json":{"title":"Kernkompetenz - RELOX GRUPPE","robots":{"index":"index","follow":"follow","max-snippet":"max-snippet:-1","max-image-preview":"max-image-preview:large","max-video-preview":"max-video-preview:-1"},"canonical":"https:\/\/relox.de\/de\/kernkompetenz\/","og_locale":"de_DE","og_type":"article","og_title":"Kernkompetenz - RELOX GRUPPE","og_description":"KERNKOMPETENZ Die Synergien z.B. in der Sicherheits- und Verfahrenstechnik kombiniert mit der langj\u00e4hrigen Erfahrung in der Druckindustrie heben die Integration unserer schl\u00fcsselfertigen Abluftreinigungsanlagen im Druckprozess auf eine h\u00f6here Stufe der Qualit\u00e4t. Andereseits entwickelt sich aus der Praxis unseres weltweit t\u00e4tigen Kundendienstes in Kombination mit dem natur- und ingenieurswissenschaftlichen Spezialwissen unsere Kernkompetenzen zu Systeml\u00f6sungen: Abluftreinigung, Heizung, [&hellip;]","og_url":"https:\/\/relox.de\/de\/kernkompetenz\/","og_site_name":"RELOX GRUPPE","article_modified_time":"2024-03-07T13:07:28+00:00","og_image":[{"url":"https:\/\/relox.de\/wp-content\/uploads\/2024\/02\/RELOK-schema-1011x1024.png","type":"","width":"","height":""}],"twitter_card":"summary_large_image","twitter_misc":{"Gesch\u00e4tzte Lesezeit":"1 Minute"},"schema":{"@context":"https:\/\/schema.org","@graph":[{"@type":"WebPage","@id":"https:\/\/relox.de\/kernkompetenz\/","url":"https:\/\/relox.de\/kernkompetenz\/","name":"Kernkompetenz - RELOX GRUPPE","isPartOf":{"@id":"https:\/\/relox.de\/de\/#website"},"primaryImageOfPage":{"@id":"https:\/\/relox.de\/kernkompetenz\/#primaryimage"},"image":{"@id":"https:\/\/relox.de\/kernkompetenz\/#primaryimage"},"thumbnailUrl":"https:\/\/relox.de\/wp-content\/uploads\/2024\/02\/RELOK-schema-1011x1024.png","datePublished":"2024-02-12T10:15:19+00:00","dateModified":"2024-03-07T13:07:28+00:00","breadcrumb":{"@id":"https:\/\/relox.de\/kernkompetenz\/#breadcrumb"},"inLanguage":"de-DE","potentialAction":[{"@type":"ReadAction","target":["https:\/\/relox.de\/kernkompetenz\/"]}]},{"@type":"ImageObject","inLanguage":"de-DE","@id":"https:\/\/relox.de\/kernkompetenz\/#primaryimage","url":"https:\/\/relox.de\/wp-content\/uploads\/2024\/02\/RELOK-schema-1011x1024.png","contentUrl":"https:\/\/relox.de\/wp-content\/uploads\/2024\/02\/RELOK-schema-1011x1024.png"},{"@type":"BreadcrumbList","@id":"https:\/\/relox.de\/kernkompetenz\/#breadcrumb","itemListElement":[{"@type":"ListItem","position":1,"name":"Startseite","item":"https:\/\/relox.de\/"},{"@type":"ListItem","position":2,"name":"Kernkompetenz"}]},{"@type":"WebSite","@id":"https:\/\/relox.de\/de\/#website","url":"https:\/\/relox.de\/de\/","name":"RELOX GRUPPE","description":"Ihr Gewinn durch unsere Technik","publisher":{"@id":"https:\/\/relox.de\/de\/#organization"},"potentialAction":[{"@type":"SearchAction","target":{"@type":"EntryPoint","urlTemplate":"https:\/\/relox.de\/de\/?s={search_term_string}"},"query-input":{"@type":"PropertyValueSpecification","valueRequired":true,"valueName":"search_term_string"}}],"inLanguage":"de-DE"},{"@type":"Organization","@id":"https:\/\/relox.de\/de\/#organization","name":"RELOX AG","url":"https:\/\/relox.de\/de\/","logo":{"@type":"ImageObject","inLanguage":"de-DE","@id":"https:\/\/relox.de\/de\/#\/schema\/logo\/image\/","url":"http:\/\/relox.de\/wp-content\/uploads\/2024\/02\/cropped-relox-logogo.png","contentUrl":"http:\/\/relox.de\/wp-content\/uploads\/2024\/02\/cropped-relox-logogo.png","width":512,"height":512,"caption":"RELOX AG"},"image":{"@id":"https:\/\/relox.de\/de\/#\/schema\/logo\/image\/"}}]}},"_links":{"self":[{"href":"https:\/\/relox.de\/de\/wp-json\/wp\/v2\/pages\/466"}],"collection":[{"href":"https:\/\/relox.de\/de\/wp-json\/wp\/v2\/pages"}],"about":[{"href":"https:\/\/relox.de\/de\/wp-json\/wp\/v2\/types\/page"}],"author":[{"embeddable":true,"href":"https:\/\/relox.de\/de\/wp-json\/wp\/v2\/users\/1"}],"replies":[{"embeddable":true,"href":"https:\/\/relox.de\/de\/wp-json\/wp\/v2\/comments?post=466"}],"version-history":[{"count":69,"href":"https:\/\/relox.de\/de\/wp-json\/wp\/v2\/pages\/466\/revisions"}],"predecessor-version":[{"id":2404,"href":"https:\/\/relox.de\/de\/wp-json\/wp\/v2\/pages\/466\/revisions\/2404"}],"wp:attachment":[{"href":"https:\/\/relox.de\/de\/wp-json\/wp\/v2\/media?parent=466"}],"curies":[{"name":"wp","href":"https:\/\/api.w.org\/{rel}","templated":true}]}}