{"id":463,"date":"2024-02-12T09:02:12","date_gmt":"2024-02-12T09:02:12","guid":{"rendered":"http:\/\/relox.de\/?page_id=16"},"modified":"2024-06-01T12:06:36","modified_gmt":"2024-06-01T12:06:36","slug":"home","status":"publish","type":"page","link":"http:\/\/relox.de\/en\/","title":{"rendered":"Home"},"content":{"rendered":"<div data-elementor-type=\"wp-page\" data-elementor-id=\"463\" class=\"elementor elementor-463\" data-elementor-post-type=\"page\">\n\t\t\t\t<div class=\"elementor-element elementor-element-f3a7646 e-con-full e-flex e-con e-parent\" data-id=\"f3a7646\" data-element_type=\"container\">\n\t\t\t\t<div class=\"elementor-element elementor-element-2bc8e83 elementor-widget elementor-widget-heading\" data-id=\"2bc8e83\" data-element_type=\"widget\" data-widget_type=\"heading.default\">\n\t\t\t\t<div class=\"elementor-widget-container\">\n\t\t\t\t\t<h2 class=\"elementor-heading-title elementor-size-default\">RELOX GROUP - INDUSTRIAL AIR TECHNOLOGY<\/h2>\t\t\t\t<\/div>\n\t\t\t\t<\/div>\n\t\t\t\t<div class=\"elementor-element elementor-element-b2b3ac4 elementor-widget-divider--view-line elementor-widget elementor-widget-divider\" data-id=\"b2b3ac4\" data-element_type=\"widget\" data-widget_type=\"divider.default\">\n\t\t\t\t<div class=\"elementor-widget-container\">\n\t\t\t\t\t\t\t<div class=\"elementor-divider\">\n\t\t\t<span class=\"elementor-divider-separator\">\n\t\t\t\t\t\t<\/span>\n\t\t<\/div>\n\t\t\t\t\t\t<\/div>\n\t\t\t\t<\/div>\n\t\t<div class=\"elementor-element elementor-element-86def3b elementor-hidden-laptop elementor-hidden-tablet elementor-hidden-mobile e-flex e-con-boxed e-con e-child\" data-id=\"86def3b\" data-element_type=\"container\">\n\t\t\t\t\t<div class=\"e-con-inner\">\n\t\t<div class=\"elementor-element elementor-element-72543eb e-con-full e-flex e-con e-child\" data-id=\"72543eb\" data-element_type=\"container\">\n\t\t\t\t<div class=\"elementor-element elementor-element-0b95fd8 elementor-widget elementor-widget-spacer\" data-id=\"0b95fd8\" data-element_type=\"widget\" data-widget_type=\"spacer.default\">\n\t\t\t\t<div class=\"elementor-widget-container\">\n\t\t\t\t\t\t\t<div class=\"elementor-spacer\">\n\t\t\t<div class=\"elementor-spacer-inner\"><\/div>\n\t\t<\/div>\n\t\t\t\t\t\t<\/div>\n\t\t\t\t<\/div>\n\t\t\t\t<div class=\"elementor-element elementor-element-46b68fd elementor-widget elementor-widget-text-editor\" data-id=\"46b68fd\" data-element_type=\"widget\" data-widget_type=\"text-editor.default\">\n\t\t\t\t<div class=\"elementor-widget-container\">\n\t\t\t\t\t\t\t\t\t<p style=\"text-align: left;\">R. Niesner-Christe (managing director); J. Estina (share holder); S. Woitkowitz (share holder and founder)<\/p>\t\t\t\t\t\t\t\t<\/div>\n\t\t\t\t<\/div>\n\t\t\t\t<\/div>\n\t\t<div class=\"elementor-element elementor-element-35d4df0 e-flex e-con-boxed e-con e-child\" data-id=\"35d4df0\" data-element_type=\"container\">\n\t\t\t\t\t<div class=\"e-con-inner\">\n\t\t\t\t<div class=\"elementor-element elementor-element-211e107 elementor-widget elementor-widget-text-editor\" data-id=\"211e107\" data-element_type=\"widget\" data-widget_type=\"text-editor.default\">\n\t\t\t\t<div class=\"elementor-widget-container\">\n\t\t\t\t\t\t\t\t\t<div class=\"elementor-element elementor-element-f4e4de5 elementor-widget elementor-widget-text-editor\" data-id=\"f4e4de5\" data-element_type=\"widget\" data-widget_type=\"text-editor.default\"><div class=\"elementor-widget-container\"><p>The purpose of all economic activities is to fulfil society's needs. The quality of life depends on the quality of the products. And quality is not a matter of personal taste, but the result of extraordinary efforts.<\/p><\/div><\/div>\t\t\t\t\t\t\t\t<\/div>\n\t\t\t\t<\/div>\n\t\t\t\t<div class=\"elementor-element elementor-element-dcc5f43 elementor-widget elementor-widget-text-editor\" data-id=\"dcc5f43\" data-element_type=\"widget\" data-widget_type=\"text-editor.default\">\n\t\t\t\t<div class=\"elementor-widget-container\">\n\t\t\t\t\t\t\t\t\t<div class=\"elementor-element elementor-element-f4e4de5 elementor-widget elementor-widget-text-editor\" data-id=\"f4e4de5\" data-element_type=\"widget\" data-widget_type=\"text-editor.default\"><div class=\"elementor-widget-container\"><p>The opportunity of preservation in the face of change requires the organisation of Central Europe's sources of strength: motivation, discipline, creativity, honesty and modesty.<\/p><\/div><\/div>\t\t\t\t\t\t\t\t<\/div>\n\t\t\t\t<\/div>\n\t\t\t\t<div class=\"elementor-element elementor-element-19dd549 elementor-widget elementor-widget-text-editor\" data-id=\"19dd549\" data-element_type=\"widget\" data-widget_type=\"text-editor.default\">\n\t\t\t\t<div class=\"elementor-widget-container\">\n\t\t\t\t\t\t\t\t\t<div class=\"elementor-element elementor-element-f4e4de5 elementor-widget elementor-widget-text-editor\" data-id=\"f4e4de5\" data-element_type=\"widget\" data-widget_type=\"text-editor.default\"><div class=\"elementor-widget-container\"><div class=\"elementor-element elementor-element-91f62aa elementor-widget elementor-widget-text-editor\" data-id=\"91f62aa\" data-element_type=\"widget\" data-widget_type=\"text-editor.default\"><div class=\"elementor-widget-container\"><p>The offer of our technological partnership is therefore \"top quality at competitive prices\". In the RELOX system house, the RELOXians are therefore primarily committed to customer benefit:<\/p><\/div><\/div><\/div><\/div>\t\t\t\t\t\t\t\t<\/div>\n\t\t\t\t<\/div>\n\t\t\t\t<div class=\"elementor-element elementor-element-bfa0522 elementor-widget elementor-widget-text-editor\" data-id=\"bfa0522\" data-element_type=\"widget\" data-widget_type=\"text-editor.default\">\n\t\t\t\t<div class=\"elementor-widget-container\">\n\t\t\t\t\t\t\t\t\t<div class=\"elementor-element elementor-element-f4e4de5 elementor-widget elementor-widget-text-editor\" data-id=\"f4e4de5\" data-element_type=\"widget\" data-widget_type=\"text-editor.default\"><div class=\"elementor-widget-container\"><div class=\"elementor-element elementor-element-91f62aa elementor-widget elementor-widget-text-editor\" data-id=\"91f62aa\" data-element_type=\"widget\" data-widget_type=\"text-editor.default\"><div class=\"elementor-widget-container\"><p>Your Profit with our Technology!<\/p><\/div><\/div><\/div><\/div>\t\t\t\t\t\t\t\t<\/div>\n\t\t\t\t<\/div>\n\t\t\t\t\t<\/div>\n\t\t\t\t<\/div>\n\t\t\t\t\t<\/div>\n\t\t\t\t<\/div>\n\t\t<div class=\"elementor-element elementor-element-fbf9efc elementor-hidden-desktop e-flex e-con-boxed e-con e-child\" data-id=\"fbf9efc\" data-element_type=\"container\">\n\t\t\t\t\t<div class=\"e-con-inner\">\n\t\t<div class=\"elementor-element elementor-element-7011c9b e-flex e-con-boxed e-con e-child\" data-id=\"7011c9b\" data-element_type=\"container\">\n\t\t\t\t\t<div class=\"e-con-inner\">\n\t\t\t\t<div class=\"elementor-element elementor-element-355010e elementor-widget elementor-widget-image\" data-id=\"355010e\" data-element_type=\"widget\" data-widget_type=\"image.default\">\n\t\t\t\t<div class=\"elementor-widget-container\">\n\t\t\t\t\t\t\t\t\t\t\t\t<figure class=\"wp-caption\">\n\t\t\t\t\t\t\t\t\t\t<img fetchpriority=\"high\" decoding=\"async\" width=\"800\" height=\"534\" src=\"https:\/\/relox.de\/wp-content\/uploads\/2024\/02\/RELOK-smol-1024x683.png\" class=\"attachment-large size-large wp-image-2060\" alt=\"\" srcset=\"https:\/\/relox.de\/wp-content\/uploads\/2024\/02\/RELOK-smol-1024x683.png 1024w, https:\/\/relox.de\/wp-content\/uploads\/2024\/02\/RELOK-smol-300x200.png 300w, https:\/\/relox.de\/wp-content\/uploads\/2024\/02\/RELOK-smol-768x512.png 768w, https:\/\/relox.de\/wp-content\/uploads\/2024\/02\/RELOK-smol-1536x1024.png 1536w, https:\/\/relox.de\/wp-content\/uploads\/2024\/02\/RELOK-smol-2048x1365.png 2048w, https:\/\/relox.de\/wp-content\/uploads\/2024\/02\/RELOK-smol-18x12.png 18w\" sizes=\"(max-width: 800px) 100vw, 800px\" \/>\t\t\t\t\t\t\t\t\t\t\t<figcaption class=\"widget-image-caption wp-caption-text\"><\/figcaption>\n\t\t\t\t\t\t\t\t\t\t<\/figure>\n\t\t\t\t\t\t\t\t\t<\/div>\n\t\t\t\t<\/div>\n\t\t\t\t<div class=\"elementor-element elementor-element-3604169 elementor-widget elementor-widget-text-editor\" data-id=\"3604169\" data-element_type=\"widget\" data-widget_type=\"text-editor.default\">\n\t\t\t\t<div class=\"elementor-widget-container\">\n\t\t\t\t\t\t\t\t\t<p style=\"text-align: left;\">R. Niesner-Christe (managing director); J. Estina (share holder); S. Woitkowitz (share holder and founder)<\/p>\t\t\t\t\t\t\t\t<\/div>\n\t\t\t\t<\/div>\n\t\t\t\t<div class=\"elementor-element elementor-element-97b5ba9 elementor-widget elementor-widget-text-editor\" data-id=\"97b5ba9\" data-element_type=\"widget\" data-widget_type=\"text-editor.default\">\n\t\t\t\t<div class=\"elementor-widget-container\">\n\t\t\t\t\t\t\t\t\t<div class=\"elementor-element elementor-element-f4e4de5 elementor-widget elementor-widget-text-editor\" data-id=\"f4e4de5\" data-element_type=\"widget\" data-widget_type=\"text-editor.default\"><div class=\"elementor-widget-container\"><p>The purpose of all economic activities is to fulfil society's needs. The quality of life depends on the quality of the products. And quality is not a matter of personal taste, but the result of extraordinary efforts.<\/p><\/div><\/div>\t\t\t\t\t\t\t\t<\/div>\n\t\t\t\t<\/div>\n\t\t\t\t<div class=\"elementor-element elementor-element-2b0d559 elementor-widget elementor-widget-text-editor\" data-id=\"2b0d559\" data-element_type=\"widget\" data-widget_type=\"text-editor.default\">\n\t\t\t\t<div class=\"elementor-widget-container\">\n\t\t\t\t\t\t\t\t\t<div class=\"elementor-element elementor-element-f4e4de5 elementor-widget elementor-widget-text-editor\" data-id=\"f4e4de5\" data-element_type=\"widget\" data-widget_type=\"text-editor.default\"><div class=\"elementor-widget-container\"><p>The opportunity of preservation in the face of change requires the organisation of Central Europe's sources of strength: motivation, discipline, creativity, honesty and modesty.<\/p><\/div><\/div>\t\t\t\t\t\t\t\t<\/div>\n\t\t\t\t<\/div>\n\t\t\t\t<div class=\"elementor-element elementor-element-378a571 elementor-widget elementor-widget-text-editor\" data-id=\"378a571\" data-element_type=\"widget\" data-widget_type=\"text-editor.default\">\n\t\t\t\t<div class=\"elementor-widget-container\">\n\t\t\t\t\t\t\t\t\t<div class=\"elementor-element elementor-element-f4e4de5 elementor-widget elementor-widget-text-editor\" data-id=\"f4e4de5\" data-element_type=\"widget\" data-widget_type=\"text-editor.default\"><div class=\"elementor-widget-container\"><div class=\"elementor-element elementor-element-91f62aa elementor-widget elementor-widget-text-editor\" data-id=\"91f62aa\" data-element_type=\"widget\" data-widget_type=\"text-editor.default\"><div class=\"elementor-widget-container\"><p>The offer of our technological partnership is therefore \"top quality at competitive prices\". In the RELOX system house, the RELOXians are therefore primarily committed to customer benefit:<\/p><\/div><\/div><\/div><\/div>\t\t\t\t\t\t\t\t<\/div>\n\t\t\t\t<\/div>\n\t\t\t\t<div class=\"elementor-element elementor-element-98dbc22 elementor-widget elementor-widget-text-editor\" data-id=\"98dbc22\" data-element_type=\"widget\" data-widget_type=\"text-editor.default\">\n\t\t\t\t<div class=\"elementor-widget-container\">\n\t\t\t\t\t\t\t\t\t<div class=\"elementor-element elementor-element-f4e4de5 elementor-widget elementor-widget-text-editor\" data-id=\"f4e4de5\" data-element_type=\"widget\" data-widget_type=\"text-editor.default\"><div class=\"elementor-widget-container\"><div class=\"elementor-element elementor-element-91f62aa elementor-widget elementor-widget-text-editor\" data-id=\"91f62aa\" data-element_type=\"widget\" data-widget_type=\"text-editor.default\"><div class=\"elementor-widget-container\"><p>Your Profit with our Technology!<\/p><\/div><\/div><\/div><\/div>\t\t\t\t\t\t\t\t<\/div>\n\t\t\t\t<\/div>\n\t\t\t\t\t<\/div>\n\t\t\t\t<\/div>\n\t\t\t\t\t<\/div>\n\t\t\t\t<\/div>\n\t\t\t\t<div class=\"elementor-element elementor-element-d9573ea elementor-widget-divider--view-line elementor-widget elementor-widget-divider\" data-id=\"d9573ea\" data-element_type=\"widget\" data-widget_type=\"divider.default\">\n\t\t\t\t<div class=\"elementor-widget-container\">\n\t\t\t\t\t\t\t<div class=\"elementor-divider\">\n\t\t\t<span class=\"elementor-divider-separator\">\n\t\t\t\t\t\t<\/span>\n\t\t<\/div>\n\t\t\t\t\t\t<\/div>\n\t\t\t\t<\/div>\n\t\t\t\t<\/div>\n\t\t\t\t<\/div>","protected":false},"excerpt":{"rendered":"<p>RELOX GRUPPE &#8211; INDUSTRIELLE LUFTTECHNIK R. Niesner-Christe (Gesch\u00e4ftsf\u00fchrer); J. Estina (Gesellschafterin); S. Woitkowitz (Gesellschafter und Gr\u00fcnder) Der Zweck aller wirtschaftlichen Aktivit\u00e4ten ist die Deckung des gesellschaftlichen Bedarfs. Dabei h\u00e4ngt die Qualit\u00e4t des Lebens von der Qualit\u00e4t der Erzeugnisse ab. Und Qualit\u00e4t ist keine Angelegenheit des pers\u00f6nlichen Geschmacks, sondern das Ergebnis au\u00dferordentlicher Anstrengungen. Die Chance des [&hellip;]<\/p>\n","protected":false},"author":1,"featured_media":0,"parent":0,"menu_order":0,"comment_status":"closed","ping_status":"closed","template":"","meta":{"_monsterinsights_skip_tracking":false,"_monsterinsights_sitenote_active":false,"_monsterinsights_sitenote_note":"","_monsterinsights_sitenote_category":0,"footnotes":""},"yoast_head":"<!-- This site is optimized with the Yoast SEO plugin v24.5 - https:\/\/yoast.com\/wordpress\/plugins\/seo\/ -->\n<title>Home - RELOX GRUPPE<\/title>\n<meta name=\"description\" content=\"Das Angebot unserer technologischen Partnerschaft hei\u00dft \u201eSpitzenqualit\u00e4t zu wettbewerbsf\u00e4higen Preisen\u201c. Im RELOX-Systemhaus sind die RELOXIANER somit vor allem dem Kundennutzen verpflichtet:\" \/>\n<meta name=\"robots\" content=\"index, follow, max-snippet:-1, max-video-preview:-1, noimageindex\" \/>\n<link rel=\"canonical\" href=\"https:\/\/relox.de\/en\/\" \/>\n<meta property=\"og:locale\" content=\"en_GB\" \/>\n<meta property=\"og:type\" content=\"article\" \/>\n<meta property=\"og:title\" content=\"Home - RELOX GRUPPE\" \/>\n<meta property=\"og:description\" content=\"Das Angebot unserer technologischen Partnerschaft hei\u00dft \u201eSpitzenqualit\u00e4t zu wettbewerbsf\u00e4higen Preisen\u201c. Im RELOX-Systemhaus sind die RELOXIANER somit vor allem dem Kundennutzen verpflichtet:\" \/>\n<meta property=\"og:url\" content=\"https:\/\/relox.de\/en\/\" \/>\n<meta property=\"og:site_name\" content=\"RELOX GRUPPE\" \/>\n<meta property=\"article:modified_time\" content=\"2024-06-01T12:06:36+00:00\" \/>\n<meta property=\"og:image\" content=\"https:\/\/relox.de\/wp-content\/uploads\/2024\/02\/RELOK-smol-1024x683.png\" \/>\n<meta name=\"twitter:card\" content=\"summary_large_image\" \/>\n<meta name=\"twitter:label1\" content=\"Estimated reading time\" \/>\n\t<meta name=\"twitter:data1\" content=\"2 minutes\" \/>\n<script type=\"application\/ld+json\" class=\"yoast-schema-graph\">{\"@context\":\"https:\/\/schema.org\",\"@graph\":[{\"@type\":\"WebPage\",\"@id\":\"https:\/\/relox.de\/\",\"url\":\"https:\/\/relox.de\/\",\"name\":\"Home - RELOX GRUPPE\",\"isPartOf\":{\"@id\":\"https:\/\/relox.de\/de\/#website\"},\"primaryImageOfPage\":{\"@id\":\"https:\/\/relox.de\/#primaryimage\"},\"image\":{\"@id\":\"https:\/\/relox.de\/#primaryimage\"},\"thumbnailUrl\":\"https:\/\/relox.de\/wp-content\/uploads\/2024\/02\/RELOK-smol-1024x683.png\",\"datePublished\":\"2024-02-12T09:02:12+00:00\",\"dateModified\":\"2024-06-01T12:06:36+00:00\",\"description\":\"Das Angebot unserer technologischen Partnerschaft hei\u00dft \u201eSpitzenqualit\u00e4t zu wettbewerbsf\u00e4higen Preisen\u201c. Im RELOX-Systemhaus sind die RELOXIANER somit vor allem dem Kundennutzen verpflichtet:\",\"breadcrumb\":{\"@id\":\"https:\/\/relox.de\/#breadcrumb\"},\"inLanguage\":\"en-GB\",\"potentialAction\":[{\"@type\":\"ReadAction\",\"target\":[\"https:\/\/relox.de\/\"]}]},{\"@type\":\"ImageObject\",\"inLanguage\":\"en-GB\",\"@id\":\"https:\/\/relox.de\/#primaryimage\",\"url\":\"https:\/\/relox.de\/wp-content\/uploads\/2024\/02\/RELOK-smol-1024x683.png\",\"contentUrl\":\"https:\/\/relox.de\/wp-content\/uploads\/2024\/02\/RELOK-smol-1024x683.png\"},{\"@type\":\"BreadcrumbList\",\"@id\":\"https:\/\/relox.de\/#breadcrumb\",\"itemListElement\":[{\"@type\":\"ListItem\",\"position\":1,\"name\":\"Startseite\",\"item\":\"https:\/\/relox.de\/\"},{\"@type\":\"ListItem\",\"position\":2,\"name\":\"Home\"}]},{\"@type\":\"WebSite\",\"@id\":\"https:\/\/relox.de\/de\/#website\",\"url\":\"https:\/\/relox.de\/de\/\",\"name\":\"RELOX GRUPPE\",\"description\":\"Ihr Gewinn durch unsere Technik\",\"publisher\":{\"@id\":\"https:\/\/relox.de\/de\/#organization\"},\"potentialAction\":[{\"@type\":\"SearchAction\",\"target\":{\"@type\":\"EntryPoint\",\"urlTemplate\":\"https:\/\/relox.de\/de\/?s={search_term_string}\"},\"query-input\":{\"@type\":\"PropertyValueSpecification\",\"valueRequired\":true,\"valueName\":\"search_term_string\"}}],\"inLanguage\":\"en-GB\"},{\"@type\":\"Organization\",\"@id\":\"https:\/\/relox.de\/de\/#organization\",\"name\":\"RELOX AG\",\"url\":\"https:\/\/relox.de\/de\/\",\"logo\":{\"@type\":\"ImageObject\",\"inLanguage\":\"en-GB\",\"@id\":\"https:\/\/relox.de\/de\/#\/schema\/logo\/image\/\",\"url\":\"http:\/\/relox.de\/wp-content\/uploads\/2024\/02\/cropped-relox-logogo.png\",\"contentUrl\":\"http:\/\/relox.de\/wp-content\/uploads\/2024\/02\/cropped-relox-logogo.png\",\"width\":512,\"height\":512,\"caption\":\"RELOX AG\"},\"image\":{\"@id\":\"https:\/\/relox.de\/de\/#\/schema\/logo\/image\/\"}}]}<\/script>\n<!-- \/ Yoast SEO plugin. -->","yoast_head_json":{"title":"Home - RELOX GRUPPE","description":"Das Angebot unserer technologischen Partnerschaft hei\u00dft \u201eSpitzenqualit\u00e4t zu wettbewerbsf\u00e4higen Preisen\u201c. Im RELOX-Systemhaus sind die RELOXIANER somit vor allem dem Kundennutzen verpflichtet:","robots":{"index":"index","follow":"follow","max-snippet":"max-snippet:-1","max-video-preview":"max-video-preview:-1","imageindex":"noimageindex"},"canonical":"https:\/\/relox.de\/en\/","og_locale":"en_GB","og_type":"article","og_title":"Home - RELOX GRUPPE","og_description":"Das Angebot unserer technologischen Partnerschaft hei\u00dft \u201eSpitzenqualit\u00e4t zu wettbewerbsf\u00e4higen Preisen\u201c. Im RELOX-Systemhaus sind die RELOXIANER somit vor allem dem Kundennutzen verpflichtet:","og_url":"https:\/\/relox.de\/en\/","og_site_name":"RELOX GRUPPE","article_modified_time":"2024-06-01T12:06:36+00:00","og_image":[{"url":"https:\/\/relox.de\/wp-content\/uploads\/2024\/02\/RELOK-smol-1024x683.png","type":"","width":"","height":""}],"twitter_card":"summary_large_image","twitter_misc":{"Estimated reading time":"2 minutes"},"schema":{"@context":"https:\/\/schema.org","@graph":[{"@type":"WebPage","@id":"https:\/\/relox.de\/","url":"https:\/\/relox.de\/","name":"Home - RELOX GRUPPE","isPartOf":{"@id":"https:\/\/relox.de\/de\/#website"},"primaryImageOfPage":{"@id":"https:\/\/relox.de\/#primaryimage"},"image":{"@id":"https:\/\/relox.de\/#primaryimage"},"thumbnailUrl":"https:\/\/relox.de\/wp-content\/uploads\/2024\/02\/RELOK-smol-1024x683.png","datePublished":"2024-02-12T09:02:12+00:00","dateModified":"2024-06-01T12:06:36+00:00","description":"Das Angebot unserer technologischen Partnerschaft hei\u00dft \u201eSpitzenqualit\u00e4t zu wettbewerbsf\u00e4higen Preisen\u201c. Im RELOX-Systemhaus sind die RELOXIANER somit vor allem dem Kundennutzen verpflichtet:","breadcrumb":{"@id":"https:\/\/relox.de\/#breadcrumb"},"inLanguage":"en-GB","potentialAction":[{"@type":"ReadAction","target":["https:\/\/relox.de\/"]}]},{"@type":"ImageObject","inLanguage":"en-GB","@id":"https:\/\/relox.de\/#primaryimage","url":"https:\/\/relox.de\/wp-content\/uploads\/2024\/02\/RELOK-smol-1024x683.png","contentUrl":"https:\/\/relox.de\/wp-content\/uploads\/2024\/02\/RELOK-smol-1024x683.png"},{"@type":"BreadcrumbList","@id":"https:\/\/relox.de\/#breadcrumb","itemListElement":[{"@type":"ListItem","position":1,"name":"Startseite","item":"https:\/\/relox.de\/"},{"@type":"ListItem","position":2,"name":"Home"}]},{"@type":"WebSite","@id":"https:\/\/relox.de\/de\/#website","url":"https:\/\/relox.de\/de\/","name":"RELOX GRUPPE","description":"Ihr Gewinn durch unsere Technik","publisher":{"@id":"https:\/\/relox.de\/de\/#organization"},"potentialAction":[{"@type":"SearchAction","target":{"@type":"EntryPoint","urlTemplate":"https:\/\/relox.de\/de\/?s={search_term_string}"},"query-input":{"@type":"PropertyValueSpecification","valueRequired":true,"valueName":"search_term_string"}}],"inLanguage":"en-GB"},{"@type":"Organization","@id":"https:\/\/relox.de\/de\/#organization","name":"RELOX AG","url":"https:\/\/relox.de\/de\/","logo":{"@type":"ImageObject","inLanguage":"en-GB","@id":"https:\/\/relox.de\/de\/#\/schema\/logo\/image\/","url":"http:\/\/relox.de\/wp-content\/uploads\/2024\/02\/cropped-relox-logogo.png","contentUrl":"http:\/\/relox.de\/wp-content\/uploads\/2024\/02\/cropped-relox-logogo.png","width":512,"height":512,"caption":"RELOX AG"},"image":{"@id":"https:\/\/relox.de\/de\/#\/schema\/logo\/image\/"}}]}},"_links":{"self":[{"href":"http:\/\/relox.de\/en\/wp-json\/wp\/v2\/pages\/463"}],"collection":[{"href":"http:\/\/relox.de\/en\/wp-json\/wp\/v2\/pages"}],"about":[{"href":"http:\/\/relox.de\/en\/wp-json\/wp\/v2\/types\/page"}],"author":[{"embeddable":true,"href":"http:\/\/relox.de\/en\/wp-json\/wp\/v2\/users\/1"}],"replies":[{"embeddable":true,"href":"http:\/\/relox.de\/en\/wp-json\/wp\/v2\/comments?post=463"}],"version-history":[{"count":175,"href":"http:\/\/relox.de\/en\/wp-json\/wp\/v2\/pages\/463\/revisions"}],"predecessor-version":[{"id":2897,"href":"http:\/\/relox.de\/en\/wp-json\/wp\/v2\/pages\/463\/revisions\/2897"}],"wp:attachment":[{"href":"http:\/\/relox.de\/en\/wp-json\/wp\/v2\/media?parent=463"}],"curies":[{"name":"wp","href":"https:\/\/api.w.org\/{rel}","templated":true}]}}