{"id":472,"date":"2024-02-12T10:16:44","date_gmt":"2024-02-12T10:16:44","guid":{"rendered":"http:\/\/relox.de\/?page_id=169"},"modified":"2024-04-11T08:30:23","modified_gmt":"2024-04-11T08:30:23","slug":"fertigung","status":"publish","type":"page","link":"http:\/\/relox.de\/de\/fertigung\/","title":{"rendered":"Fertigung &#038; Service"},"content":{"rendered":"\t\t<div data-elementor-type=\"wp-page\" data-elementor-id=\"472\" class=\"elementor elementor-472\" data-elementor-post-type=\"page\">\n\t\t\t\t<div class=\"elementor-element elementor-element-d9f6617 e-flex e-con-boxed e-con e-parent\" data-id=\"d9f6617\" data-element_type=\"container\">\n\t\t\t\t\t<div class=\"e-con-inner\">\n\t\t\t\t<div class=\"elementor-element elementor-element-aaa473c elementor-widget elementor-widget-heading\" data-id=\"aaa473c\" data-element_type=\"widget\" data-widget_type=\"heading.default\">\n\t\t\t\t<div class=\"elementor-widget-container\">\n\t\t\t\t\t<h2 class=\"elementor-heading-title elementor-size-default\">FERTIGUNG &amp; Service<\/h2>\t\t\t\t<\/div>\n\t\t\t\t<\/div>\n\t\t\t\t<div class=\"elementor-element elementor-element-6be7587 elementor-widget-divider--view-line elementor-widget elementor-widget-divider\" data-id=\"6be7587\" data-element_type=\"widget\" data-widget_type=\"divider.default\">\n\t\t\t\t<div class=\"elementor-widget-container\">\n\t\t\t\t\t\t\t<div class=\"elementor-divider\">\n\t\t\t<span class=\"elementor-divider-separator\">\n\t\t\t\t\t\t<\/span>\n\t\t<\/div>\n\t\t\t\t\t\t<\/div>\n\t\t\t\t<\/div>\n\t\t<div class=\"elementor-element elementor-element-616099a e-flex e-con-boxed e-con e-child\" data-id=\"616099a\" data-element_type=\"container\">\n\t\t\t\t\t<div class=\"e-con-inner\">\n\t\t<div class=\"elementor-element elementor-element-39ba534 e-con-full e-flex e-con e-child\" data-id=\"39ba534\" data-element_type=\"container\">\n\t\t\t\t<div class=\"elementor-element elementor-element-5642707 elementor-widget elementor-widget-image\" data-id=\"5642707\" data-element_type=\"widget\" data-widget_type=\"image.default\">\n\t\t\t\t<div class=\"elementor-widget-container\">\n\t\t\t\t\t\t\t\t\t\t\t\t\t\t\t<img fetchpriority=\"high\" decoding=\"async\" width=\"800\" height=\"600\" src=\"https:\/\/relox.de\/wp-content\/uploads\/2024\/03\/KAIMA-2-002-1-1024x768.png\" class=\"attachment-large size-large wp-image-2531\" alt=\"\" srcset=\"https:\/\/relox.de\/wp-content\/uploads\/2024\/03\/KAIMA-2-002-1-1024x768.png 1024w, https:\/\/relox.de\/wp-content\/uploads\/2024\/03\/KAIMA-2-002-1-300x225.png 300w, https:\/\/relox.de\/wp-content\/uploads\/2024\/03\/KAIMA-2-002-1-768x576.png 768w, https:\/\/relox.de\/wp-content\/uploads\/2024\/03\/KAIMA-2-002-1-1536x1152.png 1536w, https:\/\/relox.de\/wp-content\/uploads\/2024\/03\/KAIMA-2-002-1-2048x1536.png 2048w, https:\/\/relox.de\/wp-content\/uploads\/2024\/03\/KAIMA-2-002-1-16x12.png 16w\" sizes=\"(max-width: 800px) 100vw, 800px\" \/>\t\t\t\t\t\t\t\t\t\t\t\t\t\t\t<\/div>\n\t\t\t\t<\/div>\n\t\t\t\t<\/div>\n\t\t<div class=\"elementor-element elementor-element-cddd483 e-flex e-con-boxed e-con e-child\" data-id=\"cddd483\" data-element_type=\"container\">\n\t\t\t\t\t<div class=\"e-con-inner\">\n\t\t\t\t<div class=\"elementor-element elementor-element-2b99038 elementor-widget elementor-widget-text-editor\" data-id=\"2b99038\" data-element_type=\"widget\" data-widget_type=\"text-editor.default\">\n\t\t\t\t<div class=\"elementor-widget-container\">\n\t\t\t\t\t\t\t\t\t<p style=\"text-align: left;\">Montageeinsatz von RELOX TECHNIK<\/p>\t\t\t\t\t\t\t\t<\/div>\n\t\t\t\t<\/div>\n\t\t\t\t<div class=\"elementor-element elementor-element-922fcae elementor-widget elementor-widget-text-editor\" data-id=\"922fcae\" data-element_type=\"widget\" data-widget_type=\"text-editor.default\">\n\t\t\t\t<div class=\"elementor-widget-container\">\n\t\t\t\t\t\t\t\t\t<div class=\"elementor-element elementor-element-f4e4de5 elementor-widget elementor-widget-text-editor\" data-id=\"f4e4de5\" data-element_type=\"widget\" data-widget_type=\"text-editor.default\"><div class=\"elementor-widget-container\"><p>Um den Kundennutzen zu mehren, ist eine kontinuierliche Verbesserung der Fertigung und der Produkte erforderlich. Es muss eine Kultur der Innovationen organisiert werden, in der die Ergebnisse der Anlagen im Markt ausgewertet, verstanden und m\u00f6glichst vollst\u00e4ndig innerhalb der Fertigung zur Kenntnis gebracht werden.<\/p><p>Bei RELOX wird dieser Prozess getragen durch den Einsatz der Mitarbeiter aus der Fertigung bei der Anlagenmontage und bei Wartungsarbeiten.<\/p><p>R\u00fcckblickend kann man feststellen, dass eine Vielzahl von Verbesserungsvorschl\u00e4gen aus der Fertigung kamen. Denn f\u00fcr den Erfolg unserer Anlagen ist die unmittelbare N\u00e4he zu unseren Kunden essentiell.<\/p><\/div><\/div>\t\t\t\t\t\t\t\t<\/div>\n\t\t\t\t<\/div>\n\t\t\t\t\t<\/div>\n\t\t\t\t<\/div>\n\t\t\t\t\t<\/div>\n\t\t\t\t<\/div>\n\t\t<div class=\"elementor-element elementor-element-b424aad e-flex e-con-boxed e-con e-child\" data-id=\"b424aad\" data-element_type=\"container\">\n\t\t\t\t\t<div class=\"e-con-inner\">\n\t\t<div class=\"elementor-element elementor-element-8e62812 e-con-full e-flex e-con e-child\" data-id=\"8e62812\" data-element_type=\"container\">\n\t\t\t\t<div class=\"elementor-element elementor-element-c49ca3f elementor-widget__width-initial elementor-widget elementor-widget-image\" data-id=\"c49ca3f\" data-element_type=\"widget\" data-widget_type=\"image.default\">\n\t\t\t\t<div class=\"elementor-widget-container\">\n\t\t\t\t\t\t\t\t\t\t\t\t\t\t\t<img decoding=\"async\" width=\"800\" height=\"534\" src=\"https:\/\/relox.de\/wp-content\/uploads\/2024\/02\/DSC0761relox-1024x683.jpg\" class=\"attachment-large size-large wp-image-525\" alt=\"\" srcset=\"https:\/\/relox.de\/wp-content\/uploads\/2024\/02\/DSC0761relox-1024x683.jpg 1024w, https:\/\/relox.de\/wp-content\/uploads\/2024\/02\/DSC0761relox-300x200.jpg 300w, https:\/\/relox.de\/wp-content\/uploads\/2024\/02\/DSC0761relox-768x512.jpg 768w, https:\/\/relox.de\/wp-content\/uploads\/2024\/02\/DSC0761relox-1536x1024.jpg 1536w, https:\/\/relox.de\/wp-content\/uploads\/2024\/02\/DSC0761relox-2048x1366.jpg 2048w, https:\/\/relox.de\/wp-content\/uploads\/2024\/02\/DSC0761relox-18x12.jpg 18w\" sizes=\"(max-width: 800px) 100vw, 800px\" \/>\t\t\t\t\t\t\t\t\t\t\t\t\t\t\t<\/div>\n\t\t\t\t<\/div>\n\t\t\t\t<div class=\"elementor-element elementor-element-320626f elementor-widget__width-initial elementor-widget elementor-widget-image\" data-id=\"320626f\" data-element_type=\"widget\" data-widget_type=\"image.default\">\n\t\t\t\t<div class=\"elementor-widget-container\">\n\t\t\t\t\t\t\t\t\t\t\t\t\t\t\t<img decoding=\"async\" width=\"800\" height=\"534\" src=\"https:\/\/relox.de\/wp-content\/uploads\/2024\/02\/DSC1679lack1-1024x683.jpg\" class=\"attachment-large size-large wp-image-1456\" alt=\"\" srcset=\"https:\/\/relox.de\/wp-content\/uploads\/2024\/02\/DSC1679lack1-1024x683.jpg 1024w, https:\/\/relox.de\/wp-content\/uploads\/2024\/02\/DSC1679lack1-300x200.jpg 300w, https:\/\/relox.de\/wp-content\/uploads\/2024\/02\/DSC1679lack1-768x512.jpg 768w, https:\/\/relox.de\/wp-content\/uploads\/2024\/02\/DSC1679lack1-1536x1024.jpg 1536w, https:\/\/relox.de\/wp-content\/uploads\/2024\/02\/DSC1679lack1-2048x1366.jpg 2048w, https:\/\/relox.de\/wp-content\/uploads\/2024\/02\/DSC1679lack1-18x12.jpg 18w\" sizes=\"(max-width: 800px) 100vw, 800px\" \/>\t\t\t\t\t\t\t\t\t\t\t\t\t\t\t<\/div>\n\t\t\t\t<\/div>\n\t\t\t\t<div class=\"elementor-element elementor-element-237f4e1 elementor-widget-tablet__width-initial elementor-widget elementor-widget-image\" data-id=\"237f4e1\" data-element_type=\"widget\" data-widget_type=\"image.default\">\n\t\t\t\t<div class=\"elementor-widget-container\">\n\t\t\t\t\t\t\t\t\t\t\t\t\t\t\t<img loading=\"lazy\" decoding=\"async\" width=\"800\" height=\"534\" src=\"https:\/\/relox.de\/wp-content\/uploads\/2024\/02\/DSC0863relox9-2-1024x683.jpg\" class=\"attachment-large size-large wp-image-524\" alt=\"\" srcset=\"https:\/\/relox.de\/wp-content\/uploads\/2024\/02\/DSC0863relox9-2-1024x683.jpg 1024w, https:\/\/relox.de\/wp-content\/uploads\/2024\/02\/DSC0863relox9-2-300x200.jpg 300w, https:\/\/relox.de\/wp-content\/uploads\/2024\/02\/DSC0863relox9-2-768x512.jpg 768w, https:\/\/relox.de\/wp-content\/uploads\/2024\/02\/DSC0863relox9-2-1536x1024.jpg 1536w, https:\/\/relox.de\/wp-content\/uploads\/2024\/02\/DSC0863relox9-2-2048x1366.jpg 2048w, https:\/\/relox.de\/wp-content\/uploads\/2024\/02\/DSC0863relox9-2-18x12.jpg 18w\" sizes=\"(max-width: 800px) 100vw, 800px\" \/>\t\t\t\t\t\t\t\t\t\t\t\t\t\t\t<\/div>\n\t\t\t\t<\/div>\n\t\t\t\t<\/div>\n\t\t\t\t\t<\/div>\n\t\t\t\t<\/div>\n\t\t\t\t<div class=\"elementor-element elementor-element-e782542 elementor-widget elementor-widget-text-editor\" data-id=\"e782542\" data-element_type=\"widget\" data-widget_type=\"text-editor.default\">\n\t\t\t\t<div class=\"elementor-widget-container\">\n\t\t\t\t\t\t\t\t\t<p style=\"text-align: left;\">Fertigungsarbeiten bei RELOX ANLAGEN in Bremerhaven<\/p>\t\t\t\t\t\t\t\t<\/div>\n\t\t\t\t<\/div>\n\t\t\t\t<div class=\"elementor-element elementor-element-0e7fd5c elementor-widget-divider--view-line elementor-widget elementor-widget-divider\" data-id=\"0e7fd5c\" data-element_type=\"widget\" data-widget_type=\"divider.default\">\n\t\t\t\t<div class=\"elementor-widget-container\">\n\t\t\t\t\t\t\t<div class=\"elementor-divider\">\n\t\t\t<span class=\"elementor-divider-separator\">\n\t\t\t\t\t\t<\/span>\n\t\t<\/div>\n\t\t\t\t\t\t<\/div>\n\t\t\t\t<\/div>\n\t\t\t\t\t<\/div>\n\t\t\t\t<\/div>\n\t\t\t\t<\/div>\n\t\t","protected":false},"excerpt":{"rendered":"<p>FERTIGUNG &amp; Service Montageeinsatz von RELOX TECHNIK Um den Kundennutzen zu mehren, ist eine kontinuierliche Verbesserung der Fertigung und der Produkte erforderlich. Es muss eine Kultur der Innovationen organisiert werden, in der die Ergebnisse der Anlagen im Markt ausgewertet, verstanden und m\u00f6glichst vollst\u00e4ndig innerhalb der Fertigung zur Kenntnis gebracht werden. Bei RELOX wird dieser Prozess [&hellip;]<\/p>\n","protected":false},"author":1,"featured_media":0,"parent":0,"menu_order":0,"comment_status":"closed","ping_status":"closed","template":"","meta":{"_monsterinsights_skip_tracking":false,"_monsterinsights_sitenote_active":false,"_monsterinsights_sitenote_note":"","_monsterinsights_sitenote_category":0,"footnotes":""},"yoast_head":"<!-- This site is optimized with the Yoast SEO plugin v24.5 - https:\/\/yoast.com\/wordpress\/plugins\/seo\/ -->\n<title>Fertigung &amp; Service - RELOX GRUPPE<\/title>\n<meta name=\"robots\" content=\"index, follow, max-snippet:-1, max-image-preview:large, max-video-preview:-1\" \/>\n<link rel=\"canonical\" href=\"https:\/\/relox.de\/de\/fertigung\/\" \/>\n<meta property=\"og:locale\" content=\"de_DE\" \/>\n<meta property=\"og:type\" content=\"article\" \/>\n<meta property=\"og:title\" content=\"Fertigung &amp; Service - RELOX GRUPPE\" \/>\n<meta property=\"og:description\" content=\"FERTIGUNG &amp; Service Montageeinsatz von RELOX TECHNIK Um den Kundennutzen zu mehren, ist eine kontinuierliche Verbesserung der Fertigung und der Produkte erforderlich. Es muss eine Kultur der Innovationen organisiert werden, in der die Ergebnisse der Anlagen im Markt ausgewertet, verstanden und m\u00f6glichst vollst\u00e4ndig innerhalb der Fertigung zur Kenntnis gebracht werden. Bei RELOX wird dieser Prozess [&hellip;]\" \/>\n<meta property=\"og:url\" content=\"https:\/\/relox.de\/de\/fertigung\/\" \/>\n<meta property=\"og:site_name\" content=\"RELOX GRUPPE\" \/>\n<meta property=\"article:modified_time\" content=\"2024-04-11T08:30:23+00:00\" \/>\n<meta property=\"og:image\" content=\"https:\/\/relox.de\/wp-content\/uploads\/2024\/03\/KAIMA-2-002-1-1024x768.png\" \/>\n<meta name=\"twitter:card\" content=\"summary_large_image\" \/>\n<meta name=\"twitter:label1\" content=\"Gesch\u00e4tzte Lesezeit\" \/>\n\t<meta name=\"twitter:data1\" content=\"2 Minuten\" \/>\n<script type=\"application\/ld+json\" class=\"yoast-schema-graph\">{\"@context\":\"https:\/\/schema.org\",\"@graph\":[{\"@type\":\"WebPage\",\"@id\":\"https:\/\/relox.de\/fertigung\/\",\"url\":\"https:\/\/relox.de\/fertigung\/\",\"name\":\"Fertigung & Service - RELOX GRUPPE\",\"isPartOf\":{\"@id\":\"https:\/\/relox.de\/de\/#website\"},\"primaryImageOfPage\":{\"@id\":\"https:\/\/relox.de\/fertigung\/#primaryimage\"},\"image\":{\"@id\":\"https:\/\/relox.de\/fertigung\/#primaryimage\"},\"thumbnailUrl\":\"https:\/\/relox.de\/wp-content\/uploads\/2024\/03\/KAIMA-2-002-1-1024x768.png\",\"datePublished\":\"2024-02-12T10:16:44+00:00\",\"dateModified\":\"2024-04-11T08:30:23+00:00\",\"breadcrumb\":{\"@id\":\"https:\/\/relox.de\/fertigung\/#breadcrumb\"},\"inLanguage\":\"de-DE\",\"potentialAction\":[{\"@type\":\"ReadAction\",\"target\":[\"https:\/\/relox.de\/fertigung\/\"]}]},{\"@type\":\"ImageObject\",\"inLanguage\":\"de-DE\",\"@id\":\"https:\/\/relox.de\/fertigung\/#primaryimage\",\"url\":\"https:\/\/relox.de\/wp-content\/uploads\/2024\/03\/KAIMA-2-002-1-1024x768.png\",\"contentUrl\":\"https:\/\/relox.de\/wp-content\/uploads\/2024\/03\/KAIMA-2-002-1-1024x768.png\"},{\"@type\":\"BreadcrumbList\",\"@id\":\"https:\/\/relox.de\/fertigung\/#breadcrumb\",\"itemListElement\":[{\"@type\":\"ListItem\",\"position\":1,\"name\":\"Startseite\",\"item\":\"https:\/\/relox.de\/\"},{\"@type\":\"ListItem\",\"position\":2,\"name\":\"Fertigung &#038; Service\"}]},{\"@type\":\"WebSite\",\"@id\":\"https:\/\/relox.de\/de\/#website\",\"url\":\"https:\/\/relox.de\/de\/\",\"name\":\"RELOX GRUPPE\",\"description\":\"Ihr Gewinn durch unsere Technik\",\"publisher\":{\"@id\":\"https:\/\/relox.de\/de\/#organization\"},\"potentialAction\":[{\"@type\":\"SearchAction\",\"target\":{\"@type\":\"EntryPoint\",\"urlTemplate\":\"https:\/\/relox.de\/de\/?s={search_term_string}\"},\"query-input\":{\"@type\":\"PropertyValueSpecification\",\"valueRequired\":true,\"valueName\":\"search_term_string\"}}],\"inLanguage\":\"de-DE\"},{\"@type\":\"Organization\",\"@id\":\"https:\/\/relox.de\/de\/#organization\",\"name\":\"RELOX AG\",\"url\":\"https:\/\/relox.de\/de\/\",\"logo\":{\"@type\":\"ImageObject\",\"inLanguage\":\"de-DE\",\"@id\":\"https:\/\/relox.de\/de\/#\/schema\/logo\/image\/\",\"url\":\"http:\/\/relox.de\/wp-content\/uploads\/2024\/02\/cropped-relox-logogo.png\",\"contentUrl\":\"http:\/\/relox.de\/wp-content\/uploads\/2024\/02\/cropped-relox-logogo.png\",\"width\":512,\"height\":512,\"caption\":\"RELOX AG\"},\"image\":{\"@id\":\"https:\/\/relox.de\/de\/#\/schema\/logo\/image\/\"}}]}<\/script>\n<!-- \/ Yoast SEO plugin. -->","yoast_head_json":{"title":"Fertigung & Service - RELOX GRUPPE","robots":{"index":"index","follow":"follow","max-snippet":"max-snippet:-1","max-image-preview":"max-image-preview:large","max-video-preview":"max-video-preview:-1"},"canonical":"https:\/\/relox.de\/de\/fertigung\/","og_locale":"de_DE","og_type":"article","og_title":"Fertigung & Service - RELOX GRUPPE","og_description":"FERTIGUNG &amp; Service Montageeinsatz von RELOX TECHNIK Um den Kundennutzen zu mehren, ist eine kontinuierliche Verbesserung der Fertigung und der Produkte erforderlich. Es muss eine Kultur der Innovationen organisiert werden, in der die Ergebnisse der Anlagen im Markt ausgewertet, verstanden und m\u00f6glichst vollst\u00e4ndig innerhalb der Fertigung zur Kenntnis gebracht werden. Bei RELOX wird dieser Prozess [&hellip;]","og_url":"https:\/\/relox.de\/de\/fertigung\/","og_site_name":"RELOX GRUPPE","article_modified_time":"2024-04-11T08:30:23+00:00","og_image":[{"url":"https:\/\/relox.de\/wp-content\/uploads\/2024\/03\/KAIMA-2-002-1-1024x768.png","type":"","width":"","height":""}],"twitter_card":"summary_large_image","twitter_misc":{"Gesch\u00e4tzte Lesezeit":"2 Minuten"},"schema":{"@context":"https:\/\/schema.org","@graph":[{"@type":"WebPage","@id":"https:\/\/relox.de\/fertigung\/","url":"https:\/\/relox.de\/fertigung\/","name":"Fertigung & Service - RELOX GRUPPE","isPartOf":{"@id":"https:\/\/relox.de\/de\/#website"},"primaryImageOfPage":{"@id":"https:\/\/relox.de\/fertigung\/#primaryimage"},"image":{"@id":"https:\/\/relox.de\/fertigung\/#primaryimage"},"thumbnailUrl":"https:\/\/relox.de\/wp-content\/uploads\/2024\/03\/KAIMA-2-002-1-1024x768.png","datePublished":"2024-02-12T10:16:44+00:00","dateModified":"2024-04-11T08:30:23+00:00","breadcrumb":{"@id":"https:\/\/relox.de\/fertigung\/#breadcrumb"},"inLanguage":"de-DE","potentialAction":[{"@type":"ReadAction","target":["https:\/\/relox.de\/fertigung\/"]}]},{"@type":"ImageObject","inLanguage":"de-DE","@id":"https:\/\/relox.de\/fertigung\/#primaryimage","url":"https:\/\/relox.de\/wp-content\/uploads\/2024\/03\/KAIMA-2-002-1-1024x768.png","contentUrl":"https:\/\/relox.de\/wp-content\/uploads\/2024\/03\/KAIMA-2-002-1-1024x768.png"},{"@type":"BreadcrumbList","@id":"https:\/\/relox.de\/fertigung\/#breadcrumb","itemListElement":[{"@type":"ListItem","position":1,"name":"Startseite","item":"https:\/\/relox.de\/"},{"@type":"ListItem","position":2,"name":"Fertigung &#038; Service"}]},{"@type":"WebSite","@id":"https:\/\/relox.de\/de\/#website","url":"https:\/\/relox.de\/de\/","name":"RELOX GRUPPE","description":"Ihr Gewinn durch unsere Technik","publisher":{"@id":"https:\/\/relox.de\/de\/#organization"},"potentialAction":[{"@type":"SearchAction","target":{"@type":"EntryPoint","urlTemplate":"https:\/\/relox.de\/de\/?s={search_term_string}"},"query-input":{"@type":"PropertyValueSpecification","valueRequired":true,"valueName":"search_term_string"}}],"inLanguage":"de-DE"},{"@type":"Organization","@id":"https:\/\/relox.de\/de\/#organization","name":"RELOX AG","url":"https:\/\/relox.de\/de\/","logo":{"@type":"ImageObject","inLanguage":"de-DE","@id":"https:\/\/relox.de\/de\/#\/schema\/logo\/image\/","url":"http:\/\/relox.de\/wp-content\/uploads\/2024\/02\/cropped-relox-logogo.png","contentUrl":"http:\/\/relox.de\/wp-content\/uploads\/2024\/02\/cropped-relox-logogo.png","width":512,"height":512,"caption":"RELOX AG"},"image":{"@id":"https:\/\/relox.de\/de\/#\/schema\/logo\/image\/"}}]}},"_links":{"self":[{"href":"http:\/\/relox.de\/de\/wp-json\/wp\/v2\/pages\/472"}],"collection":[{"href":"http:\/\/relox.de\/de\/wp-json\/wp\/v2\/pages"}],"about":[{"href":"http:\/\/relox.de\/de\/wp-json\/wp\/v2\/types\/page"}],"author":[{"embeddable":true,"href":"http:\/\/relox.de\/de\/wp-json\/wp\/v2\/users\/1"}],"replies":[{"embeddable":true,"href":"http:\/\/relox.de\/de\/wp-json\/wp\/v2\/comments?post=472"}],"version-history":[{"count":110,"href":"http:\/\/relox.de\/de\/wp-json\/wp\/v2\/pages\/472\/revisions"}],"predecessor-version":[{"id":2819,"href":"http:\/\/relox.de\/de\/wp-json\/wp\/v2\/pages\/472\/revisions\/2819"}],"wp:attachment":[{"href":"http:\/\/relox.de\/de\/wp-json\/wp\/v2\/media?parent=472"}],"curies":[{"name":"wp","href":"https:\/\/api.w.org\/{rel}","templated":true}]}}