{"id":470,"date":"2024-02-12T10:16:18","date_gmt":"2024-02-12T10:16:18","guid":{"rendered":"http:\/\/relox.de\/?page_id=165"},"modified":"2024-04-11T08:32:27","modified_gmt":"2024-04-11T08:32:27","slug":"energierueckgewinnung","status":"publish","type":"page","link":"http:\/\/relox.de\/de\/energierueckgewinnung\/","title":{"rendered":"Energier\u00fcckgewinnung"},"content":{"rendered":"\t\t<div data-elementor-type=\"wp-page\" data-elementor-id=\"470\" class=\"elementor elementor-470\" data-elementor-post-type=\"page\">\n\t\t\t\t<div class=\"elementor-element elementor-element-53ec7681 e-flex e-con-boxed e-con e-parent\" data-id=\"53ec7681\" data-element_type=\"container\">\n\t\t\t\t\t<div class=\"e-con-inner\">\n\t\t\t\t<div class=\"elementor-element elementor-element-2cff2e0e elementor-hidden-tablet elementor-hidden-mobile elementor-widget elementor-widget-heading\" data-id=\"2cff2e0e\" data-element_type=\"widget\" data-widget_type=\"heading.default\">\n\t\t\t\t<div class=\"elementor-widget-container\">\n\t\t\t\t\t<h2 class=\"elementor-heading-title elementor-size-default\">ENERGIER\u00dcCKGEWINNUNG<\/h2>\t\t\t\t<\/div>\n\t\t\t\t<\/div>\n\t\t\t\t<div class=\"elementor-element elementor-element-77b379f elementor-hidden-desktop elementor-hidden-laptop elementor-widget elementor-widget-heading\" data-id=\"77b379f\" data-element_type=\"widget\" data-widget_type=\"heading.default\">\n\t\t\t\t<div class=\"elementor-widget-container\">\n\t\t\t\t\t<h2 class=\"elementor-heading-title elementor-size-default\">ENERGIE-R\u00dcCKGEWINNUNG<\/h2>\t\t\t\t<\/div>\n\t\t\t\t<\/div>\n\t\t\t\t<div class=\"elementor-element elementor-element-766c4ba9 elementor-widget-divider--view-line elementor-widget elementor-widget-divider\" data-id=\"766c4ba9\" data-element_type=\"widget\" data-widget_type=\"divider.default\">\n\t\t\t\t<div class=\"elementor-widget-container\">\n\t\t\t\t\t\t\t<div class=\"elementor-divider\">\n\t\t\t<span class=\"elementor-divider-separator\">\n\t\t\t\t\t\t<\/span>\n\t\t<\/div>\n\t\t\t\t\t\t<\/div>\n\t\t\t\t<\/div>\n\t\t\t\t<div class=\"elementor-element elementor-element-346e8d1 elementor-widget elementor-widget-text-editor\" data-id=\"346e8d1\" data-element_type=\"widget\" data-widget_type=\"text-editor.default\">\n\t\t\t\t<div class=\"elementor-widget-container\">\n\t\t\t\t\t\t\t\t\t<div data-id=\"f4e4de5\" data-element_type=\"widget\" data-widget_type=\"text-editor.default\"><div><p>RELOX ist <span style=\"text-decoration: underline;\"><strong>kein<\/strong><\/span> \u201eend of the pipe\u201d-Lieferant.<\/p><p>Vielmehr ist es unser Bestreben, die Kundenprozesse m\u00f6glichst vollst\u00e4ndig zu erfassen.<\/p><p>Das Herzst\u00fcck unserer Konzeption ist der Energieverbund. Im Idealfall gibt es im Betrieb nur eine W\u00e4rmequelle: Die RTO-Anlage! Zur Nutzung der L\u00f6semittelw\u00e4rme liefert RELOX neben Warm- und Hei\u00dfwasser-W\u00e4rmetauscher auch Dampf- und Thermo\u00f6l erhitzes sowie ORC-Anlagen zur Stromerzeugung und Asorptionsk\u00e4lteanlagen zur K\u00e4lteerzeugung.<\/p><\/div><\/div>\t\t\t\t\t\t\t\t<\/div>\n\t\t\t\t<\/div>\n\t\t\t\t<div class=\"elementor-element elementor-element-337a42f elementor-widget-divider--view-line elementor-widget elementor-widget-divider\" data-id=\"337a42f\" data-element_type=\"widget\" data-widget_type=\"divider.default\">\n\t\t\t\t<div class=\"elementor-widget-container\">\n\t\t\t\t\t\t\t<div class=\"elementor-divider\">\n\t\t\t<span class=\"elementor-divider-separator\">\n\t\t\t\t\t\t<\/span>\n\t\t<\/div>\n\t\t\t\t\t\t<\/div>\n\t\t\t\t<\/div>\n\t\t<div class=\"elementor-element elementor-element-cc13504 e-flex e-con-boxed e-con e-child\" data-id=\"cc13504\" data-element_type=\"container\">\n\t\t\t\t\t<div class=\"e-con-inner\">\n\t\t<div class=\"elementor-element elementor-element-28964365 e-con-full e-flex e-con e-child\" data-id=\"28964365\" data-element_type=\"container\">\n\t\t\t\t<div class=\"elementor-element elementor-element-1dffeb7e elementor-widget elementor-widget-image\" data-id=\"1dffeb7e\" data-element_type=\"widget\" data-widget_type=\"image.default\">\n\t\t\t\t<div class=\"elementor-widget-container\">\n\t\t\t\t\t\t\t\t\t\t\t\t\t\t\t<img fetchpriority=\"high\" decoding=\"async\" width=\"800\" height=\"388\" src=\"https:\/\/relox.de\/wp-content\/uploads\/2024\/02\/EFI-2-002-1024x497.jpg\" class=\"attachment-large size-large wp-image-2137\" alt=\"\" srcset=\"https:\/\/relox.de\/wp-content\/uploads\/2024\/02\/EFI-2-002-1024x497.jpg 1024w, https:\/\/relox.de\/wp-content\/uploads\/2024\/02\/EFI-2-002-300x146.jpg 300w, https:\/\/relox.de\/wp-content\/uploads\/2024\/02\/EFI-2-002-768x373.jpg 768w, https:\/\/relox.de\/wp-content\/uploads\/2024\/02\/EFI-2-002-1536x746.jpg 1536w, https:\/\/relox.de\/wp-content\/uploads\/2024\/02\/EFI-2-002-18x9.jpg 18w, https:\/\/relox.de\/wp-content\/uploads\/2024\/02\/EFI-2-002.jpg 1600w\" sizes=\"(max-width: 800px) 100vw, 800px\" \/>\t\t\t\t\t\t\t\t\t\t\t\t\t\t\t<\/div>\n\t\t\t\t<\/div>\n\t\t\t\t<\/div>\n\t\t<div class=\"elementor-element elementor-element-b588732 e-con-full e-flex e-con e-child\" data-id=\"b588732\" data-element_type=\"container\">\n\t\t\t\t<div class=\"elementor-element elementor-element-ad6f65d elementor-widget elementor-widget-text-editor\" data-id=\"ad6f65d\" data-element_type=\"widget\" data-widget_type=\"text-editor.default\">\n\t\t\t\t<div class=\"elementor-widget-container\">\n\t\t\t\t\t\t\t\t\t<div class=\"elementor-element elementor-element-f4e4de5 elementor-widget elementor-widget-text-editor\" data-id=\"f4e4de5\" data-element_type=\"widget\" data-widget_type=\"text-editor.default\"><div class=\"elementor-widget-container\"><p>REGENUS-RTO, 10.000 Nm\u00b3\/h in Ungarn mit W\u00e4rmer\u00fcckgewinnung durch Warmwasser-W\u00e4rmetauscher.<\/p><\/div><\/div>\t\t\t\t\t\t\t\t<\/div>\n\t\t\t\t<\/div>\n\t\t\t\t<div class=\"elementor-element elementor-element-7bb5450 elementor-widget elementor-widget-text-editor\" data-id=\"7bb5450\" data-element_type=\"widget\" data-widget_type=\"text-editor.default\">\n\t\t\t\t<div class=\"elementor-widget-container\">\n\t\t\t\t\t\t\t\t\t<p style=\"text-align: left;\">Unser Projekt EFI<\/p>\t\t\t\t\t\t\t\t<\/div>\n\t\t\t\t<\/div>\n\t\t\t\t<\/div>\n\t\t\t\t\t<\/div>\n\t\t\t\t<\/div>\n\t\t<div class=\"elementor-element elementor-element-c9899c2 e-flex e-con-boxed e-con e-child\" data-id=\"c9899c2\" data-element_type=\"container\">\n\t\t\t\t\t<div class=\"e-con-inner\">\n\t\t<div class=\"elementor-element elementor-element-33869c6 e-con-full e-flex e-con e-child\" data-id=\"33869c6\" data-element_type=\"container\">\n\t\t\t\t<div class=\"elementor-element elementor-element-195bd33 elementor-widget elementor-widget-image\" data-id=\"195bd33\" data-element_type=\"widget\" data-widget_type=\"image.default\">\n\t\t\t\t<div class=\"elementor-widget-container\">\n\t\t\t\t\t\t\t\t\t\t\t\t\t\t\t<img decoding=\"async\" width=\"800\" height=\"600\" src=\"https:\/\/relox.de\/wp-content\/uploads\/2024\/02\/HURA-2025-1024x768.jpg\" class=\"attachment-large size-large wp-image-2138\" alt=\"\" srcset=\"https:\/\/relox.de\/wp-content\/uploads\/2024\/02\/HURA-2025-1024x768.jpg 1024w, https:\/\/relox.de\/wp-content\/uploads\/2024\/02\/HURA-2025-300x225.jpg 300w, https:\/\/relox.de\/wp-content\/uploads\/2024\/02\/HURA-2025-768x576.jpg 768w, https:\/\/relox.de\/wp-content\/uploads\/2024\/02\/HURA-2025-1536x1152.jpg 1536w, https:\/\/relox.de\/wp-content\/uploads\/2024\/02\/HURA-2025-2048x1536.jpg 2048w, https:\/\/relox.de\/wp-content\/uploads\/2024\/02\/HURA-2025-16x12.jpg 16w\" sizes=\"(max-width: 800px) 100vw, 800px\" \/>\t\t\t\t\t\t\t\t\t\t\t\t\t\t\t<\/div>\n\t\t\t\t<\/div>\n\t\t\t\t<\/div>\n\t\t<div class=\"elementor-element elementor-element-c13c7cd e-con-full e-flex e-con e-child\" data-id=\"c13c7cd\" data-element_type=\"container\">\n\t\t\t\t<div class=\"elementor-element elementor-element-c77d803 elementor-widget elementor-widget-text-editor\" data-id=\"c77d803\" data-element_type=\"widget\" data-widget_type=\"text-editor.default\">\n\t\t\t\t<div class=\"elementor-widget-container\">\n\t\t\t\t\t\t\t\t\t<div class=\"elementor-element elementor-element-f4e4de5 elementor-widget elementor-widget-text-editor\" data-id=\"f4e4de5\" data-element_type=\"widget\" data-widget_type=\"text-editor.default\"><div class=\"elementor-widget-container\"><p>REGENUS-RTO, 25.000 Nm\u00b3\/h, erweiterbar auf 40.000 Nm\u00b3\/h in China mit W\u00e4rmer\u00fcckgewinnung durch Hei\u00dfwasser-W\u00e4rmetauscher.<\/p><\/div><\/div>\t\t\t\t\t\t\t\t<\/div>\n\t\t\t\t<\/div>\n\t\t\t\t<div class=\"elementor-element elementor-element-701d516 elementor-widget elementor-widget-text-editor\" data-id=\"701d516\" data-element_type=\"widget\" data-widget_type=\"text-editor.default\">\n\t\t\t\t<div class=\"elementor-widget-container\">\n\t\t\t\t\t\t\t\t\t<p style=\"text-align: left;\">Unser Projekt HURA<\/p>\t\t\t\t\t\t\t\t<\/div>\n\t\t\t\t<\/div>\n\t\t\t\t<\/div>\n\t\t\t\t\t<\/div>\n\t\t\t\t<\/div>\n\t\t<div class=\"elementor-element elementor-element-38155900 e-flex e-con-boxed e-con e-child\" data-id=\"38155900\" data-element_type=\"container\">\n\t\t\t\t\t<div class=\"e-con-inner\">\n\t\t<div class=\"elementor-element elementor-element-126a5def e-con-full e-flex e-con e-child\" data-id=\"126a5def\" data-element_type=\"container\">\n\t\t\t\t<div class=\"elementor-element elementor-element-601fcc9f elementor-widget elementor-widget-text-editor\" data-id=\"601fcc9f\" data-element_type=\"widget\" data-widget_type=\"text-editor.default\">\n\t\t\t\t<div class=\"elementor-widget-container\">\n\t\t\t\t\t\t\t\t\t<div class=\"elementor-element elementor-element-f4e4de5 elementor-widget elementor-widget-text-editor\" data-id=\"f4e4de5\" data-element_type=\"widget\" data-widget_type=\"text-editor.default\"><div class=\"elementor-widget-container\"><p>REGENUS-RTO, 20.000 Nm\u00b3\/h in Deutschland mit W\u00e4rmer\u00fcckgewinnung durch Thermo\u00f6l-W\u00e4rmetauscher.<\/p><\/div><\/div>\t\t\t\t\t\t\t\t<\/div>\n\t\t\t\t<\/div>\n\t\t\t\t<div class=\"elementor-element elementor-element-8b82712 elementor-widget elementor-widget-text-editor\" data-id=\"8b82712\" data-element_type=\"widget\" data-widget_type=\"text-editor.default\">\n\t\t\t\t<div class=\"elementor-widget-container\">\n\t\t\t\t\t\t\t\t\t<p style=\"text-align: left;\">Unser Projekt ROBE<\/p>\t\t\t\t\t\t\t\t<\/div>\n\t\t\t\t<\/div>\n\t\t\t\t<\/div>\n\t\t<div class=\"elementor-element elementor-element-6a62f637 e-con-full e-flex e-con e-child\" data-id=\"6a62f637\" data-element_type=\"container\">\n\t\t\t\t<div class=\"elementor-element elementor-element-134ff852 elementor-widget elementor-widget-image\" data-id=\"134ff852\" data-element_type=\"widget\" data-widget_type=\"image.default\">\n\t\t\t\t<div class=\"elementor-widget-container\">\n\t\t\t\t\t\t\t\t\t\t\t\t\t\t\t<img decoding=\"async\" width=\"800\" height=\"600\" src=\"https:\/\/relox.de\/wp-content\/uploads\/2024\/02\/Rode-002-1024x768.jpg\" class=\"attachment-large size-large wp-image-2139\" alt=\"\" srcset=\"https:\/\/relox.de\/wp-content\/uploads\/2024\/02\/Rode-002-1024x768.jpg 1024w, https:\/\/relox.de\/wp-content\/uploads\/2024\/02\/Rode-002-300x225.jpg 300w, https:\/\/relox.de\/wp-content\/uploads\/2024\/02\/Rode-002-768x576.jpg 768w, https:\/\/relox.de\/wp-content\/uploads\/2024\/02\/Rode-002-1536x1152.jpg 1536w, https:\/\/relox.de\/wp-content\/uploads\/2024\/02\/Rode-002-2048x1536.jpg 2048w, https:\/\/relox.de\/wp-content\/uploads\/2024\/02\/Rode-002-16x12.jpg 16w\" sizes=\"(max-width: 800px) 100vw, 800px\" \/>\t\t\t\t\t\t\t\t\t\t\t\t\t\t\t<\/div>\n\t\t\t\t<\/div>\n\t\t\t\t<\/div>\n\t\t\t\t\t<\/div>\n\t\t\t\t<\/div>\n\t\t<div class=\"elementor-element elementor-element-f3c1e44 e-flex e-con-boxed e-con e-child\" data-id=\"f3c1e44\" data-element_type=\"container\">\n\t\t\t\t\t<div class=\"e-con-inner\">\n\t\t<div class=\"elementor-element elementor-element-515d631 e-con-full e-flex e-con e-child\" data-id=\"515d631\" data-element_type=\"container\">\n\t\t\t\t<div class=\"elementor-element elementor-element-c8b50ad elementor-widget elementor-widget-text-editor\" data-id=\"c8b50ad\" data-element_type=\"widget\" data-widget_type=\"text-editor.default\">\n\t\t\t\t<div class=\"elementor-widget-container\">\n\t\t\t\t\t\t\t\t\t<div class=\"elementor-element elementor-element-f4e4de5 elementor-widget elementor-widget-text-editor\" data-id=\"f4e4de5\" data-element_type=\"widget\" data-widget_type=\"text-editor.default\"><div class=\"elementor-widget-container\"><p>REGENUS-RTO, 40,000 Nm\u00b3\/h in Litauen mit W\u00e4rmer\u00fcckgewinnung durch Warmwasser-W\u00e4rmetauscher und Adsorptionsk\u00e4lteanlage mit R\u00fcckk\u00fchlung.<\/p><\/div><\/div>\t\t\t\t\t\t\t\t<\/div>\n\t\t\t\t<\/div>\n\t\t\t\t<div class=\"elementor-element elementor-element-2e3bf68 elementor-widget elementor-widget-text-editor\" data-id=\"2e3bf68\" data-element_type=\"widget\" data-widget_type=\"text-editor.default\">\n\t\t\t\t<div class=\"elementor-widget-container\">\n\t\t\t\t\t\t\t\t\t<p style=\"text-align: left;\">Unser Projekt UMKA<\/p>\t\t\t\t\t\t\t\t<\/div>\n\t\t\t\t<\/div>\n\t\t\t\t<\/div>\n\t\t<div class=\"elementor-element elementor-element-3d64734 e-con-full e-flex e-con e-child\" data-id=\"3d64734\" data-element_type=\"container\">\n\t\t\t\t<div class=\"elementor-element elementor-element-4cbc302 elementor-widget elementor-widget-image\" data-id=\"4cbc302\" data-element_type=\"widget\" data-widget_type=\"image.default\">\n\t\t\t\t<div class=\"elementor-widget-container\">\n\t\t\t\t\t\t\t\t\t\t\t\t\t\t\t<img loading=\"lazy\" decoding=\"async\" width=\"800\" height=\"600\" src=\"https:\/\/relox.de\/wp-content\/uploads\/2024\/02\/UMKA-2040-1024x768.jpg\" class=\"attachment-large size-large wp-image-2140\" alt=\"\" srcset=\"https:\/\/relox.de\/wp-content\/uploads\/2024\/02\/UMKA-2040-1024x768.jpg 1024w, https:\/\/relox.de\/wp-content\/uploads\/2024\/02\/UMKA-2040-300x225.jpg 300w, https:\/\/relox.de\/wp-content\/uploads\/2024\/02\/UMKA-2040-768x576.jpg 768w, https:\/\/relox.de\/wp-content\/uploads\/2024\/02\/UMKA-2040-1536x1152.jpg 1536w, https:\/\/relox.de\/wp-content\/uploads\/2024\/02\/UMKA-2040-2048x1536.jpg 2048w, https:\/\/relox.de\/wp-content\/uploads\/2024\/02\/UMKA-2040-16x12.jpg 16w\" sizes=\"(max-width: 800px) 100vw, 800px\" \/>\t\t\t\t\t\t\t\t\t\t\t\t\t\t\t<\/div>\n\t\t\t\t<\/div>\n\t\t\t\t<\/div>\n\t\t\t\t\t<\/div>\n\t\t\t\t<\/div>\n\t\t\t\t<div class=\"elementor-element elementor-element-5473eeaa elementor-widget-divider--view-line elementor-widget elementor-widget-divider\" data-id=\"5473eeaa\" data-element_type=\"widget\" data-widget_type=\"divider.default\">\n\t\t\t\t<div class=\"elementor-widget-container\">\n\t\t\t\t\t\t\t<div class=\"elementor-divider\">\n\t\t\t<span class=\"elementor-divider-separator\">\n\t\t\t\t\t\t<\/span>\n\t\t<\/div>\n\t\t\t\t\t\t<\/div>\n\t\t\t\t<\/div>\n\t\t\t\t\t<\/div>\n\t\t\t\t<\/div>\n\t\t\t\t<\/div>\n\t\t","protected":false},"excerpt":{"rendered":"<p>ENERGIER\u00dcCKGEWINNUNG ENERGIE-R\u00dcCKGEWINNUNG RELOX ist kein \u201eend of the pipe\u201d-Lieferant. Vielmehr ist es unser Bestreben, die Kundenprozesse m\u00f6glichst vollst\u00e4ndig zu erfassen. Das Herzst\u00fcck unserer Konzeption ist der Energieverbund. Im Idealfall gibt es im Betrieb nur eine W\u00e4rmequelle: Die RTO-Anlage! Zur Nutzung der L\u00f6semittelw\u00e4rme liefert RELOX neben Warm- und Hei\u00dfwasser-W\u00e4rmetauscher auch Dampf- und Thermo\u00f6l erhitzes sowie ORC-Anlagen [&hellip;]<\/p>\n","protected":false},"author":1,"featured_media":0,"parent":0,"menu_order":0,"comment_status":"closed","ping_status":"closed","template":"","meta":{"_monsterinsights_skip_tracking":false,"_monsterinsights_sitenote_active":false,"_monsterinsights_sitenote_note":"","_monsterinsights_sitenote_category":0,"footnotes":""},"yoast_head":"<!-- This site is optimized with the Yoast SEO plugin v24.5 - https:\/\/yoast.com\/wordpress\/plugins\/seo\/ -->\n<title>Energier\u00fcckgewinnung - RELOX GRUPPE<\/title>\n<meta name=\"robots\" content=\"index, follow, max-snippet:-1, max-image-preview:large, max-video-preview:-1\" \/>\n<link rel=\"canonical\" href=\"https:\/\/relox.de\/de\/energierueckgewinnung\/\" \/>\n<meta property=\"og:locale\" content=\"de_DE\" \/>\n<meta property=\"og:type\" content=\"article\" \/>\n<meta property=\"og:title\" content=\"Energier\u00fcckgewinnung - RELOX GRUPPE\" \/>\n<meta property=\"og:description\" content=\"ENERGIER\u00dcCKGEWINNUNG ENERGIE-R\u00dcCKGEWINNUNG RELOX ist kein \u201eend of the pipe\u201d-Lieferant. Vielmehr ist es unser Bestreben, die Kundenprozesse m\u00f6glichst vollst\u00e4ndig zu erfassen. Das Herzst\u00fcck unserer Konzeption ist der Energieverbund. Im Idealfall gibt es im Betrieb nur eine W\u00e4rmequelle: Die RTO-Anlage! Zur Nutzung der L\u00f6semittelw\u00e4rme liefert RELOX neben Warm- und Hei\u00dfwasser-W\u00e4rmetauscher auch Dampf- und Thermo\u00f6l erhitzes sowie ORC-Anlagen [&hellip;]\" \/>\n<meta property=\"og:url\" content=\"https:\/\/relox.de\/de\/energierueckgewinnung\/\" \/>\n<meta property=\"og:site_name\" content=\"RELOX GRUPPE\" \/>\n<meta property=\"article:modified_time\" content=\"2024-04-11T08:32:27+00:00\" \/>\n<meta property=\"og:image\" content=\"https:\/\/relox.de\/wp-content\/uploads\/2024\/02\/EFI-2-002-1024x497.jpg\" \/>\n<meta name=\"twitter:card\" content=\"summary_large_image\" \/>\n<meta name=\"twitter:label1\" content=\"Gesch\u00e4tzte Lesezeit\" \/>\n\t<meta name=\"twitter:data1\" content=\"2 Minuten\" \/>\n<script type=\"application\/ld+json\" class=\"yoast-schema-graph\">{\"@context\":\"https:\/\/schema.org\",\"@graph\":[{\"@type\":\"WebPage\",\"@id\":\"https:\/\/relox.de\/energierueckgewinnung\/\",\"url\":\"https:\/\/relox.de\/energierueckgewinnung\/\",\"name\":\"Energier\u00fcckgewinnung - RELOX GRUPPE\",\"isPartOf\":{\"@id\":\"https:\/\/relox.de\/de\/#website\"},\"primaryImageOfPage\":{\"@id\":\"https:\/\/relox.de\/energierueckgewinnung\/#primaryimage\"},\"image\":{\"@id\":\"https:\/\/relox.de\/energierueckgewinnung\/#primaryimage\"},\"thumbnailUrl\":\"https:\/\/relox.de\/wp-content\/uploads\/2024\/02\/EFI-2-002-1024x497.jpg\",\"datePublished\":\"2024-02-12T10:16:18+00:00\",\"dateModified\":\"2024-04-11T08:32:27+00:00\",\"breadcrumb\":{\"@id\":\"https:\/\/relox.de\/energierueckgewinnung\/#breadcrumb\"},\"inLanguage\":\"de-DE\",\"potentialAction\":[{\"@type\":\"ReadAction\",\"target\":[\"https:\/\/relox.de\/energierueckgewinnung\/\"]}]},{\"@type\":\"ImageObject\",\"inLanguage\":\"de-DE\",\"@id\":\"https:\/\/relox.de\/energierueckgewinnung\/#primaryimage\",\"url\":\"https:\/\/relox.de\/wp-content\/uploads\/2024\/02\/EFI-2-002-1024x497.jpg\",\"contentUrl\":\"https:\/\/relox.de\/wp-content\/uploads\/2024\/02\/EFI-2-002-1024x497.jpg\"},{\"@type\":\"BreadcrumbList\",\"@id\":\"https:\/\/relox.de\/energierueckgewinnung\/#breadcrumb\",\"itemListElement\":[{\"@type\":\"ListItem\",\"position\":1,\"name\":\"Startseite\",\"item\":\"https:\/\/relox.de\/\"},{\"@type\":\"ListItem\",\"position\":2,\"name\":\"Energier\u00fcckgewinnung\"}]},{\"@type\":\"WebSite\",\"@id\":\"https:\/\/relox.de\/de\/#website\",\"url\":\"https:\/\/relox.de\/de\/\",\"name\":\"RELOX GRUPPE\",\"description\":\"Ihr Gewinn durch unsere Technik\",\"publisher\":{\"@id\":\"https:\/\/relox.de\/de\/#organization\"},\"potentialAction\":[{\"@type\":\"SearchAction\",\"target\":{\"@type\":\"EntryPoint\",\"urlTemplate\":\"https:\/\/relox.de\/de\/?s={search_term_string}\"},\"query-input\":{\"@type\":\"PropertyValueSpecification\",\"valueRequired\":true,\"valueName\":\"search_term_string\"}}],\"inLanguage\":\"de-DE\"},{\"@type\":\"Organization\",\"@id\":\"https:\/\/relox.de\/de\/#organization\",\"name\":\"RELOX AG\",\"url\":\"https:\/\/relox.de\/de\/\",\"logo\":{\"@type\":\"ImageObject\",\"inLanguage\":\"de-DE\",\"@id\":\"https:\/\/relox.de\/de\/#\/schema\/logo\/image\/\",\"url\":\"http:\/\/relox.de\/wp-content\/uploads\/2024\/02\/cropped-relox-logogo.png\",\"contentUrl\":\"http:\/\/relox.de\/wp-content\/uploads\/2024\/02\/cropped-relox-logogo.png\",\"width\":512,\"height\":512,\"caption\":\"RELOX AG\"},\"image\":{\"@id\":\"https:\/\/relox.de\/de\/#\/schema\/logo\/image\/\"}}]}<\/script>\n<!-- \/ Yoast SEO plugin. -->","yoast_head_json":{"title":"Energier\u00fcckgewinnung - RELOX GRUPPE","robots":{"index":"index","follow":"follow","max-snippet":"max-snippet:-1","max-image-preview":"max-image-preview:large","max-video-preview":"max-video-preview:-1"},"canonical":"https:\/\/relox.de\/de\/energierueckgewinnung\/","og_locale":"de_DE","og_type":"article","og_title":"Energier\u00fcckgewinnung - RELOX GRUPPE","og_description":"ENERGIER\u00dcCKGEWINNUNG ENERGIE-R\u00dcCKGEWINNUNG RELOX ist kein \u201eend of the pipe\u201d-Lieferant. Vielmehr ist es unser Bestreben, die Kundenprozesse m\u00f6glichst vollst\u00e4ndig zu erfassen. Das Herzst\u00fcck unserer Konzeption ist der Energieverbund. Im Idealfall gibt es im Betrieb nur eine W\u00e4rmequelle: Die RTO-Anlage! Zur Nutzung der L\u00f6semittelw\u00e4rme liefert RELOX neben Warm- und Hei\u00dfwasser-W\u00e4rmetauscher auch Dampf- und Thermo\u00f6l erhitzes sowie ORC-Anlagen [&hellip;]","og_url":"https:\/\/relox.de\/de\/energierueckgewinnung\/","og_site_name":"RELOX GRUPPE","article_modified_time":"2024-04-11T08:32:27+00:00","og_image":[{"url":"https:\/\/relox.de\/wp-content\/uploads\/2024\/02\/EFI-2-002-1024x497.jpg","type":"","width":"","height":""}],"twitter_card":"summary_large_image","twitter_misc":{"Gesch\u00e4tzte Lesezeit":"2 Minuten"},"schema":{"@context":"https:\/\/schema.org","@graph":[{"@type":"WebPage","@id":"https:\/\/relox.de\/energierueckgewinnung\/","url":"https:\/\/relox.de\/energierueckgewinnung\/","name":"Energier\u00fcckgewinnung - RELOX GRUPPE","isPartOf":{"@id":"https:\/\/relox.de\/de\/#website"},"primaryImageOfPage":{"@id":"https:\/\/relox.de\/energierueckgewinnung\/#primaryimage"},"image":{"@id":"https:\/\/relox.de\/energierueckgewinnung\/#primaryimage"},"thumbnailUrl":"https:\/\/relox.de\/wp-content\/uploads\/2024\/02\/EFI-2-002-1024x497.jpg","datePublished":"2024-02-12T10:16:18+00:00","dateModified":"2024-04-11T08:32:27+00:00","breadcrumb":{"@id":"https:\/\/relox.de\/energierueckgewinnung\/#breadcrumb"},"inLanguage":"de-DE","potentialAction":[{"@type":"ReadAction","target":["https:\/\/relox.de\/energierueckgewinnung\/"]}]},{"@type":"ImageObject","inLanguage":"de-DE","@id":"https:\/\/relox.de\/energierueckgewinnung\/#primaryimage","url":"https:\/\/relox.de\/wp-content\/uploads\/2024\/02\/EFI-2-002-1024x497.jpg","contentUrl":"https:\/\/relox.de\/wp-content\/uploads\/2024\/02\/EFI-2-002-1024x497.jpg"},{"@type":"BreadcrumbList","@id":"https:\/\/relox.de\/energierueckgewinnung\/#breadcrumb","itemListElement":[{"@type":"ListItem","position":1,"name":"Startseite","item":"https:\/\/relox.de\/"},{"@type":"ListItem","position":2,"name":"Energier\u00fcckgewinnung"}]},{"@type":"WebSite","@id":"https:\/\/relox.de\/de\/#website","url":"https:\/\/relox.de\/de\/","name":"RELOX GRUPPE","description":"Ihr Gewinn durch unsere Technik","publisher":{"@id":"https:\/\/relox.de\/de\/#organization"},"potentialAction":[{"@type":"SearchAction","target":{"@type":"EntryPoint","urlTemplate":"https:\/\/relox.de\/de\/?s={search_term_string}"},"query-input":{"@type":"PropertyValueSpecification","valueRequired":true,"valueName":"search_term_string"}}],"inLanguage":"de-DE"},{"@type":"Organization","@id":"https:\/\/relox.de\/de\/#organization","name":"RELOX AG","url":"https:\/\/relox.de\/de\/","logo":{"@type":"ImageObject","inLanguage":"de-DE","@id":"https:\/\/relox.de\/de\/#\/schema\/logo\/image\/","url":"http:\/\/relox.de\/wp-content\/uploads\/2024\/02\/cropped-relox-logogo.png","contentUrl":"http:\/\/relox.de\/wp-content\/uploads\/2024\/02\/cropped-relox-logogo.png","width":512,"height":512,"caption":"RELOX AG"},"image":{"@id":"https:\/\/relox.de\/de\/#\/schema\/logo\/image\/"}}]}},"_links":{"self":[{"href":"http:\/\/relox.de\/de\/wp-json\/wp\/v2\/pages\/470"}],"collection":[{"href":"http:\/\/relox.de\/de\/wp-json\/wp\/v2\/pages"}],"about":[{"href":"http:\/\/relox.de\/de\/wp-json\/wp\/v2\/types\/page"}],"author":[{"embeddable":true,"href":"http:\/\/relox.de\/de\/wp-json\/wp\/v2\/users\/1"}],"replies":[{"embeddable":true,"href":"http:\/\/relox.de\/de\/wp-json\/wp\/v2\/comments?post=470"}],"version-history":[{"count":92,"href":"http:\/\/relox.de\/de\/wp-json\/wp\/v2\/pages\/470\/revisions"}],"predecessor-version":[{"id":2831,"href":"http:\/\/relox.de\/de\/wp-json\/wp\/v2\/pages\/470\/revisions\/2831"}],"wp:attachment":[{"href":"http:\/\/relox.de\/de\/wp-json\/wp\/v2\/media?parent=470"}],"curies":[{"name":"wp","href":"https:\/\/api.w.org\/{rel}","templated":true}]}}